{"id":83418,"date":"2024-11-16T09:53:46","date_gmt":"2024-12-16T10:49:57","guid":{"rendered":"https:\/\/staging.nbg.eu\/product\/elcan-specterdr-1x-4x\/"},"modified":"2024-12-16T10:52:55","modified_gmt":"2024-12-16T10:52:55","slug":"elcan-specterdr-1x4x","status":"publish","type":"product","link":"https:\/\/staging.nbg.eu\/cs\/produkt\/elcan-specterdr-1x4x\/","title":{"rendered":"ELCAN SpecterDR 1x\/4x"},"content":{"rendered":"<h2>ELCAN SpecterDR 1x\/4x Optick\u00fd zam\u011b\u0159ova\u010d s du\u00e1ln\u00ed funkc\u00ed<\/h2>\n<p>ELCAN SpecterDR 1x\/4x 2024 \u2013 optick\u00fd zam\u011b\u0159ova\u010d s du\u00e1ln\u00edm zorn\u00fdm polem<\/p>\n<h2>Hlavn\u00ed vlastnosti:<\/h2>\n<ul>\n<li>Integrovan\u00e9 Picatinny li\u0161ty<\/li>\n<li>Oboustrann\u00e9 p\u00e1\u010dky pro zm\u011bnu zv\u011bt\u0161en\u00ed<\/li>\n<li>Vylep\u0161en\u00e9 kryty bateri\u00ed<\/li>\n<li>CERAKOTE\u00ae povrchov\u00e1 \u00faprava v \u010dern\u00e9 nebo hn\u011bd\u00e9 (FDE) barv\u011b<\/li>\n<li>Okam\u017eit\u00e9 p\u0159ep\u00edn\u00e1n\u00ed mezi 4x zv\u011bt\u0161en\u00edm a 1x CQB re\u017eimem<\/li>\n<li>Optimalizovan\u00e1 optick\u00e1 dr\u00e1ha a stejn\u00e1 vzd\u00e1lenost oka v obou re\u017eimech<\/li>\n<li>Osv\u011btlen\u00fd k\u0159\u00ed\u017e nebo \u010derven\u00fd st\u0159edov\u00fd bod<\/li>\n<li>\u0160irok\u00e9 zorn\u00e9 pole v re\u017eimu 1x<\/li>\n<li>\u010cist\u00fd obraz v re\u017eimu 4x<\/li>\n<\/ul>\n<h2>Z\u00e1m\u011brn\u00e9 osnovy:<\/h2>\n<ul>\n<li>5.56 (CX5395)<\/li>\n<li>7.62 (CX5396)<\/li>\n<\/ul>\n<h2>Technick\u00e9 specifikace:<\/h2>\n<ul>\n<li>Zv\u011bt\u0161en\u00ed: 4x \/ 1x<\/li>\n<li>Rozm\u011bry: 153mm x 68mm x 72mm (nomin\u00e1ln\u00ed)<\/li>\n<li>Hmotnost: 655g (nomin\u00e1ln\u00ed)<\/li>\n<li>Z\u00e1m\u011brn\u00e1 osnova: Dvojit\u00fd balistick\u00fd k\u0159\u00ed\u017e s voliteln\u00fdm \u010derven\u00fdm bodem<\/li>\n<li>Zorn\u00e9 pole: 26\u00b0 p\u0159i 1x, 6,5\u00b0 p\u0159i 4x<\/li>\n<li>Vzd\u00e1lenost oka: 70mm<\/li>\n<li>Baterie: CR2032 (3V lithiov\u00e1)<\/li>\n<li>V\u00fddr\u017e baterie: A\u017e 1730 hodin<\/li>\n<li>Rozsah nastaven\u00ed: 120 \u00fahlov\u00fdch minut<\/li>\n<\/ul>\n<h2>Voliteln\u00fd XOPTEK\u2122 Micro Reflex zam\u011b\u0159ova\u010d<\/h2>\n<p>Dopl\u0148te v\u00e1\u0161 SpecterDR 1-4 o XOPTEK\u2122 Micro Reflex zam\u011b\u0159ova\u010d, lehk\u00e9 za\u0159\u00edzen\u00ed pro rychl\u00e9 zam\u011b\u0159en\u00ed na bl\u00edzk\u00e9 a\u017e st\u0159edn\u00ed vzd\u00e1lenosti.<\/p>\n<p>ELCAN SpecterDR 1x\/4x je navr\u017een pro profesion\u00e1ln\u00ed pou\u017eit\u00ed, nab\u00edz\u00ed \u0159e\u0161en\u00ed pro st\u0159edn\u00ed vzd\u00e1lenosti i CQB situace.<\/p>\n","protected":false},"excerpt":{"rendered":"<p>ELCAN SpecterDR 1x\/4x: Dvoj\u00fa\u010delov\u00fd zam\u011b\u0159ova\u010d s okam\u017eit\u00fdm p\u0159ep\u00edn\u00e1n\u00edm zv\u011bt\u0161en\u00ed.<\/p>\n","protected":false},"featured_media":79334,"template":"","meta":{"_acf_changed":false},"product_brand":[11286],"product_cat":[12685,12653],"product_tag":[],"class_list":{"0":"post-83418","1":"product","2":"type-product","3":"status-publish","4":"has-post-thumbnail","6":"product_brand-elcan","7":"product_cat-mireni","8":"product_cat-zvetsujici-optika","10":"first","11":"instock","12":"taxable","13":"shipping-taxable","14":"purchasable","15":"product-type-variable","16":"wvs-archive-product-wrapper"},"acf":[],"_links":{"self":[{"href":"https:\/\/staging.nbg.eu\/cs\/wp-json\/wp\/v2\/product\/83418","targetHints":{"allow":["GET"]}}],"collection":[{"href":"https:\/\/staging.nbg.eu\/cs\/wp-json\/wp\/v2\/product"}],"about":[{"href":"https:\/\/staging.nbg.eu\/cs\/wp-json\/wp\/v2\/types\/product"}],"wp:featuredmedia":[{"embeddable":true,"href":"https:\/\/staging.nbg.eu\/cs\/wp-json\/wp\/v2\/media\/79334"}],"wp:attachment":[{"href":"https:\/\/staging.nbg.eu\/cs\/wp-json\/wp\/v2\/media?parent=83418"}],"wp:term":[{"taxonomy":"product_brand","embeddable":true,"href":"https:\/\/staging.nbg.eu\/cs\/wp-json\/wp\/v2\/product_brand?post=83418"},{"taxonomy":"product_cat","embeddable":true,"href":"https:\/\/staging.nbg.eu\/cs\/wp-json\/wp\/v2\/product_cat?post=83418"},{"taxonomy":"product_tag","embeddable":true,"href":"https:\/\/staging.nbg.eu\/cs\/wp-json\/wp\/v2\/product_tag?post=83418"}],"curies":[{"name":"wp","href":"https:\/\/api.w.org\/{rel}","templated":true}]}}