{"id":83370,"date":"2024-11-01T13:52:15","date_gmt":"2024-11-01T13:52:15","guid":{"rendered":"https:\/\/staging.nbg.eu\/product\/daa-target-bag-classic-ipsc-target\/"},"modified":"2024-12-16T09:55:09","modified_gmt":"2024-12-16T09:55:09","slug":"daa-taska-na-terce-classic-ipsc-terc","status":"publish","type":"product","link":"https:\/\/staging.nbg.eu\/cs\/produkt\/daa-taska-na-terce-classic-ipsc-terc\/","title":{"rendered":"DAA Ta\u0161ka na Ter\u010de, Classic (IPSC) ter\u010d"},"content":{"rendered":"<h2>DAA Ta\u0161ka na ter\u010de, Classic (IPSC)<\/h2>\n<p>Ta\u0161ka DAA na ter\u010de nab\u00edz\u00ed \u0159e\u0161en\u00ed pro p\u0159epravu ter\u010d\u016f. Tato polo\u017eka pro st\u0159elce obsahuje:<\/p>\n<ul>\n<li>Konstrukce z textilu D6000<\/li>\n<li>Hlavn\u00ed p\u0159ihr\u00e1dka pojme v\u00edce ne\u017e 20 ter\u010d\u016f IPSC klasick\u00e9 velikosti<\/li>\n<li>T\u0159i vn\u011bj\u0161\u00ed kapsy:\n<ul>\n<li>Kapsa na aplik\u00e1tor z\u00e1plat<\/li>\n<li>Kapsa na sponkova\u010dku<\/li>\n<li>Univerz\u00e1ln\u00ed kapsa na p\u00e1sku, sponky a n\u00e1stroje<\/li>\n<\/ul>\n<\/li>\n<li>Dva nastaviteln\u00e9 popruhy na h\u00e1ky kovov\u00fdch ter\u010d\u016f<\/li>\n<li>Ramenn\u00ed popruh a polstrovan\u00e9 madlo<\/li>\n<\/ul>\n<p>Umo\u017e\u0148uje organizovat vybaven\u00ed souvisej\u00edc\u00ed s ter\u010di v jedn\u00e9 p\u0159enosn\u00e9 ta\u0161ce. Uvol\u0148uje ruce pro p\u0159enos dal\u0161\u00edch ta\u0161ek a munice.<\/p>\n","protected":false},"excerpt":{"rendered":"<p>DAA ter\u010dov\u00fd vak: Organizujte a p\u0159en\u00e1\u0161ejte IPSC ter\u010de s lehkost\u00ed.<\/p>\n","protected":false},"featured_media":76223,"template":"","meta":{"_acf_changed":false},"product_brand":[11265],"product_cat":[12722,12676],"product_tag":[],"class_list":{"0":"post-83370","1":"product","2":"type-product","3":"status-publish","4":"has-post-thumbnail","6":"product_brand-doublealpha","7":"product_cat-strelecke-tasky","8":"product_cat-vybaveni","10":"first","11":"outofstock","12":"taxable","13":"shipping-taxable","14":"purchasable","15":"product-type-simple"},"acf":[],"_links":{"self":[{"href":"https:\/\/staging.nbg.eu\/cs\/wp-json\/wp\/v2\/product\/83370","targetHints":{"allow":["GET"]}}],"collection":[{"href":"https:\/\/staging.nbg.eu\/cs\/wp-json\/wp\/v2\/product"}],"about":[{"href":"https:\/\/staging.nbg.eu\/cs\/wp-json\/wp\/v2\/types\/product"}],"wp:featuredmedia":[{"embeddable":true,"href":"https:\/\/staging.nbg.eu\/cs\/wp-json\/wp\/v2\/media\/76223"}],"wp:attachment":[{"href":"https:\/\/staging.nbg.eu\/cs\/wp-json\/wp\/v2\/media?parent=83370"}],"wp:term":[{"taxonomy":"product_brand","embeddable":true,"href":"https:\/\/staging.nbg.eu\/cs\/wp-json\/wp\/v2\/product_brand?post=83370"},{"taxonomy":"product_cat","embeddable":true,"href":"https:\/\/staging.nbg.eu\/cs\/wp-json\/wp\/v2\/product_cat?post=83370"},{"taxonomy":"product_tag","embeddable":true,"href":"https:\/\/staging.nbg.eu\/cs\/wp-json\/wp\/v2\/product_tag?post=83370"}],"curies":[{"name":"wp","href":"https:\/\/api.w.org\/{rel}","templated":true}]}}