{"id":77431,"date":"2024-11-01T07:33:05","date_gmt":"2024-11-01T07:33:05","guid":{"rendered":"https:\/\/staging.nbg.eu\/product\/kmr-l-02-emiq\/"},"modified":"2024-11-04T13:33:26","modified_gmt":"2024-11-04T13:33:26","slug":"kmr-l-02-emiq","status":"publish","type":"product","link":"https:\/\/staging.nbg.eu\/cs\/produkt\/kmr-l-02-emiq\/","title":{"rendered":"KMR L-02 EMIQ"},"content":{"rendered":"<div class=\"product-description\">\n<h2>KMR L-02 EMIQ: P\u0159ipraven k sout\u011b\u017ei<\/h2>\n<p>KMR L-02 EMIQ je pistole navr\u017een\u00e1 pro praktick\u00e9 st\u0159eleck\u00e9 sout\u011b\u017ee. Tato zbra\u0148 kombinuje p\u0159esn\u00e9 in\u017een\u00fdrstv\u00ed s modern\u00edm p\u0159\u00edslu\u0161enstv\u00edm pro dosa\u017een\u00ed p\u0159esnosti a rychlosti.<\/p>\n<h2>Hlavn\u00ed vlastnosti:<\/h2>\n<ul>\n<li>5&#8243; t\u011b\u017ek\u00e1, dr\u00e1\u017ekovan\u00e1, nitridovan\u00e1 hlave\u0148 pro zlep\u0161en\u00ed p\u0159esnosti a odvodu tepla<\/li>\n<li>3+1 portov\u00fd kompenz\u00e1tor pro sn\u00ed\u017een\u00ed zdvihu \u00fast\u00ed a rychlej\u0161\u00ed n\u00e1sledn\u00e9 v\u00fdst\u0159ely<\/li>\n<li>CNC obr\u00e1b\u011bn\u00fd ocelov\u00fd r\u00e1m pro odolnost a stabilitu<\/li>\n<li>Mont\u00e1\u017e pro \u010derven\u00fd bod s ochranou proti z\u00e1blesku pro lep\u0161\u00ed zam\u011b\u0159ov\u00e1n\u00ed<\/li>\n<li>Nastaviteln\u00fd SA spou\u0161\u0165ov\u00fd mechanismus s vroubkovanou plochou spou\u0161t\u00ed pro p\u0159izp\u016fsobiteln\u00fd v\u00fdkon<\/li>\n<li>Vysokokapacitn\u00ed z\u00e1sobn\u00edky: 19+1 nebo 26+1 n\u00e1boj\u016f (9&#215;19, 9\u00d721)<\/li>\n<li>P\u0159\u00edslu\u0161enstv\u00ed KMR a syst\u00e9m stabilizace hlavn\u011b BRS pro optim\u00e1ln\u00ed v\u00fdkon<\/li>\n<\/ul>\n<h2>Specifikace:<\/h2>\n<ul>\n<li>R\u00e1\u017ee: 9&#215;19, 9&#215;21<\/li>\n<li>Celkov\u00e1 d\u00e9lka: 261 mm \/ 10,3 palce<\/li>\n<li>D\u00e9lka hlavn\u011b: 127 mm \/ 5 palc\u016f<\/li>\n<li>Hmotnost (bez z\u00e1sobn\u00edku): 1260 g \/ 44 unc\u00ed<\/li>\n<li>Odpor spou\u0161t\u011b: &gt; 13,5 N<\/li>\n<\/ul>\n<p>KMR L-02 EMIQ je vyr\u00e1b\u011bn na\u0161imi odborn\u00fdmi pu\u0161ka\u0159i, zaji\u0161\u0165uj\u00edc\u00edmi individu\u00e1ln\u00ed p\u00e9\u010di a pozornost k detail\u016fm. D\u00edky sv\u00fdm pokro\u010dil\u00fdm funkc\u00edm a ergonomick\u00e9mu designu v\u00e1m tato pistole umo\u017e\u0148uje p\u0159ekonat konkurenci.<\/p>\n<p>Zvolte KMR L-02 EMIQ a bu\u010fte p\u0159ipraveni sout\u011b\u017eit.<\/p>\n<\/div>\n","protected":false},"excerpt":{"rendered":"<p>Vysoce v\u00fdkonn\u00e1 sportovn\u00ed pistole s kompenz\u00e1torem pro sout\u011b\u017ee.<\/p>\n","protected":false},"featured_media":75828,"template":"","meta":{"_acf_changed":false},"product_brand":[11490],"product_cat":[12666],"product_tag":[],"class_list":{"0":"post-77431","1":"product","2":"type-product","3":"status-publish","4":"has-post-thumbnail","6":"product_brand-kmr-precision","7":"product_cat-pistole","9":"first","10":"outofstock","11":"taxable","12":"shipping-taxable","13":"product-type-simple"},"acf":[],"_links":{"self":[{"href":"https:\/\/staging.nbg.eu\/cs\/wp-json\/wp\/v2\/product\/77431","targetHints":{"allow":["GET"]}}],"collection":[{"href":"https:\/\/staging.nbg.eu\/cs\/wp-json\/wp\/v2\/product"}],"about":[{"href":"https:\/\/staging.nbg.eu\/cs\/wp-json\/wp\/v2\/types\/product"}],"wp:featuredmedia":[{"embeddable":true,"href":"https:\/\/staging.nbg.eu\/cs\/wp-json\/wp\/v2\/media\/75828"}],"wp:attachment":[{"href":"https:\/\/staging.nbg.eu\/cs\/wp-json\/wp\/v2\/media?parent=77431"}],"wp:term":[{"taxonomy":"product_brand","embeddable":true,"href":"https:\/\/staging.nbg.eu\/cs\/wp-json\/wp\/v2\/product_brand?post=77431"},{"taxonomy":"product_cat","embeddable":true,"href":"https:\/\/staging.nbg.eu\/cs\/wp-json\/wp\/v2\/product_cat?post=77431"},{"taxonomy":"product_tag","embeddable":true,"href":"https:\/\/staging.nbg.eu\/cs\/wp-json\/wp\/v2\/product_tag?post=77431"}],"curies":[{"name":"wp","href":"https:\/\/api.w.org\/{rel}","templated":true}]}}