{"id":75347,"date":"2024-10-30T18:50:16","date_gmt":"2024-11-01T09:25:49","guid":{"rendered":"https:\/\/staging.nbg.eu\/product\/rhh-081-owb-magazine\/"},"modified":"2024-11-01T09:28:08","modified_gmt":"2024-11-01T09:28:08","slug":"rhh-081-owb-zasobnik","status":"publish","type":"product","link":"https:\/\/staging.nbg.eu\/cs\/produkt\/rhh-081-owb-zasobnik\/","title":{"rendered":"Rhh .081 OWB Z\u00e1sobn\u00edk"},"content":{"rendered":"<div class=\"product-description\">\n<h2>Rhh .081 OWB Pouzdro na z\u00e1sobn\u00edk<\/h2>\n<p>Rhh .081 OWB pouzdro na z\u00e1sobn\u00edk je Kydexov\u00e9 pouzdro navr\u017een\u00e9 pro pohodl\u00ed a funk\u010dnost. Hlavn\u00ed vlastnosti zahrnuj\u00ed:<\/p>\n<ul>\n<li>2mm siln\u00e1 Kydexov\u00e1 konstrukce pro odolnost<\/li>\n<li>Tvarov\u00e1n\u00ed vysok\u00fdm tlakem pro p\u0159esn\u00e9 uchycen\u00ed z\u00e1sobn\u00edku<\/li>\n<li>Ostr\u00e9 z\u00e1hyby s hladk\u00fdmi ru\u010dn\u011b \u0159ezan\u00fdmi hranami<\/li>\n<li>Mo\u017enost v\u00fdb\u011bru barev<\/li>\n<li>R\u016fzn\u00e9 pozice no\u0161en\u00ed (9-7 hodin pro prav\u00e1ky)<\/li>\n<li>Vhodn\u00e9 pro st\u0159elnice, v\u00fdcvikov\u00e9 kurzy a sout\u011b\u017ee<\/li>\n<li>V\u00edce mo\u017enost\u00ed uchycen\u00ed na opasek: Klasick\u00e9 smy\u010dky, SpeedLoops nebo MOLLE klipy<\/li>\n<li>Voliteln\u00e1 ochrana proti potu<\/li>\n<li>Nastaviteln\u00fd \u00fachop<\/li>\n<\/ul>\n<p>Rhh .081 OWB pouzdro na z\u00e1sobn\u00edk nab\u00edz\u00ed dobrou retenci a snadn\u00e9 pou\u017eit\u00ed.<\/p>\n<\/div>\n","protected":false},"excerpt":{"rendered":"<p>Odoln\u00e9 Kydexov\u00e9 OWB pouzdro na 2 z\u00e1sobn\u00edky. P\u0159izp\u016fsobiteln\u00e9, bezpe\u010dn\u00e9 uchycen\u00ed.<\/p>\n","protected":false},"featured_media":74390,"template":"","meta":{"_acf_changed":false},"product_brand":[11630],"product_cat":[12652,12663],"product_tag":[],"class_list":{"0":"post-75347","1":"product","2":"type-product","3":"status-publish","4":"has-post-thumbnail","6":"product_brand-rh-holsters","7":"product_cat-drzaky-zasobniku","8":"product_cat-pouzdro","9":"pa_belt-size-40mm-cs","10":"pa_model-1911-cs","11":"pa_model-beretta-92x-cs","12":"pa_model-beretta-m9a3-cs","13":"pa_model-glock-17-22-31-cs","14":"pa_model-glock-19-23-32-cs","15":"pa_model-glock-26-27-cs","16":"pa_model-hk45-cs-2","17":"pa_model-sig-sauer-p226-bez-railu-cs","18":"pa_strong-hand-right-cs","20":"first","21":"instock","22":"taxable","23":"shipping-taxable","24":"purchasable","25":"product-type-variable","26":"wvs-archive-product-wrapper"},"acf":[],"_links":{"self":[{"href":"https:\/\/staging.nbg.eu\/cs\/wp-json\/wp\/v2\/product\/75347","targetHints":{"allow":["GET"]}}],"collection":[{"href":"https:\/\/staging.nbg.eu\/cs\/wp-json\/wp\/v2\/product"}],"about":[{"href":"https:\/\/staging.nbg.eu\/cs\/wp-json\/wp\/v2\/types\/product"}],"wp:featuredmedia":[{"embeddable":true,"href":"https:\/\/staging.nbg.eu\/cs\/wp-json\/wp\/v2\/media\/74390"}],"wp:attachment":[{"href":"https:\/\/staging.nbg.eu\/cs\/wp-json\/wp\/v2\/media?parent=75347"}],"wp:term":[{"taxonomy":"product_brand","embeddable":true,"href":"https:\/\/staging.nbg.eu\/cs\/wp-json\/wp\/v2\/product_brand?post=75347"},{"taxonomy":"product_cat","embeddable":true,"href":"https:\/\/staging.nbg.eu\/cs\/wp-json\/wp\/v2\/product_cat?post=75347"},{"taxonomy":"product_tag","embeddable":true,"href":"https:\/\/staging.nbg.eu\/cs\/wp-json\/wp\/v2\/product_tag?post=75347"}],"curies":[{"name":"wp","href":"https:\/\/api.w.org\/{rel}","templated":true}]}}