{"id":75318,"date":"2024-10-30T20:07:58","date_gmt":"2024-10-30T20:07:58","guid":{"rendered":"https:\/\/staging.nbg.eu\/product\/daa-hard-case-large-430\/"},"modified":"2024-11-01T09:07:23","modified_gmt":"2024-11-01T09:07:23","slug":"daa-pevne-pouzdro-velke-430","status":"publish","type":"product","link":"https:\/\/staging.nbg.eu\/cs\/produkt\/daa-pevne-pouzdro-velke-430\/","title":{"rendered":"DAA Pevn\u00e9 Pouzdro Velk\u00e9-430"},"content":{"rendered":"<div class=\"product-description\">\n<h2>DAA Pevn\u00fd kufr Velk\u00fd-430<\/h2>\n<p>DAA Pevn\u00fd kufr Velk\u00fd-430 s certifikac\u00ed IP67 poskytuje ochranu pro va\u0161e cennosti. Vhodn\u00fd pro st\u0159eln\u00e9 zbran\u011b, fotografick\u00e9 vybaven\u00ed, n\u00e1mo\u0159n\u00ed vybaven\u00ed a dal\u0161\u00ed. Tento kufr je konstruov\u00e1n pro extr\u00e9mn\u00ed podm\u00ednky.<\/p>\n<ul>\n<li>Vodot\u011bsn\u00e9 t\u011bsn\u011bn\u00ed a automatick\u00fd ventil pro vyrovn\u00e1v\u00e1n\u00ed tlaku<\/li>\n<li>Snadno otev\u00edrateln\u00e9 dvojit\u00e9 z\u00e1padky a otvory pro visac\u00ed z\u00e1mek<\/li>\n<li>Stohovateln\u00fd syst\u00e9m se z\u00e1mky a dodate\u010dn\u00fdmi upev\u0148ovac\u00edmi body<\/li>\n<li>Obsahuje 4d\u00edlnou p\u011bnovou sadu pro p\u0159izp\u016fsobiteln\u00fd interi\u00e9r<\/li>\n<li>K dispozici v \u010dern\u00e9 nebo oran\u017eov\u00e9 barv\u011b<\/li>\n<\/ul>\n<p>Vn\u011bj\u0161\u00ed rozm\u011bry: 464 x 366 x 176 mm (18,27 x 14,41 x 6,93 palc\u016f)<br \/>\n  Vnit\u0159n\u00ed rozm\u011bry: 426 x 290 x 159 mm (16,77 x 11,41 x 6,26 palc\u016f)<br \/>\n  Hmotnost: 3,1 kg<\/p>\n<\/div>\n","protected":false},"excerpt":{"rendered":"<p>Odoln\u00e9, vodot\u011bsn\u00e9 pouzdro pro cenn\u00e9 vybaven\u00ed. Certifikov\u00e1no IP67, univerz\u00e1ln\u00ed.<\/p>\n","protected":false},"featured_media":74465,"template":"","meta":{"_acf_changed":false},"product_brand":[11265],"product_cat":[12698,12676],"product_tag":[],"class_list":{"0":"post-75318","1":"product","2":"type-product","3":"status-publish","4":"has-post-thumbnail","6":"product_brand-doublealpha","7":"product_cat-prepravni-pouzdra","8":"product_cat-vybaveni","10":"first","11":"outofstock","12":"taxable","13":"shipping-taxable","14":"purchasable","15":"product-type-simple"},"acf":[],"_links":{"self":[{"href":"https:\/\/staging.nbg.eu\/cs\/wp-json\/wp\/v2\/product\/75318","targetHints":{"allow":["GET"]}}],"collection":[{"href":"https:\/\/staging.nbg.eu\/cs\/wp-json\/wp\/v2\/product"}],"about":[{"href":"https:\/\/staging.nbg.eu\/cs\/wp-json\/wp\/v2\/types\/product"}],"wp:featuredmedia":[{"embeddable":true,"href":"https:\/\/staging.nbg.eu\/cs\/wp-json\/wp\/v2\/media\/74465"}],"wp:attachment":[{"href":"https:\/\/staging.nbg.eu\/cs\/wp-json\/wp\/v2\/media?parent=75318"}],"wp:term":[{"taxonomy":"product_brand","embeddable":true,"href":"https:\/\/staging.nbg.eu\/cs\/wp-json\/wp\/v2\/product_brand?post=75318"},{"taxonomy":"product_cat","embeddable":true,"href":"https:\/\/staging.nbg.eu\/cs\/wp-json\/wp\/v2\/product_cat?post=75318"},{"taxonomy":"product_tag","embeddable":true,"href":"https:\/\/staging.nbg.eu\/cs\/wp-json\/wp\/v2\/product_tag?post=75318"}],"curies":[{"name":"wp","href":"https:\/\/api.w.org\/{rel}","templated":true}]}}