{"id":75301,"date":"2024-10-30T20:55:00","date_gmt":"2024-11-01T09:04:10","guid":{"rendered":"https:\/\/staging.nbg.eu\/product\/daa-hard-case-xl-505\/"},"modified":"2024-11-01T09:06:08","modified_gmt":"2024-11-01T09:06:08","slug":"daa-pevny-kufr-xl-505","status":"publish","type":"product","link":"https:\/\/staging.nbg.eu\/cs\/produkt\/daa-pevny-kufr-xl-505\/","title":{"rendered":"DAA pevny kufr XL-505"},"content":{"rendered":"<div class=\"product-description\">\n<h2>DAA Pevn\u00fd kufr XL-505<\/h2>\n<p>DAA Pevn\u00fd kufr XL-505 s certifikac\u00ed IP67 poskytuje ochranu pro va\u0161e cenn\u00e9 p\u0159edm\u011bty. Vhodn\u00fd pro st\u0159eln\u00e9 zbran\u011b, fotografick\u00e9 vybaven\u00ed, n\u00e1mo\u0159n\u00ed v\u00fdstroj a dal\u0161\u00ed. Tento kufr je navr\u017een pro odolnost v n\u00e1ro\u010dn\u00fdch podm\u00ednk\u00e1ch.<\/p>\n<ul>\n<li>Vod\u011bodoln\u00fd a prachot\u011bsn\u00fd design<\/li>\n<li>Konstrukce odoln\u00e1 proti n\u00e1raz\u016fm<\/li>\n<li>Automatick\u00fd ventil pro vyrovn\u00e1v\u00e1n\u00ed tlaku<\/li>\n<li>\u010cty\u0159i snadno otev\u00edrateln\u00e9 dvojit\u00e9 z\u00e1padky<\/li>\n<li>Rukoje\u0165 s m\u011bkk\u00fdm \u00fachopem a otvory pro dva visac\u00ed z\u00e1mky<\/li>\n<li>Stohovateln\u00fd syst\u00e9m se z\u00e1mkem<\/li>\n<li>P\u0159izp\u016fsobiteln\u00fd p\u011bnov\u00fd interi\u00e9r<\/li>\n<\/ul>\n<p>Dostupn\u00fd v \u010dern\u00e9 nebo oran\u017eov\u00e9 barv\u011b, XL-505 m\u00e1 vn\u011bj\u0161\u00ed rozm\u011bry 555 x 428 x 211 mm a v\u00e1\u017e\u00ed 4,1 kg. Tento kufr je \u0159e\u0161en\u00edm pro ochranu va\u0161eho vybaven\u00ed v r\u016fzn\u00fdch prost\u0159ed\u00edch.<\/p>\n<\/div>\n","protected":false},"excerpt":{"rendered":"<p>Odoln\u00e9, vodot\u011bsn\u00e9 pouzdro pro cenn\u00e9 vybaven\u00ed. P\u0159izp\u016fsobiteln\u00fd p\u011bnov\u00fd interi\u00e9r.<\/p>\n","protected":false},"featured_media":74696,"template":"","meta":{"_acf_changed":false},"product_brand":[11265],"product_cat":[12698,12676],"product_tag":[],"class_list":{"0":"post-75301","1":"product","2":"type-product","3":"status-publish","4":"has-post-thumbnail","6":"product_brand-doublealpha","7":"product_cat-prepravni-pouzdra","8":"product_cat-vybaveni","10":"first","11":"instock","12":"taxable","13":"shipping-taxable","14":"purchasable","15":"product-type-simple"},"acf":[],"_links":{"self":[{"href":"https:\/\/staging.nbg.eu\/cs\/wp-json\/wp\/v2\/product\/75301","targetHints":{"allow":["GET"]}}],"collection":[{"href":"https:\/\/staging.nbg.eu\/cs\/wp-json\/wp\/v2\/product"}],"about":[{"href":"https:\/\/staging.nbg.eu\/cs\/wp-json\/wp\/v2\/types\/product"}],"wp:featuredmedia":[{"embeddable":true,"href":"https:\/\/staging.nbg.eu\/cs\/wp-json\/wp\/v2\/media\/74696"}],"wp:attachment":[{"href":"https:\/\/staging.nbg.eu\/cs\/wp-json\/wp\/v2\/media?parent=75301"}],"wp:term":[{"taxonomy":"product_brand","embeddable":true,"href":"https:\/\/staging.nbg.eu\/cs\/wp-json\/wp\/v2\/product_brand?post=75301"},{"taxonomy":"product_cat","embeddable":true,"href":"https:\/\/staging.nbg.eu\/cs\/wp-json\/wp\/v2\/product_cat?post=75301"},{"taxonomy":"product_tag","embeddable":true,"href":"https:\/\/staging.nbg.eu\/cs\/wp-json\/wp\/v2\/product_tag?post=75301"}],"curies":[{"name":"wp","href":"https:\/\/api.w.org\/{rel}","templated":true}]}}