{"id":74918,"date":"2024-10-21T09:31:15","date_gmt":"2024-10-31T11:14:54","guid":{"rendered":"https:\/\/staging.nbg.eu\/product\/grips-kmr-s-dotmatrix-ergo-silver\/"},"modified":"2024-10-31T11:16:46","modified_gmt":"2024-10-31T11:16:46","slug":"stridla-kmr-s-dotmatrix-ergo-stribrne","status":"publish","type":"product","link":"https:\/\/staging.nbg.eu\/cs\/produkt\/stridla-kmr-s-dotmatrix-ergo-stribrne\/","title":{"rendered":"Stridla KMR S DotMatrix &#8211; Ergo stribrne"},"content":{"rendered":"<h2>GRIPS KMR S DotMatrix &#8211; Ergo St\u0159\u00edbrn\u00e9<\/h2>\n<p>Tyto dlouh\u00e9 rukojeti pro pistoli KMR S-02 jsou vyrobeny z eloxovan\u00e9ho duralu. Maj\u00ed ergonomick\u00fd design a vzor golfov\u00e9ho m\u00ed\u010dku pro lep\u0161\u00ed \u00fachop a ovl\u00e1d\u00e1n\u00ed.<\/p>\n<ul>\n<li>Kompatibiln\u00ed pouze s r\u00e1mem KMR S-02 (\u0161\u00ed\u0159ka 26mm)<\/li>\n<li>Vyrobeno z eloxovan\u00e9ho duralu pro odolnost a n\u00edzkou hmotnost<\/li>\n<li>Ergonomick\u00fd design pro lep\u0161\u00ed manipulaci a pohodl\u00ed<\/li>\n<li>Textura ve vzoru golfov\u00e9ho m\u00ed\u010dku pro lep\u0161\u00ed \u00fachop za v\u0161ech podm\u00ednek<\/li>\n<li>St\u0159\u00edbrn\u00e1 povrchov\u00e1 \u00faprava s logem KMR<\/li>\n<li>Obsahuje torx \u0161rouby pro snadnou instalaci<\/li>\n<\/ul>\n<p>Tyto rukojeti jsou navr\u017eeny speci\u00e1ln\u011b pro pistoli KMR S-02 .22 LR. Nejsou kompatibiln\u00ed s r\u00e1my W-02 nebo L-02.<\/p>\n<dl class=\"data-sheet\">\n<dt class=\"name\">Pro zbran\u011b KMR<\/dt>\n<dd class=\"value\">KMR S-01 LANCE (OR)<br \/>\nKMR S-02 DO ROKU 2023<\/dd>\n<dt class=\"name\">V\u00fdb\u011br podle zbran\u00ed CZ<\/dt>\n<dd class=\"value\">CZ SHADOW 1<br \/>\nCZ SHADOW 2<br \/>\nCZ SHADOW 2 (OR)<br \/>\nCZ SP-01<\/dd>\n<\/dl>\n","protected":false},"excerpt":{"rendered":"<p>Ergonomick\u00e9 st\u0159\u00edbrn\u00e9 rukojeti pro pistole KMR S-02.<br \/>\n0611-03001-0102<\/p>\n","protected":false},"featured_media":73840,"template":"","meta":{"_acf_changed":false},"product_brand":[11490],"product_cat":[12661],"product_tag":[],"class_list":{"0":"post-74918","1":"product","2":"type-product","3":"status-publish","4":"has-post-thumbnail","6":"product_brand-kmr-precision","7":"product_cat-kmr-dily","9":"first","10":"instock","11":"taxable","12":"shipping-taxable","13":"purchasable","14":"product-type-simple"},"acf":[],"_links":{"self":[{"href":"https:\/\/staging.nbg.eu\/cs\/wp-json\/wp\/v2\/product\/74918","targetHints":{"allow":["GET"]}}],"collection":[{"href":"https:\/\/staging.nbg.eu\/cs\/wp-json\/wp\/v2\/product"}],"about":[{"href":"https:\/\/staging.nbg.eu\/cs\/wp-json\/wp\/v2\/types\/product"}],"wp:featuredmedia":[{"embeddable":true,"href":"https:\/\/staging.nbg.eu\/cs\/wp-json\/wp\/v2\/media\/73840"}],"wp:attachment":[{"href":"https:\/\/staging.nbg.eu\/cs\/wp-json\/wp\/v2\/media?parent=74918"}],"wp:term":[{"taxonomy":"product_brand","embeddable":true,"href":"https:\/\/staging.nbg.eu\/cs\/wp-json\/wp\/v2\/product_brand?post=74918"},{"taxonomy":"product_cat","embeddable":true,"href":"https:\/\/staging.nbg.eu\/cs\/wp-json\/wp\/v2\/product_cat?post=74918"},{"taxonomy":"product_tag","embeddable":true,"href":"https:\/\/staging.nbg.eu\/cs\/wp-json\/wp\/v2\/product_tag?post=74918"}],"curies":[{"name":"wp","href":"https:\/\/api.w.org\/{rel}","templated":true}]}}