{"id":74808,"date":"2024-10-21T09:29:53","date_gmt":"2024-10-31T10:54:36","guid":{"rendered":"https:\/\/staging.nbg.eu\/product\/grips-kmr-s-dotmatrix-black\/"},"modified":"2024-10-31T10:56:29","modified_gmt":"2024-10-31T10:56:29","slug":"stridla-kmr-s-dotmatrix-cerne","status":"publish","type":"product","link":"https:\/\/staging.nbg.eu\/cs\/produkt\/stridla-kmr-s-dotmatrix-cerne\/","title":{"rendered":"Stridla KMR S DotMatrix &#8211; cerne"},"content":{"rendered":"<div class=\"product-description\">\n<h2>GRIPS KMR S DotMatrix &#8211; \u010cern\u00e9<\/h2>\n<p>GRIPS KMR S DotMatrix v \u010dern\u00e9 barv\u011b. Tyto odoln\u00e9 gripy maj\u00ed strukturovan\u00fd povrch pro pevn\u00e9 dr\u017een\u00ed. Vhodn\u00e9 pro vylep\u0161en\u00ed st\u00e1vaj\u00edc\u00ed pistole nebo pro z\u00e1vodn\u00ed st\u0159elbu.<\/p>\n<h3>Hlavn\u00ed vlastnosti:<\/h3>\n<ul>\n<li>Dlouh\u00e1 velikost<\/li>\n<li>Vyrobeno z eloxovan\u00e9ho duralu<\/li>\n<li>Povrch s golfov\u00fdm vzorem<\/li>\n<li>Navr\u017eeno pro pou\u017eit\u00ed bez vod\u00edtka z\u00e1sobn\u00edku<\/li>\n<li>Obsahuje torx \u0161rouby pro snadnou instalaci<\/li>\n<li>S logem KMR<\/li>\n<\/ul>\n<p>Kompatibiln\u00ed pouze s modely KMR S-02 s 26mm \u0161irok\u00fdm hlin\u00edkov\u00fdm r\u00e1mem. Nen\u00ed vhodn\u00e9 pro r\u00e1my W-02 nebo L-02. Pro KMR S-02 .22 LR pistole.<\/p>\n<\/div>\n<dl class=\"data-sheet\">\n<dt class=\"name\">Pro zbran\u011b KMR<\/dt>\n<dd class=\"value\">KMR S-01 LANCE (OR)<br \/>\nKMR S-02 DO ROKU 2023<\/dd>\n<dt class=\"name\">V\u00fdb\u011br pro zbran\u011b CZ<\/dt>\n<dd class=\"value\">CZ SHADOW 1<br \/>\nCZ SHADOW 2<br \/>\nCZ SHADOW 2 (OR)<br \/>\nCZ SP-01<\/dd>\n<\/dl>\n","protected":false},"excerpt":{"rendered":"<p>Odoln\u00e9 eloxovan\u00e9 duralov\u00e9 pistolov\u00e9 rukojeti. Agresivn\u00ed textura.<\/p>\n<p>0611-02801-0101<\/p>\n","protected":false},"featured_media":73816,"template":"","meta":{"_acf_changed":false},"product_brand":[11490],"product_cat":[12661],"product_tag":[],"class_list":{"0":"post-74808","1":"product","2":"type-product","3":"status-publish","4":"has-post-thumbnail","6":"product_brand-kmr-precision","7":"product_cat-kmr-dily","9":"first","10":"instock","11":"taxable","12":"shipping-taxable","13":"purchasable","14":"product-type-simple"},"acf":[],"_links":{"self":[{"href":"https:\/\/staging.nbg.eu\/cs\/wp-json\/wp\/v2\/product\/74808","targetHints":{"allow":["GET"]}}],"collection":[{"href":"https:\/\/staging.nbg.eu\/cs\/wp-json\/wp\/v2\/product"}],"about":[{"href":"https:\/\/staging.nbg.eu\/cs\/wp-json\/wp\/v2\/types\/product"}],"wp:featuredmedia":[{"embeddable":true,"href":"https:\/\/staging.nbg.eu\/cs\/wp-json\/wp\/v2\/media\/73816"}],"wp:attachment":[{"href":"https:\/\/staging.nbg.eu\/cs\/wp-json\/wp\/v2\/media?parent=74808"}],"wp:term":[{"taxonomy":"product_brand","embeddable":true,"href":"https:\/\/staging.nbg.eu\/cs\/wp-json\/wp\/v2\/product_brand?post=74808"},{"taxonomy":"product_cat","embeddable":true,"href":"https:\/\/staging.nbg.eu\/cs\/wp-json\/wp\/v2\/product_cat?post=74808"},{"taxonomy":"product_tag","embeddable":true,"href":"https:\/\/staging.nbg.eu\/cs\/wp-json\/wp\/v2\/product_tag?post=74808"}],"curies":[{"name":"wp","href":"https:\/\/api.w.org\/{rel}","templated":true}]}}