{"id":74354,"date":"2024-10-19T08:43:18","date_gmt":"2024-10-19T08:43:18","guid":{"rendered":"https:\/\/staging.nbg.eu\/product\/sg-timer-go\/"},"modified":"2025-10-01T15:34:06","modified_gmt":"2025-10-01T12:34:06","slug":"sg-timer-go","status":"publish","type":"product","link":"https:\/\/staging.nbg.eu\/cs\/produkt\/sg-timer-go\/","title":{"rendered":"SG Timer Go"},"content":{"rendered":"<h2>SG Timer Go: \u010casova\u010d<\/h2>\n<p>SG Timer Go je kompaktn\u00ed za\u0159\u00edzen\u00ed s pokro\u010dilou technologi\u00ed. Obsahuje stejn\u00fd chytr\u00fd senzor a rozpozn\u00e1vac\u00ed algoritmy jako p\u0159edchoz\u00ed model.<\/p>\n<h2>Hlavn\u00ed funkce:<\/h2>\n<ul>\n<li>Bluetooth p\u0159ipojen\u00ed<\/li>\n<li>Kompatibilita s aplikac\u00ed pro cvi\u010den\u00ed<\/li>\n<li>Detekce st\u0159elby na sucho s zp\u011btnou vazbou<\/li>\n<li>Filtrov\u00e1n\u00ed ozv\u011bny pro p\u0159esnou detekci v\u00fdst\u0159el\u016f<\/li>\n<li>Vestav\u011bn\u00e1 pam\u011b\u0165 pro 1 000 000 v\u00fdst\u0159el\u016f<\/li>\n<li>Nastaviteln\u00e9 PAR \u010dasy<\/li>\n<li>Nastaviteln\u00e1 citlivost pro v\u0161echny r\u00e1\u017ee<\/li>\n<li>Nastaviteln\u00e1 hlasitost (5-100)<\/li>\n<li>&#8222;\u0160pion\u00e1\u017en\u00ed re\u017eim&#8220; pro synchronizaci s jin\u00fdmi \u010dasova\u010di<\/li>\n<\/ul>\n<h2>Konstrukce:<\/h2>\n<ul>\n<li>Displej na horn\u00ed stran\u011b<\/li>\n<li>Rozhran\u00ed se dv\u011bma tla\u010d\u00edtky<\/li>\n<li>Rychloup\u00ednac\u00ed spona na opasek<\/li>\n<li>Kapesn\u00ed klip<\/li>\n<\/ul>\n<h2>V\u00fddr\u017e:<\/h2>\n<p>A\u017e 80 hodin nep\u0159etr\u017eit\u00e9ho provozu na jedno nabit\u00ed, USB-C port pro nab\u00edjen\u00ed.<\/p>\n<p>SG Timer Go kombinuje jednoduchost a pokro\u010dil\u00e9 funkce pro st\u0159elbu.<\/p>\n","protected":false},"excerpt":{"rendered":"<p>Kompaktn\u00ed chytr\u00fd \u010dasova\u010d st\u0159elby s Bluetooth, pokro\u010dil\u00fdmi funkcemi a dlouhou v\u00fddr\u017e\u00ed baterie.<\/p>\n","protected":false},"featured_media":73212,"template":"","meta":{"_acf_changed":false},"product_brand":[11791],"product_cat":[12689,12676],"product_tag":[],"class_list":{"0":"post-74354","1":"product","2":"type-product","3":"status-publish","4":"has-post-thumbnail","6":"product_brand-shooters-global","7":"product_cat-casovace-strelby","8":"product_cat-vybaveni","10":"first","11":"outofstock","12":"taxable","13":"shipping-taxable","14":"purchasable","15":"product-type-simple"},"acf":[],"_links":{"self":[{"href":"https:\/\/staging.nbg.eu\/cs\/wp-json\/wp\/v2\/product\/74354","targetHints":{"allow":["GET"]}}],"collection":[{"href":"https:\/\/staging.nbg.eu\/cs\/wp-json\/wp\/v2\/product"}],"about":[{"href":"https:\/\/staging.nbg.eu\/cs\/wp-json\/wp\/v2\/types\/product"}],"wp:featuredmedia":[{"embeddable":true,"href":"https:\/\/staging.nbg.eu\/cs\/wp-json\/wp\/v2\/media\/73212"}],"wp:attachment":[{"href":"https:\/\/staging.nbg.eu\/cs\/wp-json\/wp\/v2\/media?parent=74354"}],"wp:term":[{"taxonomy":"product_brand","embeddable":true,"href":"https:\/\/staging.nbg.eu\/cs\/wp-json\/wp\/v2\/product_brand?post=74354"},{"taxonomy":"product_cat","embeddable":true,"href":"https:\/\/staging.nbg.eu\/cs\/wp-json\/wp\/v2\/product_cat?post=74354"},{"taxonomy":"product_tag","embeddable":true,"href":"https:\/\/staging.nbg.eu\/cs\/wp-json\/wp\/v2\/product_tag?post=74354"}],"curies":[{"name":"wp","href":"https:\/\/api.w.org\/{rel}","templated":true}]}}