{"id":74293,"date":"2024-10-18T19:29:44","date_gmt":"2024-10-30T09:17:15","guid":{"rendered":"https:\/\/staging.nbg.eu\/product\/nitehog-viper-50-next-thermal-clip-on\/"},"modified":"2024-10-30T09:19:44","modified_gmt":"2024-10-30T09:19:44","slug":"nitehog-viper-50-next-termalni-nadstavec","status":"publish","type":"product","link":"https:\/\/staging.nbg.eu\/cs\/produkt\/nitehog-viper-50-next-termalni-nadstavec\/","title":{"rendered":"NiteHog Viper 50 Next termalni nadstavec"},"content":{"rendered":"<h2>NiteHog Viper 50 Next Term\u00e1ln\u00ed Nasazovac\u00ed P\u0159\u00edstroj<\/h2>\n<p>Viper 50 Next je kompaktn\u00ed a lehk\u00fd nasazovac\u00ed p\u0159\u00edstroj, kter\u00fd vylep\u0161uje va\u0161i optiku.<\/p>\n<h2>Hlavn\u00ed vlastnosti:<\/h2>\n<ul>\n<li>Ohniskov\u00e1 vzd\u00e1lenost 50 mm pro detekci a rozpozn\u00e1v\u00e1n\u00ed na velkou vzd\u00e1lenost<\/li>\n<li>60 Hz zobrazov\u00e1n\u00ed v re\u00e1ln\u00e9m \u010dase<\/li>\n<li>Kompaktn\u00ed design s hmotnost\u00ed 295 gram\u016f<\/li>\n<li>Snadn\u00e9 p\u0159ipevn\u011bn\u00ed na denn\u00ed optick\u00e9 zam\u011b\u0159ova\u010de<\/li>\n<li>Detek\u010dn\u00ed vzd\u00e1lenost a\u017e 2160 metr\u016f<\/li>\n<li>Modul A-Core pro kvalitn\u00ed obraz<\/li>\n<li>Displej s rozli\u0161en\u00edm 1024&#215;768 pixel\u016f<\/li>\n<li>Certifikace vodot\u011bsnosti IP66<\/li>\n<li>5 hodin v\u00fddr\u017e baterie se standardn\u00ed bateri\u00ed 18650<\/li>\n<li>V\u00edce re\u017eim\u016f zobrazen\u00ed: White Hot, Black Hot, Red Hot, Auto Isotherm, Isotherm, Rainbow a Ironbow<\/li>\n<\/ul>\n<p>Viper 50 Next kombinuje p\u0159esn\u00e9 in\u017een\u00fdrstv\u00ed s modern\u00ed technologi\u00ed pro p\u0159esnost v n\u00e1ro\u010dn\u00fdch podm\u00ednk\u00e1ch. M\u00e1 germanium objektiv a 12mikronov\u00fd senzor pro kvalitn\u00ed obraz a u\u017eivatelsky p\u0159\u00edv\u011btiv\u00e9 rozhran\u00ed pro snadn\u00e9 ovl\u00e1d\u00e1n\u00ed.<\/p>\n<p>NiteHog Viper 50 Next je vhodn\u00fd pro profesion\u00e1ly i nad\u0161ence.<\/p>\n","protected":false},"excerpt":{"rendered":"<p>Kompaktn\u00ed termovizn\u00ed p\u0159eds\u00e1dka s 50mm objektivem pro detekci na dlouh\u00e9 vzd\u00e1lenosti.<\/p>\n","protected":false},"featured_media":72025,"template":"","meta":{"_acf_changed":false},"product_brand":[11583],"product_cat":[12685,12640],"product_tag":[],"class_list":{"0":"post-74293","1":"product","2":"type-product","3":"status-publish","4":"has-post-thumbnail","6":"product_brand-nitehog","7":"product_cat-mireni","8":"product_cat-termalni","10":"first","11":"instock","12":"taxable","13":"shipping-taxable","14":"purchasable","15":"product-type-simple"},"acf":[],"_links":{"self":[{"href":"https:\/\/staging.nbg.eu\/cs\/wp-json\/wp\/v2\/product\/74293","targetHints":{"allow":["GET"]}}],"collection":[{"href":"https:\/\/staging.nbg.eu\/cs\/wp-json\/wp\/v2\/product"}],"about":[{"href":"https:\/\/staging.nbg.eu\/cs\/wp-json\/wp\/v2\/types\/product"}],"wp:featuredmedia":[{"embeddable":true,"href":"https:\/\/staging.nbg.eu\/cs\/wp-json\/wp\/v2\/media\/72025"}],"wp:attachment":[{"href":"https:\/\/staging.nbg.eu\/cs\/wp-json\/wp\/v2\/media?parent=74293"}],"wp:term":[{"taxonomy":"product_brand","embeddable":true,"href":"https:\/\/staging.nbg.eu\/cs\/wp-json\/wp\/v2\/product_brand?post=74293"},{"taxonomy":"product_cat","embeddable":true,"href":"https:\/\/staging.nbg.eu\/cs\/wp-json\/wp\/v2\/product_cat?post=74293"},{"taxonomy":"product_tag","embeddable":true,"href":"https:\/\/staging.nbg.eu\/cs\/wp-json\/wp\/v2\/product_tag?post=74293"}],"curies":[{"name":"wp","href":"https:\/\/api.w.org\/{rel}","templated":true}]}}