{"id":74270,"date":"2024-10-20T10:20:59","date_gmt":"2024-10-30T09:02:33","guid":{"rendered":"https:\/\/staging.nbg.eu\/product\/fully-adjustable-rear-sight-kmr\/"},"modified":"2024-10-30T09:04:32","modified_gmt":"2024-10-30T09:04:32","slug":"plne-nastavitelne-zamiridlo-kmr","status":"publish","type":"product","link":"https:\/\/staging.nbg.eu\/cs\/produkt\/plne-nastavitelne-zamiridlo-kmr\/","title":{"rendered":"Plne nastavitelne zamiridlo KMR"},"content":{"rendered":"<div class=\"product-description\">\n<h2>Pln\u011b nastaviteln\u00fd zadn\u00ed m\u00ed\u0159idlo pro KMR<\/h2>\n<p>Zadn\u00ed m\u00ed\u0159idlo navr\u017een\u00e9 pro modely KMR a CZ. Toto m\u00ed\u0159idlo nab\u00edz\u00ed:<\/p>\n<ul>\n<li>Kompatibilita s CZ SP01 Shadow 1 a CZ Shadow 2<\/li>\n<li>Vhodn\u00e9 pro p\u0159edn\u00ed m\u00ed\u0159idla s v\u00fd\u0161kou 7,5-8,0 mm<\/li>\n<li>Nastaven\u00ed pro p\u0159esnost<\/li>\n<li>Odoln\u00e1 konstrukce<\/li>\n<\/ul>\n<p>M\u00ed\u0159idlo pro zlep\u0161en\u00ed zam\u011b\u0159ov\u00e1n\u00ed a st\u0159elby. Pozn\u00e1mka: Nen\u00ed kompatibiln\u00ed s modely CZ 75 TS.<\/p>\n<p>Nastaviteln\u00e9 zadn\u00ed m\u00ed\u0159idlo pro pistole KMR nebo CZ.<\/p>\n<\/div>\n","protected":false},"excerpt":{"rendered":"<p>P\u0159esn\u00e9 zadn\u00ed m\u00ed\u0159idlo pro KMR a CZ.<\/p>\n","protected":false},"featured_media":73514,"template":"","meta":{"_acf_changed":false},"product_brand":[],"product_cat":[12661],"product_tag":[],"class_list":{"0":"post-74270","1":"product","2":"type-product","3":"status-publish","4":"has-post-thumbnail","6":"product_cat-kmr-dily","8":"first","9":"instock","10":"taxable","11":"shipping-taxable","12":"purchasable","13":"product-type-simple"},"acf":[],"_links":{"self":[{"href":"https:\/\/staging.nbg.eu\/cs\/wp-json\/wp\/v2\/product\/74270","targetHints":{"allow":["GET"]}}],"collection":[{"href":"https:\/\/staging.nbg.eu\/cs\/wp-json\/wp\/v2\/product"}],"about":[{"href":"https:\/\/staging.nbg.eu\/cs\/wp-json\/wp\/v2\/types\/product"}],"wp:featuredmedia":[{"embeddable":true,"href":"https:\/\/staging.nbg.eu\/cs\/wp-json\/wp\/v2\/media\/73514"}],"wp:attachment":[{"href":"https:\/\/staging.nbg.eu\/cs\/wp-json\/wp\/v2\/media?parent=74270"}],"wp:term":[{"taxonomy":"product_brand","embeddable":true,"href":"https:\/\/staging.nbg.eu\/cs\/wp-json\/wp\/v2\/product_brand?post=74270"},{"taxonomy":"product_cat","embeddable":true,"href":"https:\/\/staging.nbg.eu\/cs\/wp-json\/wp\/v2\/product_cat?post=74270"},{"taxonomy":"product_tag","embeddable":true,"href":"https:\/\/staging.nbg.eu\/cs\/wp-json\/wp\/v2\/product_tag?post=74270"}],"curies":[{"name":"wp","href":"https:\/\/api.w.org\/{rel}","templated":true}]}}