{"id":74248,"date":"2024-10-18T20:29:49","date_gmt":"2024-10-18T20:29:49","guid":{"rendered":"https:\/\/staging.nbg.eu\/product\/sg-pulse-electronic-level-picatinny-m-lok\/"},"modified":"2024-10-30T09:02:43","modified_gmt":"2024-10-30T09:02:43","slug":"sg-pulse-elektronicka-vodovaha-picatinny-m-lok","status":"publish","type":"product","link":"https:\/\/staging.nbg.eu\/cs\/produkt\/sg-pulse-elektronicka-vodovaha-picatinny-m-lok\/","title":{"rendered":"SG PULSE elektronicka vodovaha PICATINNY + M-LOK"},"content":{"rendered":"<h2>SG PULSE ELEKTRONICK\u00c1 VODOV\u00c1HA PICATINNY + M-LOK<\/h2>\n<p>SG PULSE ELEKTRONICK\u00c1 VODOV\u00c1HA je za\u0159\u00edzen\u00ed pro p\u0159esn\u00e9 vertik\u00e1ln\u00ed zarovn\u00e1n\u00ed, kter\u00e9 odstra\u0148uje horizont\u00e1ln\u00ed drift pro p\u0159esn\u00e9 st\u0159ely. M\u00e1 jasn\u00e9 LED diody pro zp\u011btnou vazbu perifern\u00edho vid\u011bn\u00ed a mo\u017enosti vlastn\u00ed kalibrace.<\/p>\n<ul>\n<li>Digit\u00e1ln\u00ed vodov\u00e1ha proti n\u00e1klonu pro p\u0159esn\u00e9 vertik\u00e1ln\u00ed zarovn\u00e1n\u00ed<\/li>\n<li>Re\u017eim stability zobrazuje MOA pro optim\u00e1ln\u00ed na\u010dasov\u00e1n\u00ed spou\u0161t\u011b<\/li>\n<li>Kosinov\u00e1 indikace pro st\u0159ely do kopce a z kopce<\/li>\n<li>Vyrovn\u00e1n\u00ed zam\u011b\u0159ova\u010de jedn\u00edm dotykem<\/li>\n<li>Sledov\u00e1n\u00ed p\u0159echodov\u00e9ho \u010dasu pro anal\u00fdzu v\u00fdkonu<\/li>\n<li>Kompaktn\u00ed a odoln\u00fd design<\/li>\n<li>R\u016fzn\u00e9 mo\u017enosti mont\u00e1\u017ee (Picatinny a M-LOK)<\/li>\n<\/ul>\n<p>Kompatibiln\u00ed s aplikac\u00ed Drills pro podrobnou anal\u00fdzu stability a dr\u00e1hy \u00fast\u00ed. SG PULSE ELEKTRONICK\u00c1 VODOV\u00c1HA slou\u017e\u00ed ke zv\u00fd\u0161en\u00ed p\u0159esnosti pu\u0161ky.<\/p>\n","protected":false},"excerpt":{"rendered":"<p>SG PULSE: P\u0159esn\u00e1 elektronick\u00e1 vodov\u00e1ha pro dokonal\u00e9 zarovn\u00e1n\u00ed pu\u0161ky.<\/p>\n","protected":false},"featured_media":72653,"template":"","meta":{"_acf_changed":false},"product_brand":[],"product_cat":[12676],"product_tag":[],"class_list":{"0":"post-74248","1":"product","2":"type-product","3":"status-publish","4":"has-post-thumbnail","6":"product_cat-vybaveni","8":"first","9":"instock","10":"taxable","11":"shipping-taxable","12":"purchasable","13":"product-type-simple"},"acf":[],"_links":{"self":[{"href":"https:\/\/staging.nbg.eu\/cs\/wp-json\/wp\/v2\/product\/74248","targetHints":{"allow":["GET"]}}],"collection":[{"href":"https:\/\/staging.nbg.eu\/cs\/wp-json\/wp\/v2\/product"}],"about":[{"href":"https:\/\/staging.nbg.eu\/cs\/wp-json\/wp\/v2\/types\/product"}],"wp:featuredmedia":[{"embeddable":true,"href":"https:\/\/staging.nbg.eu\/cs\/wp-json\/wp\/v2\/media\/72653"}],"wp:attachment":[{"href":"https:\/\/staging.nbg.eu\/cs\/wp-json\/wp\/v2\/media?parent=74248"}],"wp:term":[{"taxonomy":"product_brand","embeddable":true,"href":"https:\/\/staging.nbg.eu\/cs\/wp-json\/wp\/v2\/product_brand?post=74248"},{"taxonomy":"product_cat","embeddable":true,"href":"https:\/\/staging.nbg.eu\/cs\/wp-json\/wp\/v2\/product_cat?post=74248"},{"taxonomy":"product_tag","embeddable":true,"href":"https:\/\/staging.nbg.eu\/cs\/wp-json\/wp\/v2\/product_tag?post=74248"}],"curies":[{"name":"wp","href":"https:\/\/api.w.org\/{rel}","templated":true}]}}