{"id":74204,"date":"2024-10-18T20:28:40","date_gmt":"2024-10-30T08:47:23","guid":{"rendered":"https:\/\/staging.nbg.eu\/product\/extractor-l-02-40sw-kmr\/"},"modified":"2024-10-30T08:49:14","modified_gmt":"2024-10-30T08:49:14","slug":"extraktor-l-02-40sw-kmr","status":"publish","type":"product","link":"https:\/\/staging.nbg.eu\/cs\/produkt\/extraktor-l-02-40sw-kmr\/","title":{"rendered":"# Extraktor L-02 .40SW &#8211; KMR"},"content":{"rendered":"<div class=\"product-description\">\n<h2>Vytahova\u010d L-02 .40SW &#8211; KMR<\/h2>\n<p>N\u00e1hradn\u00ed vytahova\u010d pro pistoli KMR L-02. Ur\u010deno pro r\u00e1\u017ei .40 S&amp;W. Tento d\u00edl zaji\u0161\u0165uje spolehlivou extrakci a plynul\u00fd provoz. Vyroben z odoln\u00fdch materi\u00e1l\u016f pro dlouhodob\u00e9 pou\u017e\u00edv\u00e1n\u00ed. N\u00e1hradn\u00ed d\u00edl pro zlep\u0161en\u00ed p\u0159esnosti a spolehlivosti zbran\u011b.<\/p>\n<\/div>\n","protected":false},"excerpt":{"rendered":"<p>P\u0159esn\u00fd extraktor pro pistoli KMR L-02 v r\u00e1\u017ei 40 S&amp;W.<\/p>\n","protected":false},"featured_media":72583,"template":"","meta":{"_acf_changed":false},"product_brand":[],"product_cat":[12661],"product_tag":[],"class_list":{"0":"post-74204","1":"product","2":"type-product","3":"status-publish","4":"has-post-thumbnail","6":"product_cat-kmr-dily","8":"first","9":"instock","10":"taxable","11":"shipping-taxable","12":"purchasable","13":"product-type-simple"},"acf":[],"_links":{"self":[{"href":"https:\/\/staging.nbg.eu\/cs\/wp-json\/wp\/v2\/product\/74204","targetHints":{"allow":["GET"]}}],"collection":[{"href":"https:\/\/staging.nbg.eu\/cs\/wp-json\/wp\/v2\/product"}],"about":[{"href":"https:\/\/staging.nbg.eu\/cs\/wp-json\/wp\/v2\/types\/product"}],"wp:featuredmedia":[{"embeddable":true,"href":"https:\/\/staging.nbg.eu\/cs\/wp-json\/wp\/v2\/media\/72583"}],"wp:attachment":[{"href":"https:\/\/staging.nbg.eu\/cs\/wp-json\/wp\/v2\/media?parent=74204"}],"wp:term":[{"taxonomy":"product_brand","embeddable":true,"href":"https:\/\/staging.nbg.eu\/cs\/wp-json\/wp\/v2\/product_brand?post=74204"},{"taxonomy":"product_cat","embeddable":true,"href":"https:\/\/staging.nbg.eu\/cs\/wp-json\/wp\/v2\/product_cat?post=74204"},{"taxonomy":"product_tag","embeddable":true,"href":"https:\/\/staging.nbg.eu\/cs\/wp-json\/wp\/v2\/product_tag?post=74204"}],"curies":[{"name":"wp","href":"https:\/\/api.w.org\/{rel}","templated":true}]}}