{"id":74182,"date":"2024-10-20T09:56:58","date_gmt":"2024-10-30T08:44:27","guid":{"rendered":"https:\/\/staging.nbg.eu\/product\/holosun-hs-mount-aems-low\/"},"modified":"2024-10-30T08:46:21","modified_gmt":"2024-10-30T08:46:21","slug":"holosun-hs-mount-aems-low","status":"publish","type":"product","link":"https:\/\/staging.nbg.eu\/cs\/produkt\/holosun-hs-mount-aems-low\/","title":{"rendered":"Holosun HS-MOUNT-AEMS-LOW"},"content":{"rendered":"<h2>Holosun HS-MOUNT-AEMS-LOW<\/h2>\n<p>Holosun HS-MOUNT-AEMS-LOW je n\u00edzk\u00fd mont\u00e1\u017en\u00ed syst\u00e9m navr\u017een\u00fd pro kolim\u00e1tor AEMS. Tento hlin\u00edkov\u00fd dr\u017e\u00e1k je odoln\u00fd a snadno se pou\u017e\u00edv\u00e1, vhodn\u00fd pro zbran\u011b s konven\u010dn\u00edmi pa\u017ebami.<\/p>\n<h2>Hlavn\u00ed vlastnosti:<\/h2>\n<ul>\n<li>Kompatibiln\u00ed s li\u0161tami Picatinny\/Weaver<\/li>\n<li>N\u00edzk\u00fd profil pro optim\u00e1ln\u00ed zarovn\u00e1n\u00ed m\u00ed\u0159idel<\/li>\n<li>Rychl\u00e1 instalace pomoc\u00ed torx kl\u00ed\u010de<\/li>\n<li>Lehk\u00e1 a odoln\u00e1 hlin\u00edkov\u00e1 konstrukce<\/li>\n<li>Opakovateln\u00e1 p\u0159esnost<\/li>\n<\/ul>\n<h2>Specifikace:<\/h2>\n<ul>\n<li>Rozm\u011bry: 50x35x11 mm<\/li>\n<li>Hmotnost: 34g<\/li>\n<li>Barva: \u010cern\u00e1<\/li>\n<li>Provozn\u00ed teplota: -30\u00b0C a\u017e 60\u00b0C<\/li>\n<li>Skladovac\u00ed teplota: -40\u00b0C a\u017e 70\u00b0C<\/li>\n<\/ul>\n<p>Holosun HS-MOUNT-AEMS-LOW je navr\u017een pro p\u0159esnost a spolehlivost v r\u016fzn\u00fdch podm\u00ednk\u00e1ch.<\/p>\n","protected":false},"excerpt":{"rendered":"<p>Extr\u00e9mn\u011b odoln\u00fd hlin\u00edkov\u00fd dr\u017e\u00e1k pro kolim\u00e1tory Holosun AEMS.<\/p>\n","protected":false},"featured_media":73328,"template":"","meta":{"_acf_changed":false},"product_brand":[11426],"product_cat":[12686,12685],"product_tag":[],"class_list":{"0":"post-74182","1":"product","2":"type-product","3":"status-publish","4":"has-post-thumbnail","6":"product_brand-holosun","7":"product_cat-kolimatory","8":"product_cat-mireni","10":"first","11":"instock","12":"taxable","13":"shipping-taxable","14":"purchasable","15":"product-type-simple"},"acf":[],"_links":{"self":[{"href":"https:\/\/staging.nbg.eu\/cs\/wp-json\/wp\/v2\/product\/74182","targetHints":{"allow":["GET"]}}],"collection":[{"href":"https:\/\/staging.nbg.eu\/cs\/wp-json\/wp\/v2\/product"}],"about":[{"href":"https:\/\/staging.nbg.eu\/cs\/wp-json\/wp\/v2\/types\/product"}],"wp:featuredmedia":[{"embeddable":true,"href":"https:\/\/staging.nbg.eu\/cs\/wp-json\/wp\/v2\/media\/73328"}],"wp:attachment":[{"href":"https:\/\/staging.nbg.eu\/cs\/wp-json\/wp\/v2\/media?parent=74182"}],"wp:term":[{"taxonomy":"product_brand","embeddable":true,"href":"https:\/\/staging.nbg.eu\/cs\/wp-json\/wp\/v2\/product_brand?post=74182"},{"taxonomy":"product_cat","embeddable":true,"href":"https:\/\/staging.nbg.eu\/cs\/wp-json\/wp\/v2\/product_cat?post=74182"},{"taxonomy":"product_tag","embeddable":true,"href":"https:\/\/staging.nbg.eu\/cs\/wp-json\/wp\/v2\/product_tag?post=74182"}],"curies":[{"name":"wp","href":"https:\/\/api.w.org\/{rel}","templated":true}]}}