{"id":74160,"date":"2024-10-18T20:15:25","date_gmt":"2024-10-30T08:37:40","guid":{"rendered":"https:\/\/staging.nbg.eu\/product\/nitehog-sight-spot-hog-red-dot\/"},"modified":"2024-10-30T08:40:04","modified_gmt":"2024-10-30T08:40:04","slug":"nitehog-sight-spot-hog-kolimator","status":"publish","type":"product","link":"https:\/\/staging.nbg.eu\/cs\/produkt\/nitehog-sight-spot-hog-kolimator\/","title":{"rendered":"NiteHog Sight Spot Hog Kolim\u00e1tor"},"content":{"rendered":"<div class=\"product-description\">\n<h2>NiteHog Sight Spot Hog Red Dot<\/h2>\n<p>Spot Hog Red Dot Sight je optika 1x17x24 bez paralaxy. M\u00e1 3MOA te\u010dku s 8 \u00farovn\u011bmi jasu a 2 nastaven\u00edmi pro no\u010dn\u00ed vid\u011bn\u00ed.<\/p>\n<ul>\n<li>Odoln\u00fd proti n\u00e1raz\u016fm a vodot\u011bsn\u00fd (IPX6)<\/li>\n<li>Kompatibiln\u00ed s munic\u00ed 9mm, 45ACP, 12GA a Lapua Magnum 338<\/li>\n<li>Tenk\u00fd design s n\u00edzkou profilac\u00ed<\/li>\n<li>Automatick\u00e9 vypnut\u00ed po 2 minut\u00e1ch ne\u010dinnosti<\/li>\n<li>\u017divotnost baterie 50 000 hodin p\u0159i nejni\u017e\u0161\u00edm nastaven\u00ed (baterie CR2032, nen\u00ed sou\u010d\u00e1st\u00ed balen\u00ed)<\/li>\n<li>Weaver mont\u00e1\u017e pro snadnou instalaci<\/li>\n<\/ul>\n<p>Spot Hog je kompaktn\u00ed a spolehliv\u00fd.<\/p>\n<\/div>\n","protected":false},"excerpt":{"rendered":"<p>Odoln\u00fd paralaxu prost\u00fd \u010derven\u00fd bodov\u00fd zam\u011b\u0159ova\u010d 1x17x24 s 8 \u00farovn\u011bmi intenzity.<\/p>\n","protected":false},"featured_media":72536,"template":"","meta":{"_acf_changed":false},"product_brand":[11583],"product_cat":[12686,12719,12685],"product_tag":[],"class_list":{"0":"post-74160","1":"product","2":"type-product","3":"status-publish","4":"has-post-thumbnail","6":"product_brand-nitehog","7":"product_cat-kolimatory","8":"product_cat-kolimatory-na-pusky","9":"product_cat-mireni","11":"first","12":"instock","13":"taxable","14":"shipping-taxable","15":"purchasable","16":"product-type-simple"},"acf":[],"_links":{"self":[{"href":"https:\/\/staging.nbg.eu\/cs\/wp-json\/wp\/v2\/product\/74160","targetHints":{"allow":["GET"]}}],"collection":[{"href":"https:\/\/staging.nbg.eu\/cs\/wp-json\/wp\/v2\/product"}],"about":[{"href":"https:\/\/staging.nbg.eu\/cs\/wp-json\/wp\/v2\/types\/product"}],"wp:featuredmedia":[{"embeddable":true,"href":"https:\/\/staging.nbg.eu\/cs\/wp-json\/wp\/v2\/media\/72536"}],"wp:attachment":[{"href":"https:\/\/staging.nbg.eu\/cs\/wp-json\/wp\/v2\/media?parent=74160"}],"wp:term":[{"taxonomy":"product_brand","embeddable":true,"href":"https:\/\/staging.nbg.eu\/cs\/wp-json\/wp\/v2\/product_brand?post=74160"},{"taxonomy":"product_cat","embeddable":true,"href":"https:\/\/staging.nbg.eu\/cs\/wp-json\/wp\/v2\/product_cat?post=74160"},{"taxonomy":"product_tag","embeddable":true,"href":"https:\/\/staging.nbg.eu\/cs\/wp-json\/wp\/v2\/product_tag?post=74160"}],"curies":[{"name":"wp","href":"https:\/\/api.w.org\/{rel}","templated":true}]}}