{"id":74138,"date":"2024-10-18T19:52:52","date_gmt":"2024-10-30T08:30:22","guid":{"rendered":"https:\/\/staging.nbg.eu\/product\/mag-release-button-kmr-black\/"},"modified":"2024-10-30T08:32:18","modified_gmt":"2024-10-30T08:32:18","slug":"tlacitko-uvolneni-zasobniku-kmr-cerne","status":"publish","type":"product","link":"https:\/\/staging.nbg.eu\/cs\/produkt\/tlacitko-uvolneni-zasobniku-kmr-cerne\/","title":{"rendered":"Tla\u010d\u00edtko uvoln\u011bn\u00ed z\u00e1sobn\u00edku KMR, \u010cern\u00e9"},"content":{"rendered":"<dl class=\"data-sheet\">\n<dt class=\"name\">Pro zbran\u011b KMR<\/dt>\n<dd class=\"value\">KMR L-02 EMIQ<br \/>\nKMR L-02 EMIQ (OR)<br \/>\nKMR L-02 ORCA DO 2023<br \/>\nKMR L-02 SPECTRA OD 2024<br \/>\nKMR L-02 SPECTRA DO 2023<br \/>\nKMR L-02 UMBRA OD 2024<br \/>\nKMR L-02 UMBRA DO 2023<br \/>\nKMR S-01 LANCE (OR)<br \/>\nKMR S-02 DO 2023<br \/>\nKMR W-02 CUDA OD 2024<br \/>\nKMR W-02 CUDA DO 2023<br \/>\nKMR W-02 UMBRA<br \/>\nKMR W-02 UMBRA (OR)<\/dd>\n<dt class=\"name\">V\u00fdb\u011br podle zbran\u00ed CZ<\/dt>\n<dd class=\"value\">CZ SHADOW 2<br \/>\nCZ SHADOW 2 (OR)<\/dd>\n<\/dl>\n","protected":false},"excerpt":{"rendered":"<p>0180-00801-0101<\/p>\n<p>Note: This appears to be a product code or part number, which typically remains the same across languages and does not require translation.<\/p>\n","protected":false},"featured_media":72234,"template":"","meta":{"_acf_changed":false},"product_brand":[],"product_cat":[12661],"product_tag":[],"class_list":{"0":"post-74138","1":"product","2":"type-product","3":"status-publish","4":"has-post-thumbnail","6":"product_cat-kmr-dily","8":"first","9":"instock","10":"taxable","11":"shipping-taxable","12":"purchasable","13":"product-type-simple"},"acf":[],"_links":{"self":[{"href":"https:\/\/staging.nbg.eu\/cs\/wp-json\/wp\/v2\/product\/74138","targetHints":{"allow":["GET"]}}],"collection":[{"href":"https:\/\/staging.nbg.eu\/cs\/wp-json\/wp\/v2\/product"}],"about":[{"href":"https:\/\/staging.nbg.eu\/cs\/wp-json\/wp\/v2\/types\/product"}],"wp:featuredmedia":[{"embeddable":true,"href":"https:\/\/staging.nbg.eu\/cs\/wp-json\/wp\/v2\/media\/72234"}],"wp:attachment":[{"href":"https:\/\/staging.nbg.eu\/cs\/wp-json\/wp\/v2\/media?parent=74138"}],"wp:term":[{"taxonomy":"product_brand","embeddable":true,"href":"https:\/\/staging.nbg.eu\/cs\/wp-json\/wp\/v2\/product_brand?post=74138"},{"taxonomy":"product_cat","embeddable":true,"href":"https:\/\/staging.nbg.eu\/cs\/wp-json\/wp\/v2\/product_cat?post=74138"},{"taxonomy":"product_tag","embeddable":true,"href":"https:\/\/staging.nbg.eu\/cs\/wp-json\/wp\/v2\/product_tag?post=74138"}],"curies":[{"name":"wp","href":"https:\/\/api.w.org\/{rel}","templated":true}]}}