{"id":74114,"date":"2024-10-18T19:20:25","date_gmt":"2024-10-29T10:05:50","guid":{"rendered":"https:\/\/staging.nbg.eu\/product\/casio-prw-61y-3er\/"},"modified":"2024-10-29T10:07:40","modified_gmt":"2024-10-29T10:07:40","slug":"casio-prw-61y-3er","status":"publish","type":"product","link":"https:\/\/staging.nbg.eu\/cs\/produkt\/casio-prw-61y-3er\/","title":{"rendered":"Casio PRW-61Y-3ER"},"content":{"rendered":"<div class=\"product-description\">\n<h2>Casio PRW-61Y-3ER: Venkovn\u00ed hodinky z ekologick\u00fdch materi\u00e1l\u016f<\/h2>\n<p>PRO TREK PRW-61Y-3ER jsou prvn\u00ed hodinky Casio s pouzdrem a p\u00e1skem z ekologick\u00fdch bioplast\u016f. Tyto hodinky kombinuj\u00ed udr\u017eitelnost s odolnost\u00ed, nab\u00edzej\u00ed odolnost proti n\u00e1ro\u010dn\u00e9mu pou\u017eit\u00ed a pohodl\u00ed.<\/p>\n<ul>\n<li>Ekologick\u00e9 bioplasty vyroben\u00e9 ze semen sko\u010dce a kuku\u0159ice<\/li>\n<li>Cifern\u00edk s b\u00edl\u00fdmi indexy pro dobrou viditelnost<\/li>\n<li>T\u0159i senzory: digit\u00e1ln\u00ed kompas, barometr\/v\u00fd\u0161kom\u011br a teplom\u011br<\/li>\n<li>R\u00e1diem \u0159\u00edzen\u00e9 \u010dasov\u00e1n\u00ed Multi Band 6<\/li>\n<li>Sol\u00e1rn\u00ed nap\u00e1jen\u00ed Tough Solar<\/li>\n<li>Osv\u011btlen\u00ed Super Illuminator s automatick\u00fdm dvojit\u00fdm LED sv\u011btlem<\/li>\n<li>Pohodln\u00fd uretanov\u00fd p\u00e1sek<\/li>\n<li>Nerezov\u00e1 luneta s vyryt\u00fdmi k\u00f3dy m\u011bst<\/li>\n<li>Kompaktn\u00ed design pro voln\u00fd pohyb z\u00e1p\u011bst\u00ed<\/li>\n<\/ul>\n<p>PRW-61Y-3ER jsou hodinky pro outdoorov\u00e9 nad\u0161ence, kte\u0159\u00ed si cen\u00ed v\u00fdkonu a ohleduplnosti k \u017eivotn\u00edmu prost\u0159ed\u00ed.<\/p>\n<\/div>\n","protected":false},"excerpt":{"rendered":"<p>&#8220;Ekologick\u00e9 hodinky PRO TREK s bioplasty a funkcemi pro outdoorov\u00e9 aktivity.&#8221;<\/p>\n","protected":false},"featured_media":71863,"template":"","meta":{"_acf_changed":false},"product_brand":[11194],"product_cat":[12699,12675],"product_tag":[],"class_list":{"0":"post-74114","1":"product","2":"type-product","3":"status-publish","4":"has-post-thumbnail","6":"product_brand-casio","7":"product_cat-edc","8":"product_cat-hodinky","10":"first","11":"instock","12":"taxable","13":"shipping-taxable","14":"purchasable","15":"product-type-simple"},"acf":[],"_links":{"self":[{"href":"https:\/\/staging.nbg.eu\/cs\/wp-json\/wp\/v2\/product\/74114","targetHints":{"allow":["GET"]}}],"collection":[{"href":"https:\/\/staging.nbg.eu\/cs\/wp-json\/wp\/v2\/product"}],"about":[{"href":"https:\/\/staging.nbg.eu\/cs\/wp-json\/wp\/v2\/types\/product"}],"wp:featuredmedia":[{"embeddable":true,"href":"https:\/\/staging.nbg.eu\/cs\/wp-json\/wp\/v2\/media\/71863"}],"wp:attachment":[{"href":"https:\/\/staging.nbg.eu\/cs\/wp-json\/wp\/v2\/media?parent=74114"}],"wp:term":[{"taxonomy":"product_brand","embeddable":true,"href":"https:\/\/staging.nbg.eu\/cs\/wp-json\/wp\/v2\/product_brand?post=74114"},{"taxonomy":"product_cat","embeddable":true,"href":"https:\/\/staging.nbg.eu\/cs\/wp-json\/wp\/v2\/product_cat?post=74114"},{"taxonomy":"product_tag","embeddable":true,"href":"https:\/\/staging.nbg.eu\/cs\/wp-json\/wp\/v2\/product_tag?post=74114"}],"curies":[{"name":"wp","href":"https:\/\/api.w.org\/{rel}","templated":true}]}}