{"id":74092,"date":"2024-10-18T19:05:21","date_gmt":"2024-10-29T10:03:00","guid":{"rendered":"https:\/\/staging.nbg.eu\/product\/casio-prg-340t-7er\/"},"modified":"2024-10-29T10:04:52","modified_gmt":"2024-10-29T10:04:52","slug":"casio-prg-340t-7er","status":"publish","type":"product","link":"https:\/\/staging.nbg.eu\/cs\/produkt\/casio-prg-340t-7er\/","title":{"rendered":"Casio PRG-340T-7ER"},"content":{"rendered":"<h2>Casio PRG-340T-7ER<\/h2>\n<p>Casio PRG-340T-7ER je hodinky pro venkovn\u00ed aktivity. Tento model obsahuje:<\/p>\n<ul>\n<li>Digit\u00e1ln\u00ed kompas pro ur\u010den\u00ed sm\u011bru<\/li>\n<li>V\u00fd\u0161kom\u011br a barometr pro m\u011b\u0159en\u00ed nadmo\u0159sk\u00e9 v\u00fd\u0161ky a tlaku<\/li>\n<li>Teplom\u011br pro m\u011b\u0159en\u00ed teploty<\/li>\n<li>Duplex LCD displej pro lep\u0161\u00ed \u010ditelnost<\/li>\n<li>Konstrukce z biomasy plastu<\/li>\n<li>P\u0159\u00edm\u00e9 funk\u010dn\u00ed tla\u010d\u00edtka pro snadn\u00e9 ovl\u00e1d\u00e1n\u00ed<\/li>\n<li>Sol\u00e1rn\u00ed nap\u00e1jen\u00ed<\/li>\n<li>Osv\u011btlen\u00ed pro viditelnost p\u0159i slab\u00e9m sv\u011btle<\/li>\n<\/ul>\n<p>Model PRG-340T-7ER m\u00e1 vodot\u011bsnost do 10 bar\u016f, odolnost proti n\u00edzk\u00fdm teplot\u00e1m a dal\u0161\u00ed funkce jako sv\u011btov\u00fd \u010das a zobrazen\u00ed v\u00fdchodu\/z\u00e1padu slunce. Je vhodn\u00fd pro outdoorov\u00e9 aktivity a z\u00e1jemce o ekologick\u00e9 produkty.<\/p>\n","protected":false},"excerpt":{"rendered":"<p>Odoln\u00e9 outdoorov\u00e9 hodinky s kompasem, v\u00fd\u0161kom\u011brem a ekologick\u00fdm designem.<\/p>\n","protected":false},"featured_media":71747,"template":"","meta":{"_acf_changed":false},"product_brand":[11194],"product_cat":[12699,12675],"product_tag":[],"class_list":{"0":"post-74092","1":"product","2":"type-product","3":"status-publish","4":"has-post-thumbnail","6":"product_brand-casio","7":"product_cat-edc","8":"product_cat-hodinky","10":"first","11":"instock","12":"taxable","13":"shipping-taxable","14":"purchasable","15":"product-type-simple"},"acf":[],"_links":{"self":[{"href":"https:\/\/staging.nbg.eu\/cs\/wp-json\/wp\/v2\/product\/74092","targetHints":{"allow":["GET"]}}],"collection":[{"href":"https:\/\/staging.nbg.eu\/cs\/wp-json\/wp\/v2\/product"}],"about":[{"href":"https:\/\/staging.nbg.eu\/cs\/wp-json\/wp\/v2\/types\/product"}],"wp:featuredmedia":[{"embeddable":true,"href":"https:\/\/staging.nbg.eu\/cs\/wp-json\/wp\/v2\/media\/71747"}],"wp:attachment":[{"href":"https:\/\/staging.nbg.eu\/cs\/wp-json\/wp\/v2\/media?parent=74092"}],"wp:term":[{"taxonomy":"product_brand","embeddable":true,"href":"https:\/\/staging.nbg.eu\/cs\/wp-json\/wp\/v2\/product_brand?post=74092"},{"taxonomy":"product_cat","embeddable":true,"href":"https:\/\/staging.nbg.eu\/cs\/wp-json\/wp\/v2\/product_cat?post=74092"},{"taxonomy":"product_tag","embeddable":true,"href":"https:\/\/staging.nbg.eu\/cs\/wp-json\/wp\/v2\/product_tag?post=74092"}],"curies":[{"name":"wp","href":"https:\/\/api.w.org\/{rel}","templated":true}]}}