{"id":74070,"date":"2024-10-18T18:54:11","date_gmt":"2024-10-29T10:01:04","guid":{"rendered":"https:\/\/staging.nbg.eu\/product\/casio-prg-270-1er\/"},"modified":"2024-10-29T10:02:55","modified_gmt":"2024-10-29T10:02:55","slug":"casio-prg-270-1er","status":"publish","type":"product","link":"https:\/\/staging.nbg.eu\/cs\/produkt\/casio-prg-270-1er\/","title":{"rendered":"Casio PRG-270-1ER"},"content":{"rendered":"<div class=\"product-description\">\n<h2>Casio PRG-270-1ER: Hodinky pro venkovn\u00ed aktivity<\/h2>\n<p>Casio PRG-270-1ER je vybaven Triple Sensor Version 3. Tento kompaktn\u00ed model PRO TREK poskytuje m\u011b\u0159en\u00ed nadmo\u0159sk\u00e9 v\u00fd\u0161ky, barometrick\u00e9ho tlaku a sm\u011bru.<\/p>\n<ul>\n<li>Sol\u00e1rn\u00ed nap\u00e1jen\u00ed<\/li>\n<li>Triple Sensor: Kompas, Barometr\/Teplom\u011br, V\u00fd\u0161kom\u011br<\/li>\n<li>Odolnost proti n\u00edzk\u00fdm teplot\u00e1m (-10\u00baC\/14\u00baF)<\/li>\n<li>Vodot\u011bsnost do 100 metr\u016f<\/li>\n<li>Alarm tendence barometrick\u00e9ho tlaku<\/li>\n<li>Velk\u00e1 bo\u010dn\u00ed tla\u010d\u00edtka<\/li>\n<li>Zobrazen\u00ed \u010dasu v\u00fdchodu\/z\u00e1padu slunce<\/li>\n<li>Automatick\u00e9 podsv\u00edcen\u00ed pro \u0161patn\u00e9 sv\u011bteln\u00e9 podm\u00ednky<\/li>\n<\/ul>\n<p>Tyto hodinky jsou ur\u010deny pro venkovn\u00ed aktivity. Casio PRG-270-1ER je vhodn\u00fd pro pou\u017eit\u00ed v p\u0159\u00edrod\u011b.<\/p>\n<\/div>\n","protected":false},"excerpt":{"rendered":"<p>Odoln\u00e9 outdoorov\u00e9 hodinky s trojit\u00fdm senzorem a sol\u00e1rn\u00edm nap\u00e1jen\u00edm Tough Solar.<\/p>\n","protected":false},"featured_media":71516,"template":"","meta":{"_acf_changed":false},"product_brand":[11194],"product_cat":[12699,12675],"product_tag":[],"class_list":{"0":"post-74070","1":"product","2":"type-product","3":"status-publish","4":"has-post-thumbnail","6":"product_brand-casio","7":"product_cat-edc","8":"product_cat-hodinky","10":"first","11":"instock","12":"taxable","13":"shipping-taxable","14":"purchasable","15":"product-type-simple"},"acf":[],"_links":{"self":[{"href":"https:\/\/staging.nbg.eu\/cs\/wp-json\/wp\/v2\/product\/74070","targetHints":{"allow":["GET"]}}],"collection":[{"href":"https:\/\/staging.nbg.eu\/cs\/wp-json\/wp\/v2\/product"}],"about":[{"href":"https:\/\/staging.nbg.eu\/cs\/wp-json\/wp\/v2\/types\/product"}],"wp:featuredmedia":[{"embeddable":true,"href":"https:\/\/staging.nbg.eu\/cs\/wp-json\/wp\/v2\/media\/71516"}],"wp:attachment":[{"href":"https:\/\/staging.nbg.eu\/cs\/wp-json\/wp\/v2\/media?parent=74070"}],"wp:term":[{"taxonomy":"product_brand","embeddable":true,"href":"https:\/\/staging.nbg.eu\/cs\/wp-json\/wp\/v2\/product_brand?post=74070"},{"taxonomy":"product_cat","embeddable":true,"href":"https:\/\/staging.nbg.eu\/cs\/wp-json\/wp\/v2\/product_cat?post=74070"},{"taxonomy":"product_tag","embeddable":true,"href":"https:\/\/staging.nbg.eu\/cs\/wp-json\/wp\/v2\/product_tag?post=74070"}],"curies":[{"name":"wp","href":"https:\/\/api.w.org\/{rel}","templated":true}]}}