{"id":74022,"date":"2024-10-16T20:26:30","date_gmt":"2024-10-25T14:28:53","guid":{"rendered":"https:\/\/staging.nbg.eu\/product\/casio-gbdh2000-1aer\/"},"modified":"2024-10-25T14:30:38","modified_gmt":"2024-10-25T14:30:38","slug":"casio-gbdh2000-1aer","status":"publish","type":"product","link":"https:\/\/staging.nbg.eu\/cs\/produkt\/casio-gbdh2000-1aer\/","title":{"rendered":"Casio GBDH2000-1AER"},"content":{"rendered":"<h2>Casio GBDH2000-1AER: Hodinky pro sledov\u00e1n\u00ed fitness<\/h2>\n<p>Casio GBDH2000-1AER nab\u00edz\u00ed sledov\u00e1n\u00ed fitness. Obsahuje 6 senzor\u016f a GPS funkcionalitu. Tyto hodinky monitoruj\u00ed fyzickou aktivitu v re\u00e1ln\u00e9m \u010dase v 8 r\u016fzn\u00fdch sportech, v\u010detn\u011b b\u011bhu, cyklistiky a plav\u00e1n\u00ed.<\/p>\n<ul>\n<li>Sleduje vzd\u00e1lenost, rychlost, \u010das, tempo, srde\u010dn\u00ed tep a sp\u00e1len\u00e9 kalorie<\/li>\n<li>M\u011b\u0159\u00ed hladinu kysl\u00edku v krvi<\/li>\n<li>Dvouvrstv\u00fd r\u00e1m pro pohodl\u00ed a snadn\u00e9 ovl\u00e1d\u00e1n\u00ed<\/li>\n<li>Sol\u00e1rn\u00ed dob\u00edjen\u00ed pro prodlou\u017eenou v\u00fddr\u017e baterie<\/li>\n<li>Chytr\u00e9 funkce zahrnuj\u00ed notifikace a sv\u011btov\u00fd \u010das pro 300 m\u011bst<\/li>\n<\/ul>\n<p>GBDH2000-1AER je vyroben z bioplast\u016f. Tyto hodinky kombinuj\u00ed technologii s ohledem na \u017eivotn\u00ed prost\u0159ed\u00ed. Jsou vhodn\u00e9 pro sportovce i z\u00e1jemce o fitness.<\/p>\n","protected":false},"excerpt":{"rendered":"<p>Sportovn\u00ed hodinky s GPS se 6 senzory, sleduj\u00edc\u00ed 8 r\u016fzn\u00fdch aktivit.<\/p>\n","protected":false},"featured_media":71400,"template":"","meta":{"_acf_changed":false},"product_brand":[11194],"product_cat":[12699,12675],"product_tag":[],"class_list":{"0":"post-74022","1":"product","2":"type-product","3":"status-publish","4":"has-post-thumbnail","6":"product_brand-casio","7":"product_cat-edc","8":"product_cat-hodinky","10":"first","11":"instock","12":"taxable","13":"shipping-taxable","14":"purchasable","15":"product-type-simple"},"acf":[],"_links":{"self":[{"href":"https:\/\/staging.nbg.eu\/cs\/wp-json\/wp\/v2\/product\/74022","targetHints":{"allow":["GET"]}}],"collection":[{"href":"https:\/\/staging.nbg.eu\/cs\/wp-json\/wp\/v2\/product"}],"about":[{"href":"https:\/\/staging.nbg.eu\/cs\/wp-json\/wp\/v2\/types\/product"}],"wp:featuredmedia":[{"embeddable":true,"href":"https:\/\/staging.nbg.eu\/cs\/wp-json\/wp\/v2\/media\/71400"}],"wp:attachment":[{"href":"https:\/\/staging.nbg.eu\/cs\/wp-json\/wp\/v2\/media?parent=74022"}],"wp:term":[{"taxonomy":"product_brand","embeddable":true,"href":"https:\/\/staging.nbg.eu\/cs\/wp-json\/wp\/v2\/product_brand?post=74022"},{"taxonomy":"product_cat","embeddable":true,"href":"https:\/\/staging.nbg.eu\/cs\/wp-json\/wp\/v2\/product_cat?post=74022"},{"taxonomy":"product_tag","embeddable":true,"href":"https:\/\/staging.nbg.eu\/cs\/wp-json\/wp\/v2\/product_tag?post=74022"}],"curies":[{"name":"wp","href":"https:\/\/api.w.org\/{rel}","templated":true}]}}