{"id":74000,"date":"2024-01-30T18:02:27","date_gmt":"2024-01-30T18:02:27","guid":{"rendered":"https:\/\/staging.nbg.eu\/product\/holosun-hs403b\/"},"modified":"2024-10-25T14:25:38","modified_gmt":"2024-10-25T14:25:38","slug":"holosun-hs403b","status":"publish","type":"product","link":"https:\/\/staging.nbg.eu\/cs\/produkt\/holosun-hs403b\/","title":{"rendered":"Holosun HS403B"},"content":{"rendered":"<div class=\"product-description\">\n<h2>Holosun HS403B Mikro Red Dot Zam\u011b\u0159ova\u010d<\/h2>\n<p>Holosun HS403B je kompaktn\u00ed 20mm mikro zam\u011b\u0159ova\u010d vhodn\u00fd pro pu\u0161ky a karabiny. Vlastnosti:<\/p>\n<ul>\n<li>\u010cerven\u00e1 Super LED s v\u00fddr\u017e\u00ed baterie 50 000 hodin<\/li>\n<li>10 denn\u00edch a 2 no\u010dn\u00ed nastaven\u00ed z\u00e1m\u011brn\u00e9 osnovy kompatibiln\u00ed s no\u010dn\u00edm vid\u011bn\u00edm<\/li>\n<li>Odoln\u00e9 pouzdro z hlin\u00edku 6061<\/li>\n<li>Sou\u010d\u00e1st\u00ed je mont\u00e1\u017e pro spodn\u00ed 1\/3 souhled (1,63&#8243;) a n\u00edzk\u00e1 mont\u00e1\u017e (0,75&#8243;)<\/li>\n<li>Technologie Shake Awake pro prodlou\u017een\u00ed \u017eivotnosti baterie<\/li>\n<li>Digit\u00e1ln\u00ed tla\u010d\u00edtka pro snadn\u00e9 nastaven\u00ed<\/li>\n<li>Gumov\u00e9 kryty \u010do\u010dek pro ochranu<\/li>\n<li>Bo\u010dn\u00ed p\u0159ihr\u00e1dka na baterii 2032 pro snadnou v\u00fdm\u011bnu<\/li>\n<\/ul>\n<p>D\u00edky sv\u00fdm v\u0161estrann\u00fdm funkc\u00edm a robustn\u00ed konstrukci je HS403B vhodn\u00fd pro st\u0159elce v\u0161ech \u00farovn\u00ed. Vodot\u011bsn\u00fd podle standardu IP67 a schopn\u00fd odolat vibrac\u00edm 1000G, tento zam\u011b\u0159ova\u010d je konstruov\u00e1n pro v\u00fdkon v jak\u00fdchkoli podm\u00ednk\u00e1ch.<\/p>\n<\/div>\n","protected":false},"excerpt":{"rendered":"<p>Kompaktn\u00ed \u010derven\u00fd bod s optikou 20 mm, \u017eivotnost\u00ed baterie 50 000 hodin a v\u0161estrann\u00fdm upevn\u011bn\u00edm.<\/p>\n","protected":false},"featured_media":72258,"template":"","meta":{"_acf_changed":false},"product_brand":[11426],"product_cat":[12686,12719,12685],"product_tag":[],"class_list":{"0":"post-74000","1":"product","2":"type-product","3":"status-publish","4":"has-post-thumbnail","6":"product_brand-holosun","7":"product_cat-kolimatory","8":"product_cat-kolimatory-na-pusky","9":"product_cat-mireni","11":"first","12":"instock","13":"taxable","14":"shipping-taxable","15":"purchasable","16":"product-type-simple"},"acf":[],"_links":{"self":[{"href":"https:\/\/staging.nbg.eu\/cs\/wp-json\/wp\/v2\/product\/74000","targetHints":{"allow":["GET"]}}],"collection":[{"href":"https:\/\/staging.nbg.eu\/cs\/wp-json\/wp\/v2\/product"}],"about":[{"href":"https:\/\/staging.nbg.eu\/cs\/wp-json\/wp\/v2\/types\/product"}],"wp:featuredmedia":[{"embeddable":true,"href":"https:\/\/staging.nbg.eu\/cs\/wp-json\/wp\/v2\/media\/72258"}],"wp:attachment":[{"href":"https:\/\/staging.nbg.eu\/cs\/wp-json\/wp\/v2\/media?parent=74000"}],"wp:term":[{"taxonomy":"product_brand","embeddable":true,"href":"https:\/\/staging.nbg.eu\/cs\/wp-json\/wp\/v2\/product_brand?post=74000"},{"taxonomy":"product_cat","embeddable":true,"href":"https:\/\/staging.nbg.eu\/cs\/wp-json\/wp\/v2\/product_cat?post=74000"},{"taxonomy":"product_tag","embeddable":true,"href":"https:\/\/staging.nbg.eu\/cs\/wp-json\/wp\/v2\/product_tag?post=74000"}],"curies":[{"name":"wp","href":"https:\/\/api.w.org\/{rel}","templated":true}]}}