{"id":73978,"date":"2024-10-18T20:01:13","date_gmt":"2024-10-18T20:01:13","guid":{"rendered":"https:\/\/staging.nbg.eu\/product\/holosun-hs515cm-red-dot-sight\/"},"modified":"2024-10-25T14:23:59","modified_gmt":"2024-10-25T14:23:59","slug":"holosun-hs515cm-kolimator","status":"publish","type":"product","link":"https:\/\/staging.nbg.eu\/cs\/produkt\/holosun-hs515cm-kolimator\/","title":{"rendered":"Holosun HS515CM &#8211; Kolim\u00e1tor"},"content":{"rendered":"<div class=\"product-description\">\n<h2>Holosun HS515CM &#8211; Kolim\u00e1tor<\/h2>\n<p>HS515CM je 20mm mikro zam\u011b\u0159ova\u010d pro pu\u0161ky a karabiny. Vyroben z hlin\u00edku 7075 a m\u00e1 tyto vlastnosti:<\/p>\n<ul>\n<li>Pr\u016fhledn\u00e9, odn\u00edmateln\u00e9\/oto\u010dn\u00e9 kryty \u010do\u010dek<\/li>\n<li>QD mont\u00e1\u017e pro spodn\u00ed 1\/3 spole\u010dn\u00e9ho zam\u011b\u0159ov\u00e1n\u00ed (1,63&#8243;)<\/li>\n<li>Vodot\u011bsnost a prachot\u011bsnost IP68<\/li>\n<li>Sol\u00e1rn\u00ed z\u00e1lo\u017en\u00ed technologie<\/li>\n<li>Syst\u00e9m v\u00edce z\u00e1m\u011brn\u00fdch obrazc\u016f s \u010dervenou Super LED<\/li>\n<li>10 denn\u00edch a 2 no\u010dn\u00ed nastaven\u00ed jasu<\/li>\n<li>Technologie probuzen\u00ed pohybem<\/li>\n<li>V\u00fddr\u017e baterie a\u017e 50 000 hodin<\/li>\n<li>V\u00fdm\u011bna baterie z boku bez n\u00e1stroj\u016f<\/li>\n<\/ul>\n<p>HS515CM je ur\u010den pro sportovn\u00ed i profesion\u00e1ln\u00ed pou\u017eit\u00ed, nab\u00edz\u00ed nastaven\u00ed po 0,5 MOA a rozsah nastaven\u00ed \u00b150 MOA. Je konstruov\u00e1n pro odolnost extr\u00e9mn\u00edm teplot\u00e1m a vibrac\u00edm 1000G.<\/p>\n<\/div>\n","protected":false},"excerpt":{"rendered":"<p>Odoln\u00fd 20mm mikro \u010derven\u00fd bod pro pu\u0161ky, nap\u00e1jen\u00fd sol\u00e1rn\u00ed energi\u00ed, vodot\u011bsn\u00fd.<\/p>\n","protected":false},"featured_media":72397,"template":"","meta":{"_acf_changed":false},"product_brand":[11426],"product_cat":[12686,12719,12685],"product_tag":[],"class_list":{"0":"post-73978","1":"product","2":"type-product","3":"status-publish","4":"has-post-thumbnail","6":"product_brand-holosun","7":"product_cat-kolimatory","8":"product_cat-kolimatory-na-pusky","9":"product_cat-mireni","11":"first","12":"instock","13":"taxable","14":"shipping-taxable","15":"purchasable","16":"product-type-simple"},"acf":[],"_links":{"self":[{"href":"https:\/\/staging.nbg.eu\/cs\/wp-json\/wp\/v2\/product\/73978","targetHints":{"allow":["GET"]}}],"collection":[{"href":"https:\/\/staging.nbg.eu\/cs\/wp-json\/wp\/v2\/product"}],"about":[{"href":"https:\/\/staging.nbg.eu\/cs\/wp-json\/wp\/v2\/types\/product"}],"wp:featuredmedia":[{"embeddable":true,"href":"https:\/\/staging.nbg.eu\/cs\/wp-json\/wp\/v2\/media\/72397"}],"wp:attachment":[{"href":"https:\/\/staging.nbg.eu\/cs\/wp-json\/wp\/v2\/media?parent=73978"}],"wp:term":[{"taxonomy":"product_brand","embeddable":true,"href":"https:\/\/staging.nbg.eu\/cs\/wp-json\/wp\/v2\/product_brand?post=73978"},{"taxonomy":"product_cat","embeddable":true,"href":"https:\/\/staging.nbg.eu\/cs\/wp-json\/wp\/v2\/product_cat?post=73978"},{"taxonomy":"product_tag","embeddable":true,"href":"https:\/\/staging.nbg.eu\/cs\/wp-json\/wp\/v2\/product_tag?post=73978"}],"curies":[{"name":"wp","href":"https:\/\/api.w.org\/{rel}","templated":true}]}}