{"id":73956,"date":"2024-10-16T20:13:36","date_gmt":"2024-10-25T10:16:37","guid":{"rendered":"https:\/\/staging.nbg.eu\/product\/casio-gbd-800uc-5er\/"},"modified":"2024-10-25T10:18:23","modified_gmt":"2024-10-25T10:18:23","slug":"casio-gbd-800uc-5er","status":"publish","type":"product","link":"https:\/\/staging.nbg.eu\/cs\/produkt\/casio-gbd-800uc-5er\/","title":{"rendered":"Casio GBD-800UC-5ER"},"content":{"rendered":"<div class=\"product-description\">\n<h2>Casio GBD-800UC-5ER: Hodinky pro fitness<\/h2>\n<p>Casio GBD-800UC-5ER jsou hodinky s pouzdrem a p\u00e1skem z prysky\u0159ice, navr\u017een\u00e9 pro aktivn\u00ed \u017eivotn\u00ed styl.<\/p>\n<ul>\n<li>Rozm\u011bry: 54,1 \u00d7 48,6 \u00d7 15,5 mm, hmotnost: 59 g<\/li>\n<li>Odoln\u00e9 proti n\u00e1raz\u016fm<\/li>\n<li>Vodot\u011bsnost do 200 metr\u016f<\/li>\n<li>\u017divotnost baterie 3 roky (CR2025)<\/li>\n<li>Po\u010d\u00edt\u00e1n\u00ed krok\u016f pomoc\u00ed 3os\u00e9ho akcelerometru<\/li>\n<li>Zobrazen\u00ed pr\u016fb\u011bhu c\u00edle krok\u016f a 7hodinov\u00fd graf po\u010dtu krok\u016f<\/li>\n<li>Funkce \u00faspory energie<\/li>\n<\/ul>\n<p>GBD-800UC-5ER umo\u017e\u0148uje sledovat fitness aktivity.<\/p>\n<\/div>\n","protected":false},"excerpt":{"rendered":"<p>Odoln\u00e9 hodinky G-Shock s krokom\u011brem, vodot\u011bsn\u00e9 do 200 m, s t\u0159\u00edletou v\u00fddr\u017e\u00ed baterie.<\/p>\n","protected":false},"featured_media":71236,"template":"","meta":{"_acf_changed":false},"product_brand":[11194],"product_cat":[12699,12675],"product_tag":[],"class_list":{"0":"post-73956","1":"product","2":"type-product","3":"status-publish","4":"has-post-thumbnail","6":"product_brand-casio","7":"product_cat-edc","8":"product_cat-hodinky","10":"first","11":"instock","12":"taxable","13":"shipping-taxable","14":"purchasable","15":"product-type-simple"},"acf":[],"_links":{"self":[{"href":"https:\/\/staging.nbg.eu\/cs\/wp-json\/wp\/v2\/product\/73956","targetHints":{"allow":["GET"]}}],"collection":[{"href":"https:\/\/staging.nbg.eu\/cs\/wp-json\/wp\/v2\/product"}],"about":[{"href":"https:\/\/staging.nbg.eu\/cs\/wp-json\/wp\/v2\/types\/product"}],"wp:featuredmedia":[{"embeddable":true,"href":"https:\/\/staging.nbg.eu\/cs\/wp-json\/wp\/v2\/media\/71236"}],"wp:attachment":[{"href":"https:\/\/staging.nbg.eu\/cs\/wp-json\/wp\/v2\/media?parent=73956"}],"wp:term":[{"taxonomy":"product_brand","embeddable":true,"href":"https:\/\/staging.nbg.eu\/cs\/wp-json\/wp\/v2\/product_brand?post=73956"},{"taxonomy":"product_cat","embeddable":true,"href":"https:\/\/staging.nbg.eu\/cs\/wp-json\/wp\/v2\/product_cat?post=73956"},{"taxonomy":"product_tag","embeddable":true,"href":"https:\/\/staging.nbg.eu\/cs\/wp-json\/wp\/v2\/product_tag?post=73956"}],"curies":[{"name":"wp","href":"https:\/\/api.w.org\/{rel}","templated":true}]}}