{"id":73934,"date":"2024-08-16T18:08:29","date_gmt":"2024-08-16T18:08:29","guid":{"rendered":"https:\/\/staging.nbg.eu\/product\/calypso-mini-mini-applied-ballistics-compatible\/"},"modified":"2024-10-25T07:34:19","modified_gmt":"2024-10-25T07:34:19","slug":"calypso-mini-mini-kompatibilni-s-applied-ballistics","status":"publish","type":"product","link":"https:\/\/staging.nbg.eu\/cs\/produkt\/calypso-mini-mini-kompatibilni-s-applied-ballistics\/","title":{"rendered":"Calypso Mini &#8211; Mini kompatibiln\u00ed s Applied Ballistics"},"content":{"rendered":"<h2>Calypso Mini &#8211; Mini kompatibiln\u00ed s Applied Ballistics<\/h2>\n<p>Calypso Mini je kompaktn\u00ed ultrazvukov\u00fd anemometr a v\u011btrn\u00e1 korouhev. Toto za\u0159\u00edzen\u00ed s pr\u016fm\u011brem 43 mm nab\u00edz\u00ed pokro\u010dil\u00e9 funkce a odolnou konstrukci.<\/p>\n<h3>Hlavn\u00ed vlastnosti:<\/h3>\n<ul>\n<li>Ultrazvukov\u00e9 senzory pro m\u011b\u0159en\u00ed rychlosti a sm\u011bru v\u011btru<\/li>\n<li>Bluetooth 5.1 s dosahem a\u017e 30 m<\/li>\n<li>Bezdr\u00e1tov\u00e9 QI nab\u00edjen\u00ed s v\u00fddr\u017e\u00ed baterie 150 hodin<\/li>\n<li>Vodot\u011bsnost IPX8<\/li>\n<li>Kompatibiln\u00ed se za\u0159\u00edzen\u00edmi Android, iOS a Garmin<\/li>\n<li>1\/4&#8243; vnit\u0159n\u00ed z\u00e1vit pro snadn\u00e9 upevn\u011bn\u00ed na stativ<\/li>\n<li>Hmotnost pouze 78 gram\u016f<\/li>\n<\/ul>\n<p>Calypso Mini poskytuje p\u0159esn\u00e1 m\u011b\u0159en\u00ed v\u011btru s rozsahem rychlosti 0,5-25 m\/s a p\u0159esnost\u00ed sm\u011bru \u00b11\u00b0. Jeho odoln\u00e1 konstrukce bez pohybliv\u00fdch \u010d\u00e1st\u00ed zaji\u0161\u0165uje spolehlivost v r\u016fzn\u00fdch podm\u00ednk\u00e1ch. Lze jej sp\u00e1rovat s bezplatnou aplikac\u00ed Anemotracker pro z\u00e1znam dat a informace o v\u011btru v re\u00e1ln\u00e9m \u010dase.<\/p>\n<p>Calypso Mini je kompaktn\u00ed \u0159e\u0161en\u00ed pro m\u011b\u0159en\u00ed v\u011btru vhodn\u00e9 pro n\u00e1mo\u0159n\u00edky, outdoorov\u00e9 nad\u0161ence i profesion\u00e1ln\u00ed meteorology.<\/p>\n","protected":false},"excerpt":{"rendered":"<p>Kompaktn\u00ed ultrazvukov\u00fd anemometr s Bluetooth pro p\u0159esn\u00e1 data o v\u011btru.<\/p>\n","protected":false},"featured_media":23265,"template":"","meta":{"_acf_changed":false},"product_brand":[11173],"product_cat":[12651,12712,12725],"product_tag":[],"class_list":{"0":"post-73934","1":"product","2":"type-product","3":"status-publish","4":"has-post-thumbnail","6":"product_brand-calypso","7":"product_cat-meteorologicke-merice","8":"product_cat-nastroje","9":"product_cat-nezarazeno","11":"first","12":"instock","13":"taxable","14":"shipping-taxable","15":"purchasable","16":"product-type-simple"},"acf":[],"_links":{"self":[{"href":"https:\/\/staging.nbg.eu\/cs\/wp-json\/wp\/v2\/product\/73934","targetHints":{"allow":["GET"]}}],"collection":[{"href":"https:\/\/staging.nbg.eu\/cs\/wp-json\/wp\/v2\/product"}],"about":[{"href":"https:\/\/staging.nbg.eu\/cs\/wp-json\/wp\/v2\/types\/product"}],"wp:featuredmedia":[{"embeddable":true,"href":"https:\/\/staging.nbg.eu\/cs\/wp-json\/wp\/v2\/media\/23265"}],"wp:attachment":[{"href":"https:\/\/staging.nbg.eu\/cs\/wp-json\/wp\/v2\/media?parent=73934"}],"wp:term":[{"taxonomy":"product_brand","embeddable":true,"href":"https:\/\/staging.nbg.eu\/cs\/wp-json\/wp\/v2\/product_brand?post=73934"},{"taxonomy":"product_cat","embeddable":true,"href":"https:\/\/staging.nbg.eu\/cs\/wp-json\/wp\/v2\/product_cat?post=73934"},{"taxonomy":"product_tag","embeddable":true,"href":"https:\/\/staging.nbg.eu\/cs\/wp-json\/wp\/v2\/product_tag?post=73934"}],"curies":[{"name":"wp","href":"https:\/\/api.w.org\/{rel}","templated":true}]}}