{"id":73725,"date":"2024-10-16T19:50:15","date_gmt":"2024-10-21T08:19:00","guid":{"rendered":"https:\/\/staging.nbg.eu\/product\/casio-gba-800-1aer\/"},"modified":"2024-10-21T08:20:48","modified_gmt":"2024-10-21T08:20:48","slug":"casio-gba-800-1aer","status":"publish","type":"product","link":"https:\/\/staging.nbg.eu\/cs\/produkt\/casio-gba-800-1aer\/","title":{"rendered":"Casio GBA-800-1AER"},"content":{"rendered":"<h2>Casio GBA-800-1AER G-SQUAD hodinky<\/h2>\n<p>Casio GBA-800-1AER G-SQUAD jsou sportovn\u00ed hodinky pro m\u011bstsk\u00e9 sportovce. Tyto hodinky kombinuj\u00ed odolnost G-SHOCK s funkcemi pro sledov\u00e1n\u00ed fitness aktivit.<\/p>\n<ul>\n<li>Bluetooth p\u0159ipojen\u00ed pro integraci s aplikac\u00ed CASIO WATCHES<\/li>\n<li>3os\u00fd akcelerometr pro p\u0159esn\u00e9 po\u010d\u00edt\u00e1n\u00ed krok\u016f<\/li>\n<li>Nastaviteln\u00e9 odpo\u010d\u00edt\u00e1v\u00e1n\u00ed a pam\u011b\u0165 na 200 kol<\/li>\n<li>Z\u00e1znam krok\u016f s p\u011bti \u00farovn\u011bmi intenzity cvi\u010den\u00ed<\/li>\n<li>V\u00fdpo\u010det kalori\u00ed a nastaven\u00ed c\u00edle krok\u016f<\/li>\n<li>Automatick\u00e9 nastaven\u00ed \u010dasu a sv\u011btov\u00fd \u010das pro 300 m\u011bst<\/li>\n<li>Dvojit\u00e9 LED osv\u011btlen\u00ed pro viditelnost p\u0159i slab\u00e9m osv\u011btlen\u00ed<\/li>\n<\/ul>\n<p>GBA-800-1AER m\u00e1 uretanov\u00fd p\u00e1sek s vylep\u0161en\u00fdm upevn\u011bn\u00edm a nastavitelnost\u00ed. Kompaktn\u00ed pouzdro je vhodn\u00e9 pro sportovn\u00ed no\u0161en\u00ed, b\u011bh, tr\u00e9nink a ka\u017edodenn\u00ed sportovn\u00ed styl.<\/p>\n","protected":false},"excerpt":{"rendered":"<p>Sportovn\u00ed chytr\u00e9 hodinky s krokom\u011brem a synchronizac\u00ed s aplikac\u00ed.<\/p>\n","protected":false},"featured_media":71096,"template":"","meta":{"_acf_changed":false},"product_brand":[11194],"product_cat":[12699,12675],"product_tag":[],"class_list":{"0":"post-73725","1":"product","2":"type-product","3":"status-publish","4":"has-post-thumbnail","6":"product_brand-casio","7":"product_cat-edc","8":"product_cat-hodinky","10":"first","11":"instock","12":"taxable","13":"shipping-taxable","14":"purchasable","15":"product-type-simple"},"acf":[],"_links":{"self":[{"href":"https:\/\/staging.nbg.eu\/cs\/wp-json\/wp\/v2\/product\/73725","targetHints":{"allow":["GET"]}}],"collection":[{"href":"https:\/\/staging.nbg.eu\/cs\/wp-json\/wp\/v2\/product"}],"about":[{"href":"https:\/\/staging.nbg.eu\/cs\/wp-json\/wp\/v2\/types\/product"}],"wp:featuredmedia":[{"embeddable":true,"href":"https:\/\/staging.nbg.eu\/cs\/wp-json\/wp\/v2\/media\/71096"}],"wp:attachment":[{"href":"https:\/\/staging.nbg.eu\/cs\/wp-json\/wp\/v2\/media?parent=73725"}],"wp:term":[{"taxonomy":"product_brand","embeddable":true,"href":"https:\/\/staging.nbg.eu\/cs\/wp-json\/wp\/v2\/product_brand?post=73725"},{"taxonomy":"product_cat","embeddable":true,"href":"https:\/\/staging.nbg.eu\/cs\/wp-json\/wp\/v2\/product_cat?post=73725"},{"taxonomy":"product_tag","embeddable":true,"href":"https:\/\/staging.nbg.eu\/cs\/wp-json\/wp\/v2\/product_tag?post=73725"}],"curies":[{"name":"wp","href":"https:\/\/api.w.org\/{rel}","templated":true}]}}