{"id":71009,"date":"2024-01-21T15:18:33","date_gmt":"2024-01-21T15:18:33","guid":{"rendered":"https:\/\/staging.nbg.eu\/product\/surefire-123a-batteries\/"},"modified":"2025-02-04T10:26:44","modified_gmt":"2025-02-04T10:26:44","slug":"surefire-123a-baterie","status":"publish","type":"product","link":"https:\/\/staging.nbg.eu\/cs\/produkt\/surefire-123a-baterie\/","title":{"rendered":"SureFire 123A BATERIE"},"content":{"rendered":"<div class=\"product-description\">\n<h2>SureFire SF72-BB (123A BATERIE)<\/h2>\n<p>SureFire 123A lithiov\u00e1 baterie m\u00e1 tyto vlastnosti:<\/p>\n<ul>\n<li>\u017divotnost p\u0159i skladov\u00e1n\u00ed 10 let<\/li>\n<li>Nap\u011bt\u00ed 3V a kapacita 1 550 mAh<\/li>\n<li>Hmotnost 17 gram\u016f<\/li>\n<li>Ur\u010deno pro sv\u00edtilny SureFire<\/li>\n<\/ul>\n<p>SureFire baterie jsou vhodn\u00e9 pro r\u016fzn\u00e9 aplikace.<\/p>\n<\/div>\n","protected":false},"excerpt":{"rendered":"<p>Vysoce v\u00fdkonn\u00e9 lithiov\u00e9 baterie 123A. 10let\u00e1 skladovatelnost, 3V, 1550mAh.<\/p>\n","protected":false},"featured_media":71010,"template":"","meta":{"_acf_changed":false},"product_brand":[11860],"product_cat":[12648,12699,12668,12700],"product_tag":[],"class_list":{"0":"post-71009","1":"product","2":"type-product","3":"status-publish","4":"has-post-thumbnail","6":"product_brand-surefire","7":"product_cat-baterie","8":"product_cat-edc","9":"product_cat-edc-svitilny","10":"product_cat-svitilny","12":"first","13":"instock","14":"taxable","15":"shipping-taxable","16":"purchasable","17":"product-type-simple"},"acf":[],"_links":{"self":[{"href":"https:\/\/staging.nbg.eu\/cs\/wp-json\/wp\/v2\/product\/71009","targetHints":{"allow":["GET"]}}],"collection":[{"href":"https:\/\/staging.nbg.eu\/cs\/wp-json\/wp\/v2\/product"}],"about":[{"href":"https:\/\/staging.nbg.eu\/cs\/wp-json\/wp\/v2\/types\/product"}],"wp:featuredmedia":[{"embeddable":true,"href":"https:\/\/staging.nbg.eu\/cs\/wp-json\/wp\/v2\/media\/71010"}],"wp:attachment":[{"href":"https:\/\/staging.nbg.eu\/cs\/wp-json\/wp\/v2\/media?parent=71009"}],"wp:term":[{"taxonomy":"product_brand","embeddable":true,"href":"https:\/\/staging.nbg.eu\/cs\/wp-json\/wp\/v2\/product_brand?post=71009"},{"taxonomy":"product_cat","embeddable":true,"href":"https:\/\/staging.nbg.eu\/cs\/wp-json\/wp\/v2\/product_cat?post=71009"},{"taxonomy":"product_tag","embeddable":true,"href":"https:\/\/staging.nbg.eu\/cs\/wp-json\/wp\/v2\/product_tag?post=71009"}],"curies":[{"name":"wp","href":"https:\/\/api.w.org\/{rel}","templated":true}]}}