{"id":68679,"date":"2023-11-26T20:00:44","date_gmt":"2024-09-20T12:57:24","guid":{"rendered":"https:\/\/staging.nbg.eu\/product\/geissele-super-duty-mod1-rifle-16-5-56mm-ddc\/"},"modified":"2024-09-27T10:14:17","modified_gmt":"2024-09-27T10:14:17","slug":"geissele-super-duty-puska-16-556mm-ddc","status":"publish","type":"product","link":"https:\/\/staging.nbg.eu\/cs\/produkt\/geissele-super-duty-puska-16-556mm-ddc\/","title":{"rendered":"Geissele Super Duty, Pu\u0161ka, 16&#8243;, 5.56MM-DDC"},"content":{"rendered":"<h2>Pu\u0161ka Geissele Super Duty &#8211; 16&#8243; 5,56MM<\/h2>\n<p>Geissele Super Duty je 16&#8243; pu\u0161ka v r\u00e1\u017ei 5,56 NATO, kter\u00e1 kombinuje modern\u00ed technologii s \u0159emesln\u00fdm zpracov\u00e1n\u00edm.<\/p>\n<h2>Hlavn\u00ed vlastnosti:<\/h2>\n<ul>\n<li>16&#8243; studen\u00e1 kovan\u00e1, chromovan\u00e1 hlave\u0148 (stoup\u00e1n\u00ed 1:7&#8243;)<\/li>\n<li>Vyrobeno v za\u0159\u00edzen\u00ed Geissele v North Wales, PA<\/li>\n<li>Plynov\u00fd syst\u00e9m d\u00e9lky karabiny s kompaktn\u00edm plynov\u00fdm blokem<\/li>\n<li>15&#8243; modul\u00e1rn\u00ed li\u0161ta SMR MK16 s kompatibilitou M-LOK<\/li>\n<li>Spodn\u00ed \u010d\u00e1st pa\u017eby z hlin\u00edku 7075-T6 s odolnou sadou sou\u010d\u00e1stek<\/li>\n<li>Oboustrann\u00e1 konfigurovateln\u00e1 pojistka<\/li>\n<li>Ak\u010dn\u00ed pru\u017eina Super-42 a z\u00e1va\u017e\u00ed H3<\/li>\n<\/ul>\n<h2>Specifikace:<\/h2>\n<ul>\n<li>R\u00e1\u017ee: 5,56 NATO<\/li>\n<li>Hlave\u0148: Geissele studen\u00e1 kovan\u00e1, chromovan\u00e1, stoup\u00e1n\u00ed 1\/7<\/li>\n<li>T\u011blo: Kovan\u00e9 7075-T6, tvrd\u011b eloxovan\u00e9 typ III<\/li>\n<li>Nosi\u010d z\u00e1v\u011bru: REBCG (Vylep\u0161en\u00fd nosi\u010d z\u00e1v\u011bru pro zv\u00fd\u0161enou spolehlivost)<\/li>\n<li>Spou\u0161\u0165: SSA-X s Lightning Bow<\/li>\n<li>\u00das\u0165ov\u00e9 za\u0159\u00edzen\u00ed: Tlumi\u010d plamene Geissele Sparkout<\/li>\n<li>Natahovac\u00ed p\u00e1ka: Airborne<\/li>\n<li>Barva: DDC (Pou\u0161tn\u00ed barva)*<\/li>\n<\/ul>\n<p><em>*Pozn\u00e1mka: Odst\u00edn DDC eloxov\u00e1n\u00ed se m\u016f\u017ee li\u0161it<\/em><\/p>\n<p>Geissele Super Duty Rifle nab\u00edz\u00ed p\u0159esnost a spolehlivost v kompaktn\u00edm balen\u00ed.<\/p>\n","protected":false},"excerpt":{"rendered":"<p>Geissele Super Duty: 16&#8243; 5,56MM, pokro\u010dil\u00e1 technologie, precizn\u011b vyroben\u00e1.<\/p>\n","protected":false},"featured_media":68680,"template":"","meta":{"_acf_changed":false},"product_brand":[11377],"product_cat":[12706,12694,12709],"product_tag":[],"class_list":{"0":"post-68679","1":"product","2":"type-product","3":"status-publish","4":"has-post-thumbnail","6":"product_brand-geissele","7":"product_cat-karabiny","8":"product_cat-licencovany","9":"product_cat-puska","11":"first","12":"instock","13":"taxable","14":"shipping-taxable","15":"product-type-simple"},"acf":[],"_links":{"self":[{"href":"https:\/\/staging.nbg.eu\/cs\/wp-json\/wp\/v2\/product\/68679","targetHints":{"allow":["GET"]}}],"collection":[{"href":"https:\/\/staging.nbg.eu\/cs\/wp-json\/wp\/v2\/product"}],"about":[{"href":"https:\/\/staging.nbg.eu\/cs\/wp-json\/wp\/v2\/types\/product"}],"wp:featuredmedia":[{"embeddable":true,"href":"https:\/\/staging.nbg.eu\/cs\/wp-json\/wp\/v2\/media\/68680"}],"wp:attachment":[{"href":"https:\/\/staging.nbg.eu\/cs\/wp-json\/wp\/v2\/media?parent=68679"}],"wp:term":[{"taxonomy":"product_brand","embeddable":true,"href":"https:\/\/staging.nbg.eu\/cs\/wp-json\/wp\/v2\/product_brand?post=68679"},{"taxonomy":"product_cat","embeddable":true,"href":"https:\/\/staging.nbg.eu\/cs\/wp-json\/wp\/v2\/product_cat?post=68679"},{"taxonomy":"product_tag","embeddable":true,"href":"https:\/\/staging.nbg.eu\/cs\/wp-json\/wp\/v2\/product_tag?post=68679"}],"curies":[{"name":"wp","href":"https:\/\/api.w.org\/{rel}","templated":true}]}}