{"id":68556,"date":"2023-11-29T09:17:17","date_gmt":"2024-09-20T12:32:25","guid":{"rendered":"https:\/\/staging.nbg.eu\/product\/geissele-super-duty-mod1-11-5-5-56mm-black\/"},"modified":"2024-09-27T10:10:14","modified_gmt":"2024-09-27T10:10:14","slug":"geissele-super-duty-115-556mm-cerna","status":"publish","type":"product","link":"https:\/\/staging.nbg.eu\/cs\/produkt\/geissele-super-duty-115-556mm-cerna\/","title":{"rendered":"Geissele Super Duty, 11.5&#8243;, 5.56MM-\u010cern\u00e1"},"content":{"rendered":"<h2>Geissele Super Duty &#8211; 11.5&#8243; 5.56MM<\/h2>\n<p>Geissele Super Duty je 11,5palcov\u00e1 pu\u0161ka v r\u00e1\u017ei 5,56 NATO.<\/p>\n<h2>Hlavn\u00ed vlastnosti:<\/h2>\n<ul>\n<li>11,5&#8243; studen\u011b kovan\u00e1, chromovan\u00e1 hlave\u0148 (stoup\u00e1n\u00ed 1:7&#8243;)<\/li>\n<li>Vyrobeno v za\u0159\u00edzen\u00ed Geissele v North Wales, PA<\/li>\n<li>Plynov\u00fd syst\u00e9m karabinov\u00e9 d\u00e9lky s kompaktn\u00edm plynov\u00fdm blokem<\/li>\n<li>10,5&#8243; SMR MK11.5 modul\u00e1rn\u00ed p\u0159edpa\u017eb\u00ed s kompatibilitou M-LOK<\/li>\n<li>Spodn\u00ed \u010d\u00e1st z\u00e1v\u011bru z hlin\u00edku 7075-T6 s Ultra Duty sadou d\u00edl\u016f<\/li>\n<li>Oboustrann\u00e1 konfigurovateln\u00e1 pojistka<\/li>\n<li>Ak\u010dn\u00ed pru\u017eina Super-42 a pufr H3<\/li>\n<\/ul>\n<h2>Specifikace:<\/h2>\n<ul>\n<li>R\u00e1\u017ee: 5,56 NATO<\/li>\n<li>Hlave\u0148: Geissele studen\u011b kovan\u00e1, chromovan\u00e1, stoup\u00e1n\u00ed 1\/7<\/li>\n<li>Z\u00e1v\u011br: Kovan\u00fd 7075-T6, tvrd\u011b eloxovan\u00fd typ III<\/li>\n<li>Nosi\u010d z\u00e1v\u011bru: REBCG (Vylep\u0161en\u00fd nosi\u010d z\u00e1v\u011bru pro zv\u00fd\u0161enou spolehlivost)<\/li>\n<li>Spou\u0161\u0165: SSA-X s Lightning Bow<\/li>\n<li>\u00das\u0165ov\u00e9 za\u0159\u00edzen\u00ed: Geissele Sparkout tlumi\u010d v\u00fd\u0161lehu<\/li>\n<li>Natahovac\u00ed p\u00e1ka: Airborne<\/li>\n<li>Barva: DDC (Desert Dirt Color)*<\/li>\n<\/ul>\n<p><em>*Pozn\u00e1mka: Odst\u00edn DDC eloxov\u00e1n\u00ed se m\u016f\u017ee li\u0161it<\/em><\/p>\n<p>Geissele Super Duty Rifle je kompaktn\u00ed pu\u0161ka s vysok\u00fdm v\u00fdkonem.<\/p>\n","protected":false},"excerpt":{"rendered":"<p>Geissele Super Duty: 11,5&#8243; 5,56MM, pokro\u010dil\u00e1 technologie, precizn\u011b vyrobeno.<\/p>\n","protected":false},"featured_media":191160,"template":"","meta":{"_acf_changed":false},"product_brand":[11377],"product_cat":[12706,12709],"product_tag":[],"class_list":{"0":"post-68556","1":"product","2":"type-product","3":"status-publish","4":"has-post-thumbnail","6":"product_brand-geissele","7":"product_cat-karabiny","8":"product_cat-puska","10":"first","11":"instock","12":"taxable","13":"shipping-taxable","14":"product-type-simple"},"acf":[],"_links":{"self":[{"href":"https:\/\/staging.nbg.eu\/cs\/wp-json\/wp\/v2\/product\/68556","targetHints":{"allow":["GET"]}}],"collection":[{"href":"https:\/\/staging.nbg.eu\/cs\/wp-json\/wp\/v2\/product"}],"about":[{"href":"https:\/\/staging.nbg.eu\/cs\/wp-json\/wp\/v2\/types\/product"}],"wp:featuredmedia":[{"embeddable":true,"href":"https:\/\/staging.nbg.eu\/cs\/wp-json\/wp\/v2\/media\/191160"}],"wp:attachment":[{"href":"https:\/\/staging.nbg.eu\/cs\/wp-json\/wp\/v2\/media?parent=68556"}],"wp:term":[{"taxonomy":"product_brand","embeddable":true,"href":"https:\/\/staging.nbg.eu\/cs\/wp-json\/wp\/v2\/product_brand?post=68556"},{"taxonomy":"product_cat","embeddable":true,"href":"https:\/\/staging.nbg.eu\/cs\/wp-json\/wp\/v2\/product_cat?post=68556"},{"taxonomy":"product_tag","embeddable":true,"href":"https:\/\/staging.nbg.eu\/cs\/wp-json\/wp\/v2\/product_tag?post=68556"}],"curies":[{"name":"wp","href":"https:\/\/api.w.org\/{rel}","templated":true}]}}