{"id":68294,"date":"2023-12-10T10:23:45","date_gmt":"2023-12-10T10:23:45","guid":{"rendered":"https:\/\/staging.nbg.eu\/product\/alg-defense-el-jefe-16-5-56mm-black\/"},"modified":"2025-02-07T08:22:00","modified_gmt":"2025-02-07T08:22:00","slug":"alg-defense-el-jefe-16-556mm-cerna","status":"publish","type":"product","link":"https:\/\/staging.nbg.eu\/cs\/produkt\/alg-defense-el-jefe-16-556mm-cerna\/","title":{"rendered":"ALG Defense El Jefe, 16&#8243;, 5.56MM &#8211; \u010cern\u00e1"},"content":{"rendered":"<h2>ALG Defense El Jefe, 16&#8243;, 5,56MM &#8211; \u010cern\u00e1<\/h2>\n<p>Pu\u0161ka ALG Defense El Jefe je ur\u010dena pro st\u0159elce hledaj\u00edc\u00ed pu\u0161ku vojensk\u00e9 specifikace za dostupnou cenu. Tento kompletn\u00ed syst\u00e9m pu\u0161ky obsahuje popruh a \u010derven\u00fd bod Warner &amp; Swasey.<\/p>\n<h2>Hlavn\u00ed vlastnosti:<\/h2>\n<ul>\n<li>P\u0159ij\u00edma\u010de z hlin\u00edkov\u00e9 slitiny 7075, kovan\u00e9 a obr\u00e1b\u011bn\u00e9 CNC pro pevnost a lehkou konstrukci<\/li>\n<li>Povrchov\u00e1 \u00faprava Mil-Spec Type 3 tvrd\u00fdm eloxov\u00e1n\u00edm v matn\u00e9 \u010dern\u00e9 barv\u011b<\/li>\n<li>P\u0159edpa\u017eb\u00ed ALG V3X s M-LOK sloty pro r\u016fzn\u00e9 mo\u017enosti upevn\u011bn\u00ed<\/li>\n<li>Pa\u017eba B5 Systems SOPMOD<\/li>\n<li>Pru\u017eina z\u00e1sobn\u00edku Geissele Super 42 s pleten\u00fdm dr\u00e1tem a pufr H1 pro spolehliv\u00e9 fungov\u00e1n\u00ed<\/li>\n<li>Nosi\u010d z\u00e1v\u011bru Mil-Spec s tvrd\u00fdm chromov\u00e1n\u00edm pro odolnost<\/li>\n<li>Spou\u0161\u0165 ALG Defense Advanced Combat Trigger (ACT)<\/li>\n<li>Dr\u00e1\u017ekovan\u00e1, chromovan\u00e1 hlave\u0148 s komorou 5,56 NATO<\/li>\n<li>Plynov\u00fd blok Geissele a prodlou\u017een\u00e1 plynov\u00e1 trubice st\u0159edn\u00ed d\u00e9lky<\/li>\n<li>Obsahuje popruh M4 carbine Mil-Spec a rychloup\u00ednac\u00ed oto\u010dn\u00e9 z\u00e1v\u011bsy<\/li>\n<li>\u010cerven\u00fd bod Warner and Swasey 3 MOA s integrovan\u00fdmi z\u00e1lo\u017en\u00edmi mechanick\u00fdmi m\u00ed\u0159idly<\/li>\n<\/ul>\n<p>El Jefe kombinuje kvalitn\u00ed komponenty a odborn\u00e9 zpracov\u00e1n\u00ed pro spolehlivou, p\u0159esnou a odolnou pu\u0161ku vhodnou pro sportovn\u00ed st\u0159elbu, policejn\u00ed pou\u017eit\u00ed a dom\u00e1c\u00ed obranu.<\/p>\n","protected":false},"excerpt":{"rendered":"<p>ALG Defense El Jefe: Vysoce kvalitn\u00ed 5,56mm AR-15 s prvot\u0159\u00eddn\u00edmi vlastnostmi.<\/p>\n","protected":false},"featured_media":68295,"template":"","meta":{"_acf_changed":false},"product_brand":[11377],"product_cat":[12706,12709],"product_tag":[],"class_list":{"0":"post-68294","1":"product","2":"type-product","3":"status-publish","4":"has-post-thumbnail","6":"product_brand-geissele","7":"product_cat-karabiny","8":"product_cat-puska","10":"first","11":"instock","12":"taxable","13":"shipping-taxable","14":"product-type-simple"},"acf":[],"_links":{"self":[{"href":"https:\/\/staging.nbg.eu\/cs\/wp-json\/wp\/v2\/product\/68294","targetHints":{"allow":["GET"]}}],"collection":[{"href":"https:\/\/staging.nbg.eu\/cs\/wp-json\/wp\/v2\/product"}],"about":[{"href":"https:\/\/staging.nbg.eu\/cs\/wp-json\/wp\/v2\/types\/product"}],"wp:featuredmedia":[{"embeddable":true,"href":"https:\/\/staging.nbg.eu\/cs\/wp-json\/wp\/v2\/media\/68295"}],"wp:attachment":[{"href":"https:\/\/staging.nbg.eu\/cs\/wp-json\/wp\/v2\/media?parent=68294"}],"wp:term":[{"taxonomy":"product_brand","embeddable":true,"href":"https:\/\/staging.nbg.eu\/cs\/wp-json\/wp\/v2\/product_brand?post=68294"},{"taxonomy":"product_cat","embeddable":true,"href":"https:\/\/staging.nbg.eu\/cs\/wp-json\/wp\/v2\/product_cat?post=68294"},{"taxonomy":"product_tag","embeddable":true,"href":"https:\/\/staging.nbg.eu\/cs\/wp-json\/wp\/v2\/product_tag?post=68294"}],"curies":[{"name":"wp","href":"https:\/\/api.w.org\/{rel}","templated":true}]}}