{"id":68037,"date":"2024-01-30T18:09:06","date_gmt":"2024-09-20T12:19:55","guid":{"rendered":"https:\/\/staging.nbg.eu\/product\/surefire-m640dft-pro\/"},"modified":"2024-09-20T12:20:42","modified_gmt":"2024-09-20T12:20:42","slug":"surefire-m640dft-pro","status":"publish","type":"product","link":"https:\/\/staging.nbg.eu\/cs\/produkt\/surefire-m640dft-pro\/","title":{"rendered":"SureFire M640DFT-PRO"},"content":{"rendered":"<div class=\"product-description\">\n<h2>SureFire M640DFT-PRO Turbo Scout Light Pro<\/h2>\n<p>M640DFT-PRO Turbo Scout Light Pro nab\u00edz\u00ed n\u00e1sleduj\u00edc\u00ed vlastnosti:<\/p>\n<ul>\n<li>100 000 kandel intenzity sv\u011bteln\u00e9ho paprsku s bateri\u00ed SF18650B<\/li>\n<li>Turbo paprsek pro identifikaci vzd\u00e1len\u00fdch c\u00edl\u016f<\/li>\n<li>N\u00edzk\u00fd profil uchycen\u00ed (kompatibiln\u00ed s MIL-STD-1913 a M-LOK)<\/li>\n<li>Du\u00e1ln\u00ed nap\u00e1jen\u00ed: pou\u017eit\u00ed dob\u00edjec\u00ed baterie SF18650B nebo dvou lithiov\u00fdch bateri\u00ed 123A<\/li>\n<li>Odolnost a mo\u017enosti d\u00e1lkov\u00e9ho ovl\u00e1d\u00e1n\u00ed<\/li>\n<\/ul>\n<p>Vyrobeno z lehk\u00e9ho leteck\u00e9ho hlin\u00edku s tvrdou anodizac\u00ed podle vojensk\u00fdch specifikac\u00ed, toto sv\u00edtidlo s O-krou\u017ekov\u00fdm t\u011bsn\u011bn\u00edm je ur\u010deno pro aplikace na dlouh\u00e9 vzd\u00e1lenosti.<\/p>\n<\/div>\n","protected":false},"excerpt":{"rendered":"<p>Vysoce v\u00fdkonn\u00e1 taktick\u00e1 sv\u00edtilna s paprskem o intenzit\u011b 100 000 kandel pro pou\u017eit\u00ed na dlouh\u00e9 vzd\u00e1lenosti.<\/p>\n","protected":false},"featured_media":68038,"template":"","meta":{"_acf_changed":false},"product_brand":[11860],"product_cat":[12709,12700,12660],"product_tag":[],"class_list":{"0":"post-68037","1":"product","2":"type-product","3":"status-publish","4":"has-post-thumbnail","6":"product_brand-surefire","7":"product_cat-puska","8":"product_cat-svitilny","9":"product_cat-svitilny-na-pusky","11":"first","12":"instock","13":"taxable","14":"shipping-taxable","15":"purchasable","16":"product-type-variable","17":"wvs-archive-product-wrapper"},"acf":[],"_links":{"self":[{"href":"https:\/\/staging.nbg.eu\/cs\/wp-json\/wp\/v2\/product\/68037","targetHints":{"allow":["GET"]}}],"collection":[{"href":"https:\/\/staging.nbg.eu\/cs\/wp-json\/wp\/v2\/product"}],"about":[{"href":"https:\/\/staging.nbg.eu\/cs\/wp-json\/wp\/v2\/types\/product"}],"wp:featuredmedia":[{"embeddable":true,"href":"https:\/\/staging.nbg.eu\/cs\/wp-json\/wp\/v2\/media\/68038"}],"wp:attachment":[{"href":"https:\/\/staging.nbg.eu\/cs\/wp-json\/wp\/v2\/media?parent=68037"}],"wp:term":[{"taxonomy":"product_brand","embeddable":true,"href":"https:\/\/staging.nbg.eu\/cs\/wp-json\/wp\/v2\/product_brand?post=68037"},{"taxonomy":"product_cat","embeddable":true,"href":"https:\/\/staging.nbg.eu\/cs\/wp-json\/wp\/v2\/product_cat?post=68037"},{"taxonomy":"product_tag","embeddable":true,"href":"https:\/\/staging.nbg.eu\/cs\/wp-json\/wp\/v2\/product_tag?post=68037"}],"curies":[{"name":"wp","href":"https:\/\/api.w.org\/{rel}","templated":true}]}}