{"id":67752,"date":"2024-01-13T10:41:33","date_gmt":"2024-09-20T12:17:27","guid":{"rendered":"https:\/\/staging.nbg.eu\/product\/surefire-m340dft-pro\/"},"modified":"2024-09-20T12:18:14","modified_gmt":"2024-09-20T12:18:14","slug":"surefire-m340dft-pro","status":"publish","type":"product","link":"https:\/\/staging.nbg.eu\/cs\/produkt\/surefire-m340dft-pro\/","title":{"rendered":"SureFire M340DFT-PRO"},"content":{"rendered":"<div class=\"product-description\">\n<h2>SureFire M340DFT-PRO Turbo Mini Scout Light Pro<\/h2>\n<p>M340DFT-PRO nab\u00edz\u00ed:<\/p>\n<ul>\n<li>95 000 kandel intenzity paprsku s p\u0159ilo\u017eenou bateri\u00ed SF18350<\/li>\n<li>Turbo vzor paprsku pro identifikaci vzd\u00e1len\u00fdch c\u00edl\u016f<\/li>\n<li>N\u00edzk\u00fd profil mont\u00e1\u017ee pro optim\u00e1ln\u00ed um\u00edst\u011bn\u00ed<\/li>\n<li>Du\u00e1ln\u00ed nap\u00e1jen\u00ed: dob\u00edjec\u00ed SF18350 nebo lithiov\u00e1 baterie 123A<\/li>\n<li>Odolnost a mo\u017enosti d\u00e1lkov\u00e9ho sp\u00edn\u00e1n\u00ed<\/li>\n<\/ul>\n<p>M340DFT-PRO m\u00e1 p\u0159esn\u00fd reflektor pro soust\u0159ed\u011bn\u00fd paprsek, vhodn\u00fd pro dlouh\u00fd dosah. Vyrobeno z leteck\u00e9ho hlin\u00edku s tvrdou anodizac\u00ed podle vojensk\u00fdch specifikac\u00ed, toto sv\u011btlo je ur\u010deno pro n\u00e1ro\u010dn\u00e9 podm\u00ednky.<\/p>\n<\/div>\n","protected":false},"excerpt":{"rendered":"<p>Kompaktn\u00ed, vysoce v\u00fdkonn\u00e9 taktick\u00e9 sv\u011btlo s maxim\u00e1ln\u00ed intenzitou paprsku 95 000 kandel.<\/p>\n","protected":false},"featured_media":67753,"template":"","meta":{"_acf_changed":false},"product_brand":[11860],"product_cat":[12709,12700,12660],"product_tag":[],"class_list":{"0":"post-67752","1":"product","2":"type-product","3":"status-publish","4":"has-post-thumbnail","6":"product_brand-surefire","7":"product_cat-puska","8":"product_cat-svitilny","9":"product_cat-svitilny-na-pusky","11":"first","12":"instock","13":"taxable","14":"shipping-taxable","15":"purchasable","16":"product-type-variable","17":"wvs-archive-product-wrapper"},"acf":[],"_links":{"self":[{"href":"https:\/\/staging.nbg.eu\/cs\/wp-json\/wp\/v2\/product\/67752","targetHints":{"allow":["GET"]}}],"collection":[{"href":"https:\/\/staging.nbg.eu\/cs\/wp-json\/wp\/v2\/product"}],"about":[{"href":"https:\/\/staging.nbg.eu\/cs\/wp-json\/wp\/v2\/types\/product"}],"wp:featuredmedia":[{"embeddable":true,"href":"https:\/\/staging.nbg.eu\/cs\/wp-json\/wp\/v2\/media\/67753"}],"wp:attachment":[{"href":"https:\/\/staging.nbg.eu\/cs\/wp-json\/wp\/v2\/media?parent=67752"}],"wp:term":[{"taxonomy":"product_brand","embeddable":true,"href":"https:\/\/staging.nbg.eu\/cs\/wp-json\/wp\/v2\/product_brand?post=67752"},{"taxonomy":"product_cat","embeddable":true,"href":"https:\/\/staging.nbg.eu\/cs\/wp-json\/wp\/v2\/product_cat?post=67752"},{"taxonomy":"product_tag","embeddable":true,"href":"https:\/\/staging.nbg.eu\/cs\/wp-json\/wp\/v2\/product_tag?post=67752"}],"curies":[{"name":"wp","href":"https:\/\/api.w.org\/{rel}","templated":true}]}}