{"id":67525,"date":"2024-01-13T11:48:33","date_gmt":"2024-01-13T11:48:33","guid":{"rendered":"https:\/\/staging.nbg.eu\/product\/surefire-m340v-pro\/"},"modified":"2024-09-20T12:15:46","modified_gmt":"2024-09-20T12:15:46","slug":"surefire-m340v-pro","status":"publish","type":"product","link":"https:\/\/staging.nbg.eu\/cs\/produkt\/surefire-m340v-pro\/","title":{"rendered":"SureFire M340V-PRO"},"content":{"rendered":"<div class=\"product-description\">\n<h2>Mini Scout Light Pro Infra\u010derven\u00fd<\/h2>\n<p>Jedno\u010dl\u00e1nkov\u00e9 sv\u011btlo Scout Light Pro nab\u00edz\u00ed:<\/p>\n<ul>\n<li>250 lumen\u016f b\u00edl\u00e9ho sv\u011btla a 100 mW infra\u010derven\u00e9ho v\u00fdstupu<\/li>\n<li>Kombinovan\u00fd vzor paprsku pro st\u0159edn\u00ed a\u017e dlouh\u00fd dosah<\/li>\n<li>Nov\u00fd n\u00edzkoprofilov\u00fd dr\u017e\u00e1k pro optim\u00e1ln\u00ed um\u00edst\u011bn\u00ed a kompatibilitu s p\u0159\u00edslu\u0161enstv\u00edm<\/li>\n<li>Snadn\u00e9 p\u0159ep\u00edn\u00e1n\u00ed mezi b\u00edl\u00fdm sv\u011btlem, vypnut\u00edm a infra\u010derven\u00fdm re\u017eimem<\/li>\n<li>Konstrukce z leteck\u00e9ho hlin\u00edku s tvrdou anodizac\u00ed dle vojensk\u00fdch specifikac\u00ed<\/li>\n<li>Nap\u00e1jeno jednou lithiovou bateri\u00ed 123A<\/li>\n<li>Kompatibiln\u00ed s li\u0161tami MIL-STD-1913 a M-LOK<\/li>\n<\/ul>\n<p>Toto kompaktn\u00ed za\u0159\u00edzen\u00ed je konstruov\u00e1no pro pou\u017eit\u00ed v n\u00e1ro\u010dn\u00fdch podm\u00ednk\u00e1ch.<\/p>\n<\/div>\n","protected":false},"excerpt":{"rendered":"<p>Kompaktn\u00ed taktick\u00e1 sv\u00edtilna s b\u00edl\u00fdm sv\u011btlem o v\u00fdkonu 250 lumen\u016f a infra\u010derven\u00fdm v\u00fdstupem 100 mW.<\/p>\n","protected":false},"featured_media":67526,"template":"","meta":{"_acf_changed":false},"product_brand":[11860],"product_cat":[12709,12700,12660],"product_tag":[],"class_list":{"0":"post-67525","1":"product","2":"type-product","3":"status-publish","4":"has-post-thumbnail","6":"product_brand-surefire","7":"product_cat-puska","8":"product_cat-svitilny","9":"product_cat-svitilny-na-pusky","11":"first","12":"instock","13":"taxable","14":"shipping-taxable","15":"purchasable","16":"product-type-simple"},"acf":[],"_links":{"self":[{"href":"https:\/\/staging.nbg.eu\/cs\/wp-json\/wp\/v2\/product\/67525","targetHints":{"allow":["GET"]}}],"collection":[{"href":"https:\/\/staging.nbg.eu\/cs\/wp-json\/wp\/v2\/product"}],"about":[{"href":"https:\/\/staging.nbg.eu\/cs\/wp-json\/wp\/v2\/types\/product"}],"wp:featuredmedia":[{"embeddable":true,"href":"https:\/\/staging.nbg.eu\/cs\/wp-json\/wp\/v2\/media\/67526"}],"wp:attachment":[{"href":"https:\/\/staging.nbg.eu\/cs\/wp-json\/wp\/v2\/media?parent=67525"}],"wp:term":[{"taxonomy":"product_brand","embeddable":true,"href":"https:\/\/staging.nbg.eu\/cs\/wp-json\/wp\/v2\/product_brand?post=67525"},{"taxonomy":"product_cat","embeddable":true,"href":"https:\/\/staging.nbg.eu\/cs\/wp-json\/wp\/v2\/product_cat?post=67525"},{"taxonomy":"product_tag","embeddable":true,"href":"https:\/\/staging.nbg.eu\/cs\/wp-json\/wp\/v2\/product_tag?post=67525"}],"curies":[{"name":"wp","href":"https:\/\/api.w.org\/{rel}","templated":true}]}}