{"id":67434,"date":"2024-01-13T12:03:58","date_gmt":"2024-09-20T12:07:37","guid":{"rendered":"https:\/\/staging.nbg.eu\/product\/surefire-ds00\/"},"modified":"2024-09-20T12:08:23","modified_gmt":"2024-09-20T12:08:23","slug":"surefire-ds00","status":"publish","type":"product","link":"https:\/\/staging.nbg.eu\/cs\/produkt\/surefire-ds00\/","title":{"rendered":"SureFire DS00"},"content":{"rendered":"<p>\nSureFire DS00 je vodot\u011bsn\u00fd sp\u00edna\u010d pro v\u011bt\u0161inu zbra\u0148ov\u00fdch sv\u00edtilen Scout Light\u00ae. Vlastnosti:<\/p>\n<ul>\n<li>Nez\u00e1visl\u00e9 ovl\u00e1d\u00e1n\u00ed integrovan\u00fdm a d\u00e1lkov\u00fdm sp\u00edna\u010dem<\/li>\n<li>Kompatibilita s r\u016fzn\u00fdmi d\u00e1lkov\u00fdmi p\u00e1skov\u00fdmi sp\u00edna\u010di SureFire<\/li>\n<li>Tla\u010d\u00edtkov\u00fd sp\u00edna\u010d pro zapnut\u00ed\/vypnut\u00ed<\/li>\n<li>Funkce deaktivace syst\u00e9mu<\/li>\n<li>Redundance sp\u00edna\u010d\u016f pro spolehlivost<\/li>\n<\/ul>\n<p>DS00 roz\u0161i\u0159uje funk\u010dnost va\u0161\u00ed zbra\u0148ov\u00e9 sv\u00edtilny (Nen\u00ed kompatibiln\u00ed s Micro Scout Light Pro).<\/p>\n","protected":false},"excerpt":{"rendered":"<p>V\u0161estrann\u00fd sp\u00edna\u010d pro SureFire WeaponLights s dv\u011bma provozn\u00edmi re\u017eimy.<\/p>\n","protected":false},"featured_media":67435,"template":"","meta":{"_acf_changed":false},"product_brand":[11860],"product_cat":[12724,12709,12700],"product_tag":[],"class_list":{"0":"post-67434","1":"product","2":"type-product","3":"status-publish","4":"has-post-thumbnail","6":"product_brand-surefire","7":"product_cat-prislusenstvi-ke-svitilnam","8":"product_cat-puska","9":"product_cat-svitilny","11":"first","12":"instock","13":"taxable","14":"shipping-taxable","15":"purchasable","16":"product-type-variable","17":"wvs-archive-product-wrapper"},"acf":[],"_links":{"self":[{"href":"https:\/\/staging.nbg.eu\/cs\/wp-json\/wp\/v2\/product\/67434","targetHints":{"allow":["GET"]}}],"collection":[{"href":"https:\/\/staging.nbg.eu\/cs\/wp-json\/wp\/v2\/product"}],"about":[{"href":"https:\/\/staging.nbg.eu\/cs\/wp-json\/wp\/v2\/types\/product"}],"wp:featuredmedia":[{"embeddable":true,"href":"https:\/\/staging.nbg.eu\/cs\/wp-json\/wp\/v2\/media\/67435"}],"wp:attachment":[{"href":"https:\/\/staging.nbg.eu\/cs\/wp-json\/wp\/v2\/media?parent=67434"}],"wp:term":[{"taxonomy":"product_brand","embeddable":true,"href":"https:\/\/staging.nbg.eu\/cs\/wp-json\/wp\/v2\/product_brand?post=67434"},{"taxonomy":"product_cat","embeddable":true,"href":"https:\/\/staging.nbg.eu\/cs\/wp-json\/wp\/v2\/product_cat?post=67434"},{"taxonomy":"product_tag","embeddable":true,"href":"https:\/\/staging.nbg.eu\/cs\/wp-json\/wp\/v2\/product_tag?post=67434"}],"curies":[{"name":"wp","href":"https:\/\/api.w.org\/{rel}","templated":true}]}}