{"id":67348,"date":"2024-01-13T12:20:15","date_gmt":"2024-09-20T12:06:18","guid":{"rendered":"https:\/\/staging.nbg.eu\/product\/surefire-ue-sr07-scout-light-remote-switch\/"},"modified":"2024-09-20T12:07:03","modified_gmt":"2024-09-20T12:07:03","slug":"surefire-ue-sr07-dalkovy-spinac-scout-light","status":"publish","type":"product","link":"https:\/\/staging.nbg.eu\/cs\/produkt\/surefire-ue-sr07-dalkovy-spinac-scout-light\/","title":{"rendered":"SureFire UE-SR07 D\u00e1lkov\u00fd Sp\u00edna\u010d Scout Light"},"content":{"rendered":"<p>\nSureFire UE-SR07 SCOUT LIGHT d\u00e1lkov\u00fd sp\u00edna\u010d nab\u00edz\u00ed:<\/p>\n<ul>\n<li>P\u0159ipojiteln\u00fd SR07 d\u00e1lkov\u00fd sp\u00edna\u010d s dotykov\u00fdm tla\u010d\u00edtkem pro do\u010dasn\u00e9 zapnut\u00ed a p\u0159ep\u00edna\u010dem pro trval\u00e9 zapnut\u00ed\/vypnut\u00ed<\/li>\n<li>Pouzdro kompatibiln\u00ed s MIL-STD-1913<\/li>\n<li>Tlakov\u00fd pad se p\u0159ipev\u0148uje na Picatinny li\u0161ty<\/li>\n<li>Funkce deaktivace syst\u00e9mu<\/li>\n<li>\u00dapln\u00e9 ovl\u00e1d\u00e1n\u00ed sp\u00edn\u00e1n\u00ed s UE koncovkou<\/li>\n<\/ul>\n","protected":false},"excerpt":{"rendered":"<p>D\u00e1lkov\u00fd sp\u00edna\u010d pro SureFire Scout Light: Ovl\u00e1d\u00e1n\u00ed pro do\u010dasn\u00e9 a trval\u00e9 zapnut\u00ed.<\/p>\n","protected":false},"featured_media":67349,"template":"","meta":{"_acf_changed":false},"product_brand":[11860],"product_cat":[],"product_tag":[],"class_list":{"0":"post-67348","1":"product","2":"type-product","3":"status-publish","4":"has-post-thumbnail","6":"product_brand-surefire","8":"first","9":"outofstock","10":"taxable","11":"shipping-taxable","12":"product-type-variable","13":"wvs-archive-product-wrapper"},"acf":[],"_links":{"self":[{"href":"https:\/\/staging.nbg.eu\/cs\/wp-json\/wp\/v2\/product\/67348","targetHints":{"allow":["GET"]}}],"collection":[{"href":"https:\/\/staging.nbg.eu\/cs\/wp-json\/wp\/v2\/product"}],"about":[{"href":"https:\/\/staging.nbg.eu\/cs\/wp-json\/wp\/v2\/types\/product"}],"wp:featuredmedia":[{"embeddable":true,"href":"https:\/\/staging.nbg.eu\/cs\/wp-json\/wp\/v2\/media\/67349"}],"wp:attachment":[{"href":"https:\/\/staging.nbg.eu\/cs\/wp-json\/wp\/v2\/media?parent=67348"}],"wp:term":[{"taxonomy":"product_brand","embeddable":true,"href":"https:\/\/staging.nbg.eu\/cs\/wp-json\/wp\/v2\/product_brand?post=67348"},{"taxonomy":"product_cat","embeddable":true,"href":"https:\/\/staging.nbg.eu\/cs\/wp-json\/wp\/v2\/product_cat?post=67348"},{"taxonomy":"product_tag","embeddable":true,"href":"https:\/\/staging.nbg.eu\/cs\/wp-json\/wp\/v2\/product_tag?post=67348"}],"curies":[{"name":"wp","href":"https:\/\/api.w.org\/{rel}","templated":true}]}}