{"id":67302,"date":"2024-01-13T12:52:23","date_gmt":"2024-09-20T12:05:01","guid":{"rendered":"https:\/\/staging.nbg.eu\/product\/surefire-sr07-weaponlight-switch\/"},"modified":"2024-09-20T12:05:42","modified_gmt":"2024-09-20T12:05:42","slug":"surefire-sr07-spinac-pro-zbranovou-svitilnu","status":"publish","type":"product","link":"https:\/\/staging.nbg.eu\/cs\/produkt\/surefire-sr07-spinac-pro-zbranovou-svitilnu\/","title":{"rendered":"SureFire SR07 Sp\u00edna\u010d pro Zbra\u0148ovou Sv\u00edtilnu"},"content":{"rendered":"<p>\nSureFire SR07 poskytuje d\u00e1lkov\u00e9 ovl\u00e1d\u00e1n\u00ed pro SureFire WeaponLights. Vlastnosti:<\/p>\n<ul>\n<li>Tla\u010d\u00edtko pro do\u010dasn\u00e9 zapnut\u00ed<\/li>\n<li>Tla\u010d\u00edtko pro trval\u00e9 zapnut\u00ed<\/li>\n<li>18 cm kabel<\/li>\n<li>Up\u00ednac\u00ed mechanismus pro Picatinny li\u0161tu<\/li>\n<\/ul>\n<p>Dvoutla\u010d\u00edtkov\u00e9 ovl\u00e1d\u00e1n\u00ed pro va\u0161i zbra\u0148.<\/p>\n","protected":false},"excerpt":{"rendered":"<p>D\u00e1lkov\u00fd dvojit\u00fd sp\u00edna\u010d pro SureFire WeaponLights. Montovateln\u00fd na li\u0161tu.<\/p>\n","protected":false},"featured_media":67303,"template":"","meta":{"_acf_changed":false},"product_brand":[11860],"product_cat":[12724,12709,12700],"product_tag":[],"class_list":{"0":"post-67302","1":"product","2":"type-product","3":"status-publish","4":"has-post-thumbnail","6":"product_brand-surefire","7":"product_cat-prislusenstvi-ke-svitilnam","8":"product_cat-puska","9":"product_cat-svitilny","11":"first","12":"instock","13":"taxable","14":"shipping-taxable","15":"purchasable","16":"product-type-simple"},"acf":[],"_links":{"self":[{"href":"https:\/\/staging.nbg.eu\/cs\/wp-json\/wp\/v2\/product\/67302","targetHints":{"allow":["GET"]}}],"collection":[{"href":"https:\/\/staging.nbg.eu\/cs\/wp-json\/wp\/v2\/product"}],"about":[{"href":"https:\/\/staging.nbg.eu\/cs\/wp-json\/wp\/v2\/types\/product"}],"wp:featuredmedia":[{"embeddable":true,"href":"https:\/\/staging.nbg.eu\/cs\/wp-json\/wp\/v2\/media\/67303"}],"wp:attachment":[{"href":"https:\/\/staging.nbg.eu\/cs\/wp-json\/wp\/v2\/media?parent=67302"}],"wp:term":[{"taxonomy":"product_brand","embeddable":true,"href":"https:\/\/staging.nbg.eu\/cs\/wp-json\/wp\/v2\/product_brand?post=67302"},{"taxonomy":"product_cat","embeddable":true,"href":"https:\/\/staging.nbg.eu\/cs\/wp-json\/wp\/v2\/product_cat?post=67302"},{"taxonomy":"product_tag","embeddable":true,"href":"https:\/\/staging.nbg.eu\/cs\/wp-json\/wp\/v2\/product_tag?post=67302"}],"curies":[{"name":"wp","href":"https:\/\/api.w.org\/{rel}","templated":true}]}}