{"id":66988,"date":"2024-01-13T13:29:38","date_gmt":"2024-09-20T11:59:34","guid":{"rendered":"https:\/\/staging.nbg.eu\/product\/surefire-x300u-a\/"},"modified":"2025-02-19T14:49:57","modified_gmt":"2025-02-19T14:49:57","slug":"surefire-x300u-a","status":"publish","type":"product","link":"https:\/\/staging.nbg.eu\/cs\/produkt\/surefire-x300u-a\/","title":{"rendered":"SureFire X300U-A"},"content":{"rendered":"<div class=\"product-description\">\n<h2>SureFire X300U-A Taktick\u00e9 sv\u011btlo na zbra\u0148<\/h2>\n<p>SureFire X300U-A je taktick\u00e9 sv\u011btlo navr\u017een\u00e9 pro profesion\u00e1ly. Toto za\u0159\u00edzen\u00ed poskytuje 1000 lumen\u016f LED v\u00fdkonu, zaost\u0159en\u00fdch p\u0159esnou TIR \u010do\u010dkou.<\/p>\n<ul>\n<li>Syst\u00e9m rychl\u00e9ho odpojen\u00ed pro snadn\u00e9 p\u0159ipevn\u011bn\u00ed\/odstran\u011bn\u00ed<\/li>\n<li>Oboustrann\u00e9 ovl\u00e1d\u00e1n\u00ed pro okam\u017eitou aktivaci<\/li>\n<li>T\u011blo z leteck\u00e9ho hlin\u00edku s tvrd\u011b eloxovanou povrchovou \u00fapravou podle vojensk\u00fdch specifikac\u00ed<\/li>\n<li>Vodot\u011bsnost IPX7 (1 metr po dobu 30 minut)<\/li>\n<li>1,25 hodiny provozu na dv\u011b p\u0159ilo\u017een\u00e9 lithiov\u00e9 baterie 123A<\/li>\n<li>Kompaktn\u00ed design: d\u00e9lka 9,55 cm, hmotnost 113 g<\/li>\n<\/ul>\n<p>SureFire X300U-A osv\u011btluje c\u00edle na velk\u00e9 vzd\u00e1lenosti a umo\u017e\u0148uje zachovat situa\u010dn\u00ed pov\u011bdom\u00ed.<\/p>\n<\/div>\n","protected":false},"excerpt":{"rendered":"<p>SureFire X300U-A: 1000lumenov\u00e1 taktick\u00e1 sv\u00edtilna pro pistole a pu\u0161ky.<\/p>\n","protected":false},"featured_media":66989,"template":"","meta":{"_acf_changed":false},"product_brand":[11860],"product_cat":[12666,12700,12693],"product_tag":[],"class_list":{"0":"post-66988","1":"product","2":"type-product","3":"status-publish","4":"has-post-thumbnail","6":"product_brand-surefire","7":"product_cat-pistole","8":"product_cat-svitilny","9":"product_cat-svitilny-na-pistole","11":"first","12":"instock","13":"taxable","14":"shipping-taxable","15":"purchasable","16":"product-type-variable","17":"wvs-archive-product-wrapper"},"acf":[],"_links":{"self":[{"href":"https:\/\/staging.nbg.eu\/cs\/wp-json\/wp\/v2\/product\/66988","targetHints":{"allow":["GET"]}}],"collection":[{"href":"https:\/\/staging.nbg.eu\/cs\/wp-json\/wp\/v2\/product"}],"about":[{"href":"https:\/\/staging.nbg.eu\/cs\/wp-json\/wp\/v2\/types\/product"}],"wp:featuredmedia":[{"embeddable":true,"href":"https:\/\/staging.nbg.eu\/cs\/wp-json\/wp\/v2\/media\/66989"}],"wp:attachment":[{"href":"https:\/\/staging.nbg.eu\/cs\/wp-json\/wp\/v2\/media?parent=66988"}],"wp:term":[{"taxonomy":"product_brand","embeddable":true,"href":"https:\/\/staging.nbg.eu\/cs\/wp-json\/wp\/v2\/product_brand?post=66988"},{"taxonomy":"product_cat","embeddable":true,"href":"https:\/\/staging.nbg.eu\/cs\/wp-json\/wp\/v2\/product_cat?post=66988"},{"taxonomy":"product_tag","embeddable":true,"href":"https:\/\/staging.nbg.eu\/cs\/wp-json\/wp\/v2\/product_tag?post=66988"}],"curies":[{"name":"wp","href":"https:\/\/api.w.org\/{rel}","templated":true}]}}