{"id":66740,"date":"2024-01-13T20:15:17","date_gmt":"2024-09-20T11:56:56","guid":{"rendered":"https:\/\/staging.nbg.eu\/product\/surefire-x300u-b\/"},"modified":"2025-02-19T14:57:46","modified_gmt":"2025-02-19T14:57:46","slug":"surefire-x300u-b","status":"publish","type":"product","link":"https:\/\/staging.nbg.eu\/cs\/produkt\/surefire-x300u-b\/","title":{"rendered":"SureFire X300U-B"},"content":{"rendered":"<div class=\"product-description\">\n<h2>SureFire X300U-B Taktick\u00e9 sv\u011btlo na zbra\u0148<\/h2>\n<p>SureFire X300U-B je taktick\u00e9 sv\u011btlo s vysok\u00fdm v\u00fdkonem. Poskytuje 1000 lumen\u016f LED sv\u011btla, zaost\u0159en\u00e9 p\u0159esnou TIR \u010do\u010dkou.<\/p>\n<ul>\n<li>T-slot \u0161roub pro bezpe\u010dn\u00e9 p\u0159ipevn\u011bn\u00ed na li\u0161ty<\/li>\n<li>Oboustrann\u00e9 ovl\u00e1d\u00e1n\u00ed pro okam\u017eitou aktivaci<\/li>\n<li>T\u011blo z leteck\u00e9ho hlin\u00edku s tvrd\u011b eloxovanou povrchovou \u00fapravou<\/li>\n<li>Vodot\u011bsnost IPX7 (1 metr po dobu 30 minut)<\/li>\n<li>1,25 hodiny provozu na dv\u011b p\u0159ilo\u017een\u00e9 lithiov\u00e9 baterie 123A<\/li>\n<li>Kompaktn\u00ed rozm\u011bry: d\u00e9lka 3,76 palce, hmotnost 4,0 unce<\/li>\n<\/ul>\n<p>SureFire X300U-B osv\u011btluje c\u00edle na velk\u00e9 vzd\u00e1lenosti a umo\u017e\u0148uje udr\u017eet si p\u0159ehled o situaci.<\/p>\n<\/div>\n","protected":false},"excerpt":{"rendered":"<p>SureFire X300U-B: 1000lumenov\u00e1 taktick\u00e1 sv\u00edtilna pro kr\u00e1tk\u00e9 a dlouh\u00e9 zbran\u011b.<\/p>\n","protected":false},"featured_media":66741,"template":"","meta":{"_acf_changed":false},"product_brand":[11860],"product_cat":[12666,12700,12693],"product_tag":[],"class_list":{"0":"post-66740","1":"product","2":"type-product","3":"status-publish","4":"has-post-thumbnail","6":"product_brand-surefire","7":"product_cat-pistole","8":"product_cat-svitilny","9":"product_cat-svitilny-na-pistole","11":"first","12":"instock","13":"taxable","14":"shipping-taxable","15":"purchasable","16":"product-type-variable","17":"wvs-archive-product-wrapper"},"acf":[],"_links":{"self":[{"href":"https:\/\/staging.nbg.eu\/cs\/wp-json\/wp\/v2\/product\/66740","targetHints":{"allow":["GET"]}}],"collection":[{"href":"https:\/\/staging.nbg.eu\/cs\/wp-json\/wp\/v2\/product"}],"about":[{"href":"https:\/\/staging.nbg.eu\/cs\/wp-json\/wp\/v2\/types\/product"}],"wp:featuredmedia":[{"embeddable":true,"href":"https:\/\/staging.nbg.eu\/cs\/wp-json\/wp\/v2\/media\/66741"}],"wp:attachment":[{"href":"https:\/\/staging.nbg.eu\/cs\/wp-json\/wp\/v2\/media?parent=66740"}],"wp:term":[{"taxonomy":"product_brand","embeddable":true,"href":"https:\/\/staging.nbg.eu\/cs\/wp-json\/wp\/v2\/product_brand?post=66740"},{"taxonomy":"product_cat","embeddable":true,"href":"https:\/\/staging.nbg.eu\/cs\/wp-json\/wp\/v2\/product_cat?post=66740"},{"taxonomy":"product_tag","embeddable":true,"href":"https:\/\/staging.nbg.eu\/cs\/wp-json\/wp\/v2\/product_tag?post=66740"}],"curies":[{"name":"wp","href":"https:\/\/api.w.org\/{rel}","templated":true}]}}