{"id":66494,"date":"2024-01-30T18:10:41","date_gmt":"2024-09-20T11:53:27","guid":{"rendered":"https:\/\/staging.nbg.eu\/product\/surefire-x300t-a\/"},"modified":"2024-09-20T11:54:13","modified_gmt":"2024-09-20T11:54:13","slug":"surefire-x300t-a","status":"publish","type":"product","link":"https:\/\/staging.nbg.eu\/cs\/produkt\/surefire-x300t-a\/","title":{"rendered":"SureFire X300T-A"},"content":{"rendered":"<div class=\"product-description\">\n<h2>SureFire X300T-A Taktick\u00e9 sv\u011btlo na zbra\u0148<\/h2>\n<p>SureFire X300T-A je taktick\u00e9 sv\u011btlo navr\u017een\u00e9 pro profesion\u00e1ly. S intenzitou paprsku 66 000 kandel a v\u00fdkonem 650 lumen\u016f toto sv\u011btlo poskytuje:<\/p>\n<ul>\n<li>Turbo vzor paprsku pro identifikaci c\u00edle na velk\u00e9 vzd\u00e1lenosti<\/li>\n<li>Syst\u00e9m upevn\u011bn\u00ed Lever Latch pro mont\u00e1\u017e na univerz\u00e1ln\u00ed a Picatinny li\u0161ty<\/li>\n<li>Oboustrann\u00e9 ovl\u00e1d\u00e1n\u00ed pro rychlou aktivaci<\/li>\n<li>Kompatibilita s existuj\u00edc\u00edmi pouzdry X300U-A<\/li>\n<li>T\u011blo z leteck\u00e9ho hlin\u00edku s tvrdou anodizovanou povrchovou \u00fapravou<\/li>\n<li>Vodot\u011bsnost IPX7 (1 metr po dobu 30 minut)<\/li>\n<li>1,5 hodiny provozu na dv\u011b p\u0159ilo\u017een\u00e9 lithiov\u00e9 baterie 123A<\/li>\n<\/ul>\n<p>X300T-A osv\u011btluje c\u00edle a\u017e do vzd\u00e1lenosti 514 metr\u016f.<\/p>\n<\/div>\n","protected":false},"excerpt":{"rendered":"<p>SureFire X300T-A: 66 000 kandelov\u00e1 taktick\u00e1 sv\u00edtilna pro identifikaci c\u00edl\u016f na dlouh\u00e9 vzd\u00e1lenosti.<\/p>\n","protected":false},"featured_media":66495,"template":"","meta":{"_acf_changed":false},"product_brand":[11860],"product_cat":[12666,12700,12693],"product_tag":[],"class_list":{"0":"post-66494","1":"product","2":"type-product","3":"status-publish","4":"has-post-thumbnail","6":"product_brand-surefire","7":"product_cat-pistole","8":"product_cat-svitilny","9":"product_cat-svitilny-na-pistole","11":"first","12":"instock","13":"taxable","14":"shipping-taxable","15":"purchasable","16":"product-type-variable","17":"wvs-archive-product-wrapper"},"acf":[],"_links":{"self":[{"href":"https:\/\/staging.nbg.eu\/cs\/wp-json\/wp\/v2\/product\/66494","targetHints":{"allow":["GET"]}}],"collection":[{"href":"https:\/\/staging.nbg.eu\/cs\/wp-json\/wp\/v2\/product"}],"about":[{"href":"https:\/\/staging.nbg.eu\/cs\/wp-json\/wp\/v2\/types\/product"}],"wp:featuredmedia":[{"embeddable":true,"href":"https:\/\/staging.nbg.eu\/cs\/wp-json\/wp\/v2\/media\/66495"}],"wp:attachment":[{"href":"https:\/\/staging.nbg.eu\/cs\/wp-json\/wp\/v2\/media?parent=66494"}],"wp:term":[{"taxonomy":"product_brand","embeddable":true,"href":"https:\/\/staging.nbg.eu\/cs\/wp-json\/wp\/v2\/product_brand?post=66494"},{"taxonomy":"product_cat","embeddable":true,"href":"https:\/\/staging.nbg.eu\/cs\/wp-json\/wp\/v2\/product_cat?post=66494"},{"taxonomy":"product_tag","embeddable":true,"href":"https:\/\/staging.nbg.eu\/cs\/wp-json\/wp\/v2\/product_tag?post=66494"}],"curies":[{"name":"wp","href":"https:\/\/api.w.org\/{rel}","templated":true}]}}