{"id":66305,"date":"2024-01-16T19:29:25","date_gmt":"2024-09-20T11:50:48","guid":{"rendered":"https:\/\/staging.nbg.eu\/product\/surefire-x300t-b-weaponlight\/"},"modified":"2024-09-20T11:51:34","modified_gmt":"2024-09-20T11:51:34","slug":"surefire-x300t-b-zbranova-svitilna","status":"publish","type":"product","link":"https:\/\/staging.nbg.eu\/cs\/produkt\/surefire-x300t-b-zbranova-svitilna\/","title":{"rendered":"SureFire X300T-B Zbra\u0148ov\u00e1 Sv\u00edtilna"},"content":{"rendered":"<div class=\"product-description\">\n<h2>SureFire X300T-B WEAPONLIGHT<\/h2>\n<p>SureFire X300T-B WEAPONLIGHT je verze Turbo Series na\u0161eho X300 sv\u00edtilny na zbra\u0148. Nab\u00edz\u00ed:<\/p>\n<ul>\n<li>Intenzita paprsku 66 000 kandel<\/li>\n<li>650 lumen\u016f b\u00edl\u00e9ho sv\u011btla<\/li>\n<li>Turbo paprsek pro identifikaci na velk\u00e9 vzd\u00e1lenosti<\/li>\n<li>1,5 hodiny provozu na dv\u011b 123A lithiov\u00e9 baterie (sou\u010d\u00e1st\u00ed balen\u00ed)<\/li>\n<\/ul>\n<p>X300T-B obsahuje:<\/p>\n<ul>\n<li>T-slot \u0161roub pro p\u0159ipevn\u011bn\u00ed na Universal a Picatinny li\u0161ty<\/li>\n<li>Oboustrann\u00e9 ovl\u00e1d\u00e1n\u00ed<\/li>\n<li>Kompatibilita s pouzdry X300U-B<\/li>\n<li>T\u011blo z leteck\u00e9ho hlin\u00edku s tvrd\u011b eloxovanou povrchovou \u00fapravou<\/li>\n<li>Vodot\u011bsnost IPX7 (pono\u0159en\u00ed do 1 metru na 30 minut)<\/li>\n<\/ul>\n<p>Specifikace:<\/p>\n<ul>\n<li>D\u00e9lka: 9,55 cm<\/li>\n<li>Hmotnost s bateriemi: 124,7 g<\/li>\n<li>Pr\u016fm\u011br hlavice: 2,9 cm<\/li>\n<li>Efektivn\u00ed dosah: 514 metr\u016f<\/li>\n<\/ul>\n<p>SureFire X300T-B WEAPONLIGHT poskytuje v\u00fdkon a spolehlivost v kritick\u00fdch situac\u00edch.<\/p>\n<\/div>\n","protected":false},"excerpt":{"rendered":"<p>V\u00fdkonn\u00e9 650lumenov\u00e9 zbra\u0148ov\u00e9 sv\u011btlo s paprskem o intenzit\u011b 66 000 kandel pro identifikaci na extr\u00e9mn\u00ed vzd\u00e1lenost.<\/p>\n","protected":false},"featured_media":83163,"template":"","meta":{"_acf_changed":false},"product_brand":[11860],"product_cat":[12666,12700,12693],"product_tag":[],"class_list":{"0":"post-66305","1":"product","2":"type-product","3":"status-publish","4":"has-post-thumbnail","6":"product_brand-surefire","7":"product_cat-pistole","8":"product_cat-svitilny","9":"product_cat-svitilny-na-pistole","11":"first","12":"instock","13":"taxable","14":"shipping-taxable","15":"purchasable","16":"product-type-variable","17":"wvs-archive-product-wrapper"},"acf":[],"_links":{"self":[{"href":"https:\/\/staging.nbg.eu\/cs\/wp-json\/wp\/v2\/product\/66305","targetHints":{"allow":["GET"]}}],"collection":[{"href":"https:\/\/staging.nbg.eu\/cs\/wp-json\/wp\/v2\/product"}],"about":[{"href":"https:\/\/staging.nbg.eu\/cs\/wp-json\/wp\/v2\/types\/product"}],"wp:featuredmedia":[{"embeddable":true,"href":"https:\/\/staging.nbg.eu\/cs\/wp-json\/wp\/v2\/media\/83163"}],"wp:attachment":[{"href":"https:\/\/staging.nbg.eu\/cs\/wp-json\/wp\/v2\/media?parent=66305"}],"wp:term":[{"taxonomy":"product_brand","embeddable":true,"href":"https:\/\/staging.nbg.eu\/cs\/wp-json\/wp\/v2\/product_brand?post=66305"},{"taxonomy":"product_cat","embeddable":true,"href":"https:\/\/staging.nbg.eu\/cs\/wp-json\/wp\/v2\/product_cat?post=66305"},{"taxonomy":"product_tag","embeddable":true,"href":"https:\/\/staging.nbg.eu\/cs\/wp-json\/wp\/v2\/product_tag?post=66305"}],"curies":[{"name":"wp","href":"https:\/\/api.w.org\/{rel}","templated":true}]}}