{"id":66214,"date":"2024-01-18T13:56:08","date_gmt":"2024-09-20T11:48:10","guid":{"rendered":"https:\/\/staging.nbg.eu\/product\/surefire-switch-assembly-z-xbc\/"},"modified":"2024-09-20T11:49:02","modified_gmt":"2024-09-20T11:49:02","slug":"surefire-switch-assembly-z-xbc","status":"publish","type":"product","link":"https:\/\/staging.nbg.eu\/cs\/produkt\/surefire-switch-assembly-z-xbc\/","title":{"rendered":"SureFire Switch Assembly Z-XBC"},"content":{"rendered":"<p>\nSp\u00ednac\u00ed sestava SureFire Z-XBC je n\u00e1hradn\u00ed sp\u00edna\u010d pro sv\u00edtilny X300, X400 a XH30. Vlastnosti zahrnuj\u00ed:<\/p>\n<ul>\n<li>Oboustrann\u00fd sp\u00edna\u010d s okam\u017eit\u00fdm a trval\u00fdm zapnut\u00edm<\/li>\n<li>Konstrukce z odoln\u00e9ho polymeru<\/li>\n<li>Dostupn\u00e9 v \u010dern\u00e9 nebo p\u00edskov\u00e9 barv\u011b<\/li>\n<\/ul>\n<p>Nen\u00ed kompatibiln\u00ed se sv\u00edtilnou XH50G. Ujist\u011bte se, \u017ee pou\u017e\u00edv\u00e1te spr\u00e1vn\u00fd sp\u00edna\u010d pro va\u0161i sv\u00edtilnu SureFire.<\/p>\n","protected":false},"excerpt":{"rendered":"<p>N\u00e1hradn\u00ed sp\u00edna\u010d pro SureFire X300\/X400\/XH30 zbra\u0148ov\u00e1 sv\u011btla. Du\u00e1ln\u00ed re\u017eim.<\/p>\n","protected":false},"featured_media":66215,"template":"","meta":{"_acf_changed":false},"product_brand":[11860],"product_cat":[12666,12724,12700,12693],"product_tag":[],"class_list":{"0":"post-66214","1":"product","2":"type-product","3":"status-publish","4":"has-post-thumbnail","6":"product_brand-surefire","7":"product_cat-pistole","8":"product_cat-prislusenstvi-ke-svitilnam","9":"product_cat-svitilny","10":"product_cat-svitilny-na-pistole","12":"first","13":"instock","14":"taxable","15":"shipping-taxable","16":"purchasable","17":"product-type-variable","18":"wvs-archive-product-wrapper"},"acf":[],"_links":{"self":[{"href":"https:\/\/staging.nbg.eu\/cs\/wp-json\/wp\/v2\/product\/66214","targetHints":{"allow":["GET"]}}],"collection":[{"href":"https:\/\/staging.nbg.eu\/cs\/wp-json\/wp\/v2\/product"}],"about":[{"href":"https:\/\/staging.nbg.eu\/cs\/wp-json\/wp\/v2\/types\/product"}],"wp:featuredmedia":[{"embeddable":true,"href":"https:\/\/staging.nbg.eu\/cs\/wp-json\/wp\/v2\/media\/66215"}],"wp:attachment":[{"href":"https:\/\/staging.nbg.eu\/cs\/wp-json\/wp\/v2\/media?parent=66214"}],"wp:term":[{"taxonomy":"product_brand","embeddable":true,"href":"https:\/\/staging.nbg.eu\/cs\/wp-json\/wp\/v2\/product_brand?post=66214"},{"taxonomy":"product_cat","embeddable":true,"href":"https:\/\/staging.nbg.eu\/cs\/wp-json\/wp\/v2\/product_cat?post=66214"},{"taxonomy":"product_tag","embeddable":true,"href":"https:\/\/staging.nbg.eu\/cs\/wp-json\/wp\/v2\/product_tag?post=66214"}],"curies":[{"name":"wp","href":"https:\/\/api.w.org\/{rel}","templated":true}]}}