{"id":66168,"date":"2024-01-19T18:03:48","date_gmt":"2024-01-19T18:03:48","guid":{"rendered":"https:\/\/staging.nbg.eu\/product\/surefire-sf18350\/"},"modified":"2024-09-20T11:47:12","modified_gmt":"2024-09-20T11:47:12","slug":"surefire-sf18350","status":"publish","type":"product","link":"https:\/\/staging.nbg.eu\/cs\/produkt\/surefire-sf18350\/","title":{"rendered":"SureFire SF18350"},"content":{"rendered":"<div class=\"product-description\">\n<h2>SureFire SF18350 dob\u00edjec\u00ed baterie<\/h2>\n<p>Nap\u00e1jejte sv\u00e9 SureFire 3-voltov\u00e9 osv\u011btlovac\u00ed n\u00e1stroje Dual Fuel bateri\u00ed SF18350. Vlastnosti:<\/p>\n<ul>\n<li>3,7 volt\u016f \/ kapacita 1100 mAh<\/li>\n<li>MICRO-USB nab\u00edjen\u00ed<\/li>\n<li>Lithium-iontov\u00e1 chr\u00e1n\u011bn\u00e1 konstrukce 18350<\/li>\n<li>Kompatibiln\u00ed s produkty SureFire Dual Fuel nap\u00e1jen\u00fdmi jednou bateri\u00ed 123A<\/li>\n<\/ul>\n<p>Obsahuje kabel MICRO-USB na USB pro nab\u00edjen\u00ed z r\u016fzn\u00fdch zdroj\u016f. Nen\u00ed kompatibiln\u00ed s produkty bez Dual Fuel.<\/p>\n<\/div>\n","protected":false},"excerpt":{"rendered":"<p>Dob\u00edjec\u00ed baterie 18350: 3,7 V, 1100 mAh, nab\u00edjen\u00ed p\u0159es MICRO-USB.<\/p>\n","protected":false},"featured_media":66169,"template":"","meta":{"_acf_changed":false},"product_brand":[11860],"product_cat":[12648,12700],"product_tag":[],"class_list":{"0":"post-66168","1":"product","2":"type-product","3":"status-publish","4":"has-post-thumbnail","6":"product_brand-surefire","7":"product_cat-baterie","8":"product_cat-svitilny","10":"first","11":"instock","12":"taxable","13":"shipping-taxable","14":"purchasable","15":"product-type-simple"},"acf":[],"_links":{"self":[{"href":"https:\/\/staging.nbg.eu\/cs\/wp-json\/wp\/v2\/product\/66168","targetHints":{"allow":["GET"]}}],"collection":[{"href":"https:\/\/staging.nbg.eu\/cs\/wp-json\/wp\/v2\/product"}],"about":[{"href":"https:\/\/staging.nbg.eu\/cs\/wp-json\/wp\/v2\/types\/product"}],"wp:featuredmedia":[{"embeddable":true,"href":"https:\/\/staging.nbg.eu\/cs\/wp-json\/wp\/v2\/media\/66169"}],"wp:attachment":[{"href":"https:\/\/staging.nbg.eu\/cs\/wp-json\/wp\/v2\/media?parent=66168"}],"wp:term":[{"taxonomy":"product_brand","embeddable":true,"href":"https:\/\/staging.nbg.eu\/cs\/wp-json\/wp\/v2\/product_brand?post=66168"},{"taxonomy":"product_cat","embeddable":true,"href":"https:\/\/staging.nbg.eu\/cs\/wp-json\/wp\/v2\/product_cat?post=66168"},{"taxonomy":"product_tag","embeddable":true,"href":"https:\/\/staging.nbg.eu\/cs\/wp-json\/wp\/v2\/product_tag?post=66168"}],"curies":[{"name":"wp","href":"https:\/\/api.w.org\/{rel}","templated":true}]}}