{"id":66126,"date":"2024-01-19T18:29:10","date_gmt":"2024-09-20T11:44:42","guid":{"rendered":"https:\/\/staging.nbg.eu\/product\/surefire-sf18650-b\/"},"modified":"2024-09-20T11:45:21","modified_gmt":"2024-09-20T11:45:21","slug":"surefire-sf18650-b","status":"publish","type":"product","link":"https:\/\/staging.nbg.eu\/cs\/produkt\/surefire-sf18650-b\/","title":{"rendered":"SureFire SF18650-B"},"content":{"rendered":"<div class=\"product-description\">\n<h2>SureFire SF18650-B Dob\u00edjec\u00ed baterie<\/h2>\n<p>Nov\u00e1 SF18650 dob\u00edjec\u00ed baterie poskytuje 3,6 volt\u016f a 3500 mAh pro del\u0161\u00ed dobu provozu. Obsahuje MICRO-USB nab\u00edjen\u00ed pro pohodln\u00e9 nab\u00edjen\u00ed z r\u016fzn\u00fdch zdroj\u016f. Kompatibiln\u00ed s vybran\u00fdmi produkty SureFire, v\u010detn\u011b \u0159ad FURY-DFT, EDC2-DFT a M600DF. Nab\u00edjen\u00ed p\u0159es USB nebo extern\u00ed nab\u00edjec\u00ed kol\u00e9bku pro 18650 (nen\u00ed sou\u010d\u00e1st\u00ed balen\u00ed). SF18650-B je ur\u010dena pro nab\u00edjen\u00ed a opakovan\u00e9 pou\u017eit\u00ed.<\/p>\n<\/div>\n","protected":false},"excerpt":{"rendered":"<p>Vysokokapacitn\u00ed dob\u00edjec\u00ed baterie 3500mAh s nab\u00edjen\u00edm p\u0159es MICRO-USB.<\/p>\n","protected":false},"featured_media":66127,"template":"","meta":{"_acf_changed":false},"product_brand":[11860],"product_cat":[12648,12699,12668,12700],"product_tag":[],"class_list":{"0":"post-66126","1":"product","2":"type-product","3":"status-publish","4":"has-post-thumbnail","6":"product_brand-surefire","7":"product_cat-baterie","8":"product_cat-edc","9":"product_cat-edc-svitilny","10":"product_cat-svitilny","12":"first","13":"instock","14":"taxable","15":"shipping-taxable","16":"purchasable","17":"product-type-simple"},"acf":[],"_links":{"self":[{"href":"https:\/\/staging.nbg.eu\/cs\/wp-json\/wp\/v2\/product\/66126","targetHints":{"allow":["GET"]}}],"collection":[{"href":"https:\/\/staging.nbg.eu\/cs\/wp-json\/wp\/v2\/product"}],"about":[{"href":"https:\/\/staging.nbg.eu\/cs\/wp-json\/wp\/v2\/types\/product"}],"wp:featuredmedia":[{"embeddable":true,"href":"https:\/\/staging.nbg.eu\/cs\/wp-json\/wp\/v2\/media\/66127"}],"wp:attachment":[{"href":"https:\/\/staging.nbg.eu\/cs\/wp-json\/wp\/v2\/media?parent=66126"}],"wp:term":[{"taxonomy":"product_brand","embeddable":true,"href":"https:\/\/staging.nbg.eu\/cs\/wp-json\/wp\/v2\/product_brand?post=66126"},{"taxonomy":"product_cat","embeddable":true,"href":"https:\/\/staging.nbg.eu\/cs\/wp-json\/wp\/v2\/product_cat?post=66126"},{"taxonomy":"product_tag","embeddable":true,"href":"https:\/\/staging.nbg.eu\/cs\/wp-json\/wp\/v2\/product_tag?post=66126"}],"curies":[{"name":"wp","href":"https:\/\/api.w.org\/{rel}","templated":true}]}}