{"id":66024,"date":"2024-01-21T16:19:01","date_gmt":"2024-09-20T11:39:15","guid":{"rendered":"https:\/\/staging.nbg.eu\/product\/surefire-edc1-dft\/"},"modified":"2024-09-20T11:40:04","modified_gmt":"2024-09-20T11:40:04","slug":"surefire-edc1-dft","status":"publish","type":"product","link":"https:\/\/staging.nbg.eu\/cs\/produkt\/surefire-edc1-dft\/","title":{"rendered":"SureFire EDC1-DFT"},"content":{"rendered":"<div class=\"product-description\">\n<h2>SureFire EDC1-DFT Turbo sv\u00edtilna<\/h2>\n<p>SureFire EDC1-DFT Turbo je kompaktn\u00ed sv\u00edtilna pro ka\u017edodenn\u00ed no\u0161en\u00ed. Tato sv\u00edtilna s du\u00e1ln\u00edm nap\u00e1jen\u00edm poskytuje:<\/p>\n<ul>\n<li>Intenzitu sv\u011bteln\u00e9ho paprsku 95 000 kandel (s p\u0159ilo\u017eenou bateri\u00ed SF18350)<\/li>\n<li>Turbo vzor paprsku pro soust\u0159ed\u011bn\u00e9 osv\u011btlen\u00ed na dlouh\u00e9 vzd\u00e1lenosti<\/li>\n<li>Technologie du\u00e1ln\u00edho nap\u00e1jen\u00ed: pou\u017eit\u00ed dob\u00edjec\u00ed SF18350 nebo jedn\u00e9 123A lithiov\u00e9 baterie<\/li>\n<li>T\u011blo z eloxovan\u00e9ho hlin\u00edku dle vojensk\u00e9 specifikace pro odolnost<\/li>\n<li>Vodot\u011bsnost IPX7<\/li>\n<\/ul>\n<p>Hlavn\u00ed vlastnosti:<\/p>\n<ul>\n<li>Vysok\u00fd v\u00fdkon: 650 lumen\u016f (s bateri\u00ed 18350)<\/li>\n<li>Doba provozu: 45 minut p\u0159i vysok\u00e9m v\u00fdkonu (s bateri\u00ed 18350)<\/li>\n<li>D\u00e9lka: 12,1 cm<\/li>\n<li>Hmotnost: 128,3 g s bateri\u00ed 18350<\/li>\n<li>Oboustrann\u00fd klip pro r\u016fzn\u00e9 mo\u017enosti no\u0161en\u00ed<\/li>\n<\/ul>\n<p>SureFire EDC1-DFT Turbo je kompaktn\u00ed sv\u00edtilna poskytuj\u00edc\u00ed vysokou viditelnost v r\u016fzn\u00fdch situac\u00edch.<\/p>\n<\/div>\n","protected":false},"excerpt":{"rendered":"<p>Kompaktn\u00ed EDC sv\u00edtilna s paprskem o sv\u00edtivosti 95 000 kandel a mo\u017enost\u00ed dvoj\u00edho nap\u00e1jen\u00ed.<\/p>\n","protected":false},"featured_media":66025,"template":"","meta":{"_acf_changed":false},"product_brand":[11860],"product_cat":[12699,12668,12700],"product_tag":[],"class_list":{"0":"post-66024","1":"product","2":"type-product","3":"status-publish","4":"has-post-thumbnail","6":"product_brand-surefire","7":"product_cat-edc","8":"product_cat-edc-svitilny","9":"product_cat-svitilny","11":"first","12":"instock","13":"taxable","14":"shipping-taxable","15":"purchasable","16":"product-type-variable","17":"wvs-archive-product-wrapper"},"acf":[],"_links":{"self":[{"href":"https:\/\/staging.nbg.eu\/cs\/wp-json\/wp\/v2\/product\/66024","targetHints":{"allow":["GET"]}}],"collection":[{"href":"https:\/\/staging.nbg.eu\/cs\/wp-json\/wp\/v2\/product"}],"about":[{"href":"https:\/\/staging.nbg.eu\/cs\/wp-json\/wp\/v2\/types\/product"}],"wp:featuredmedia":[{"embeddable":true,"href":"https:\/\/staging.nbg.eu\/cs\/wp-json\/wp\/v2\/media\/66025"}],"wp:attachment":[{"href":"https:\/\/staging.nbg.eu\/cs\/wp-json\/wp\/v2\/media?parent=66024"}],"wp:term":[{"taxonomy":"product_brand","embeddable":true,"href":"https:\/\/staging.nbg.eu\/cs\/wp-json\/wp\/v2\/product_brand?post=66024"},{"taxonomy":"product_cat","embeddable":true,"href":"https:\/\/staging.nbg.eu\/cs\/wp-json\/wp\/v2\/product_cat?post=66024"},{"taxonomy":"product_tag","embeddable":true,"href":"https:\/\/staging.nbg.eu\/cs\/wp-json\/wp\/v2\/product_tag?post=66024"}],"curies":[{"name":"wp","href":"https:\/\/api.w.org\/{rel}","templated":true}]}}