{"id":65701,"date":"2024-01-21T17:29:54","date_gmt":"2024-09-20T11:35:43","guid":{"rendered":"https:\/\/staging.nbg.eu\/product\/surefire-edc2-dft\/"},"modified":"2024-09-20T11:36:29","modified_gmt":"2024-09-20T11:36:29","slug":"surefire-edc2-dft","status":"publish","type":"product","link":"https:\/\/staging.nbg.eu\/cs\/produkt\/surefire-edc2-dft\/","title":{"rendered":"SureFire EDC2-DFT"},"content":{"rendered":"<h2>SureFire EDC2-DFT: Sv\u00edtilna<\/h2>\n<p>SureFire EDC2-DFT je kompaktn\u00ed sv\u00edtilna pro ka\u017edodenn\u00ed no\u0161en\u00ed. Vlastnosti:<\/p>\n<ul>\n<li>Intenzita paprsku 100 000 kandel (s p\u0159ilo\u017eenou bateri\u00ed SF18650B)<\/li>\n<li>Turbo vzor paprsku pro soust\u0159ed\u011bn\u00e9 osv\u011btlen\u00ed<\/li>\n<li>Dual Fuel technologie: pou\u017eit\u00ed dob\u00edjec\u00ed SF18650 nebo dvou 123A lithiov\u00fdch bateri\u00ed<\/li>\n<li>T\u011blo z tvrd\u011b eloxovan\u00e9ho hlin\u00edku, spl\u0148uje standard IPX7 pro vodot\u011bsnost<\/li>\n<li>V\u00fdstup 700 lumen\u016f s dobou provozu 2,75 hodiny (baterie 18650)<\/li>\n<li>Dosah paprsku 632 metr\u016f<\/li>\n<li>D\u00e9lka 5,91 palce, hmotnost 5,6 unc\u00ed<\/li>\n<\/ul>\n<p>Reflektor EDC2-DFT Turbo Series poskytuje nejdel\u0161\u00ed dosah paprsku v kompaktn\u00ed \u0159ad\u011b EDC od SureFire. M\u00e1 odolnou konstrukci a v\u0161estrannou oboustrannou sponu. Je vhodn\u00e1 pro osobn\u00ed bezpe\u010dnost i profesion\u00e1ln\u00ed pou\u017eit\u00ed.<\/p>\n<p>Sv\u00edtilna SureFire.<\/p>\n","protected":false},"excerpt":{"rendered":"<p>Kompaktn\u00ed, v\u00fdkonn\u00e1 sv\u00edtilna s paprskem o sv\u00edtivosti 100 000 kandel a dvoj\u00edm nap\u00e1jen\u00edm.<\/p>\n","protected":false},"featured_media":65702,"template":"","meta":{"_acf_changed":false},"product_brand":[11860],"product_cat":[12699,12668,12700],"product_tag":[],"class_list":{"0":"post-65701","1":"product","2":"type-product","3":"status-publish","4":"has-post-thumbnail","6":"product_brand-surefire","7":"product_cat-edc","8":"product_cat-edc-svitilny","9":"product_cat-svitilny","11":"first","12":"instock","13":"taxable","14":"shipping-taxable","15":"purchasable","16":"product-type-variable","17":"wvs-archive-product-wrapper"},"acf":[],"_links":{"self":[{"href":"https:\/\/staging.nbg.eu\/cs\/wp-json\/wp\/v2\/product\/65701","targetHints":{"allow":["GET"]}}],"collection":[{"href":"https:\/\/staging.nbg.eu\/cs\/wp-json\/wp\/v2\/product"}],"about":[{"href":"https:\/\/staging.nbg.eu\/cs\/wp-json\/wp\/v2\/types\/product"}],"wp:featuredmedia":[{"embeddable":true,"href":"https:\/\/staging.nbg.eu\/cs\/wp-json\/wp\/v2\/media\/65702"}],"wp:attachment":[{"href":"https:\/\/staging.nbg.eu\/cs\/wp-json\/wp\/v2\/media?parent=65701"}],"wp:term":[{"taxonomy":"product_brand","embeddable":true,"href":"https:\/\/staging.nbg.eu\/cs\/wp-json\/wp\/v2\/product_brand?post=65701"},{"taxonomy":"product_cat","embeddable":true,"href":"https:\/\/staging.nbg.eu\/cs\/wp-json\/wp\/v2\/product_cat?post=65701"},{"taxonomy":"product_tag","embeddable":true,"href":"https:\/\/staging.nbg.eu\/cs\/wp-json\/wp\/v2\/product_tag?post=65701"}],"curies":[{"name":"wp","href":"https:\/\/api.w.org\/{rel}","templated":true}]}}