{"id":65610,"date":"2024-01-21T17:47:21","date_gmt":"2024-09-20T11:31:46","guid":{"rendered":"https:\/\/staging.nbg.eu\/product\/surefire-sflfp123-batteries\/"},"modified":"2024-09-20T11:32:27","modified_gmt":"2024-09-20T11:32:27","slug":"surefire-sflfp123-baterie","status":"publish","type":"product","link":"https:\/\/staging.nbg.eu\/cs\/produkt\/surefire-sflfp123-baterie\/","title":{"rendered":"SureFire SFLFP123 baterie"},"content":{"rendered":"<div class=\"product-description\">\n<h2>Dob\u00edjec\u00ed baterie SureFire SFLFP123<\/h2>\n<p>Nap\u00e1jejte sv\u00e9 LED osv\u011btlovac\u00ed za\u0159\u00edzen\u00ed dob\u00edjec\u00edmi bateriemi SureFire SFLFP123 Lithium Iron Phosphate (LiFePO4). Tyto 3,2V \u010dl\u00e1nky maj\u00ed kapacitu 450mAh a energii 1,44Wh, co\u017e zaji\u0161\u0165uje dlouhotrvaj\u00edc\u00ed v\u00fdkon.<\/p>\n<ul>\n<li>Intern\u00ed obvody pro bezpe\u010dn\u00e9 nab\u00edjen\u00ed<\/li>\n<li>Ochrana proti p\u0159ebit\u00ed, zkratu a p\u0159ep\u00f3lov\u00e1n\u00ed<\/li>\n<li>Doba nab\u00edjen\u00ed: 1,5 a\u017e 3 hodiny<\/li>\n<li>Hmotnost: 17 gram\u016f na baterii<\/li>\n<li>K dispozici jako sada bateri\u00ed nebo kompletn\u00ed sada s nab\u00edje\u010dkou<\/li>\n<\/ul>\n<p>Pozn\u00e1mka: Tyto baterie jsou ur\u010deny v\u00fdhradn\u011b pro LED osv\u011btlovac\u00ed produkty a nem\u011bly by b\u00fdt pou\u017e\u00edv\u00e1ny s \u017e\u00e1rovkami. <\/p>\n<\/div>\n","protected":false},"excerpt":{"rendered":"<p>SureFire SFLFP123: Dob\u00edjec\u00ed 3,2V LiFePO4 baterie pro LED sv\u011btla.<\/p>\n","protected":false},"featured_media":65611,"template":"","meta":{"_acf_changed":false},"product_brand":[11860],"product_cat":[],"product_tag":[],"class_list":{"0":"post-65610","1":"product","2":"type-product","3":"status-publish","4":"has-post-thumbnail","6":"product_brand-surefire","8":"first","9":"instock","10":"taxable","11":"shipping-taxable","12":"product-type-simple"},"acf":[],"_links":{"self":[{"href":"https:\/\/staging.nbg.eu\/cs\/wp-json\/wp\/v2\/product\/65610","targetHints":{"allow":["GET"]}}],"collection":[{"href":"https:\/\/staging.nbg.eu\/cs\/wp-json\/wp\/v2\/product"}],"about":[{"href":"https:\/\/staging.nbg.eu\/cs\/wp-json\/wp\/v2\/types\/product"}],"wp:featuredmedia":[{"embeddable":true,"href":"https:\/\/staging.nbg.eu\/cs\/wp-json\/wp\/v2\/media\/65611"}],"wp:attachment":[{"href":"https:\/\/staging.nbg.eu\/cs\/wp-json\/wp\/v2\/media?parent=65610"}],"wp:term":[{"taxonomy":"product_brand","embeddable":true,"href":"https:\/\/staging.nbg.eu\/cs\/wp-json\/wp\/v2\/product_brand?post=65610"},{"taxonomy":"product_cat","embeddable":true,"href":"https:\/\/staging.nbg.eu\/cs\/wp-json\/wp\/v2\/product_cat?post=65610"},{"taxonomy":"product_tag","embeddable":true,"href":"https:\/\/staging.nbg.eu\/cs\/wp-json\/wp\/v2\/product_tag?post=65610"}],"curies":[{"name":"wp","href":"https:\/\/api.w.org\/{rel}","templated":true}]}}