{"id":65566,"date":"2024-01-23T18:42:27","date_gmt":"2024-01-23T18:42:27","guid":{"rendered":"https:\/\/staging.nbg.eu\/product\/bore-cleaner-1-5-oz\/"},"modified":"2024-09-20T11:29:51","modified_gmt":"2024-09-20T11:29:51","slug":"cistic-hlavne-15-oz","status":"publish","type":"product","link":"https:\/\/staging.nbg.eu\/cs\/produkt\/cistic-hlavne-15-oz\/","title":{"rendered":"\u010cisti\u010d hlavn\u011b 1.5 oz"},"content":{"rendered":"<p>\nIosso \u010disti\u010d hlavn\u011b: Pasta na b\u00e1zi biologick\u00fdch slo\u017eek pro \u010di\u0161t\u011bn\u00ed zbran\u00ed. Odstra\u0148uje m\u011b\u010f, olovo, karbon, zne\u010di\u0161t\u011bn\u00ed a rez bez rozlit\u00ed nebo po\u0161kozen\u00ed. Nekorozivn\u00ed, bez z\u00e1pachu a \u0161etrn\u00fd k \u017eivotn\u00edmu prost\u0159ed\u00ed. Lze pou\u017e\u00edt s kart\u00e1\u010di Eliminator a olejov\u00fdm roztokem pro d\u016fkladn\u00e9 \u010di\u0161t\u011bn\u00ed. \u010cistic\u00ed prost\u0159edek na rostlinn\u00e9 b\u00e1zi pro va\u0161e st\u0159eln\u00e9 zbran\u011b.<\/p>\n","protected":false},"excerpt":{"rendered":"<p>Ekologicky \u0161etrn\u00fd pastov\u00fd \u010disti\u010d na zbran\u011b. Rychle odstra\u0148uje zbytky a ne\u010distoty.<\/p>\n","protected":false},"featured_media":101674,"template":"","meta":{"_acf_changed":false},"product_brand":[11469],"product_cat":[12690,12704],"product_tag":[],"class_list":{"0":"post-65566","1":"product","2":"type-product","3":"status-publish","4":"has-post-thumbnail","6":"product_brand-iosso","7":"product_cat-cisteni-zbrani","8":"product_cat-cistici-prostredky","10":"first","11":"instock","12":"taxable","13":"shipping-taxable","14":"purchasable","15":"product-type-simple"},"acf":[],"_links":{"self":[{"href":"https:\/\/staging.nbg.eu\/cs\/wp-json\/wp\/v2\/product\/65566","targetHints":{"allow":["GET"]}}],"collection":[{"href":"https:\/\/staging.nbg.eu\/cs\/wp-json\/wp\/v2\/product"}],"about":[{"href":"https:\/\/staging.nbg.eu\/cs\/wp-json\/wp\/v2\/types\/product"}],"wp:featuredmedia":[{"embeddable":true,"href":"https:\/\/staging.nbg.eu\/cs\/wp-json\/wp\/v2\/media\/101674"}],"wp:attachment":[{"href":"https:\/\/staging.nbg.eu\/cs\/wp-json\/wp\/v2\/media?parent=65566"}],"wp:term":[{"taxonomy":"product_brand","embeddable":true,"href":"https:\/\/staging.nbg.eu\/cs\/wp-json\/wp\/v2\/product_brand?post=65566"},{"taxonomy":"product_cat","embeddable":true,"href":"https:\/\/staging.nbg.eu\/cs\/wp-json\/wp\/v2\/product_cat?post=65566"},{"taxonomy":"product_tag","embeddable":true,"href":"https:\/\/staging.nbg.eu\/cs\/wp-json\/wp\/v2\/product_tag?post=65566"}],"curies":[{"name":"wp","href":"https:\/\/api.w.org\/{rel}","templated":true}]}}