{"id":65312,"date":"2024-09-19T17:15:31","date_gmt":"2024-09-19T14:15:31","guid":{"rendered":"https:\/\/staging.nbg.eu\/?post_type=product&#038;p=65312"},"modified":"2025-10-20T12:25:38","modified_gmt":"2025-10-20T09:25:38","slug":"rh-owb-classics-pouzdro","status":"publish","type":"product","link":"https:\/\/staging.nbg.eu\/cs\/produkt\/rh-owb-classics-pouzdro\/","title":{"rendered":"RH OWB Classics pouzdro"},"content":{"rendered":"<div class=\"product-description\">\n<h2>Pouzdro RH OWB Classics<\/h2>\n<p>Pouzdro RH OWB Classics je ur\u010deno pro ka\u017edodenn\u00ed no\u0161en\u00ed. Vyrobeno je z k\u016f\u017ee a nab\u00edz\u00ed:<\/p>\n<ul>\n<li>Odolnou konstrukci pro dlouhodob\u00e9 pou\u017eit\u00ed<\/li>\n<li>Pohodln\u00e9 no\u0161en\u00ed po cel\u00fd den<\/li>\n<li>Bezpe\u010dn\u00e9 uchycen\u00ed zbran\u011b<\/li>\n<li>Rychl\u00e9 tasen\u00ed<\/li>\n<li>Klasick\u00fd design<\/li>\n<\/ul>\n<p>Dostupn\u00e9 pro \u0159adu model\u016f pistol\u00ed, pouzdro RH OWB Classics je vhodn\u00e9 pro skryt\u00e9 no\u0161en\u00ed, st\u0159elnici nebo otev\u0159en\u00e9 no\u0161en\u00ed. Pouzdro je obl\u00edben\u00e9 mezi u\u017eivateli st\u0159eln\u00fdch zbran\u00ed.<\/p>\n<\/div>\n","protected":false},"excerpt":{"rendered":"<p>Bezpe\u010dn\u00e9 a pohodln\u00e9 pouzdro na zbra\u0148 pro no\u0161en\u00ed vn\u011b od\u011bvu, ur\u010den\u00e9 pro klasick\u00e9 st\u0159eln\u00e9 zbran\u011b. Odoln\u00fd design.<\/p>\n","protected":false},"featured_media":65444,"template":"","meta":{"_acf_changed":false},"product_brand":[11630],"product_cat":[12663,12701,12650],"product_tag":[],"class_list":{"0":"post-65312","1":"product","2":"type-product","3":"status-publish","4":"has-post-thumbnail","6":"product_brand-rh-holsters","7":"product_cat-pouzdro","8":"product_cat-sportovni-pouzdro","9":"product_cat-takticke-pouzdro","10":"pa_belt-size-40mm-cs","11":"pa_light-streamlight-tlr-1","12":"pa_light-surefire-x300-ultra-a-cs","13":"pa_light-surefire-x300u","14":"pa_light-without-light-cs","15":"pa_model-1911-cs","16":"pa_model-beretta-92fs-cs","17":"pa_model-beretta-92x-cs","18":"pa_model-cz-75-b-cs","19":"pa_model-glock-17-cs","20":"pa_model-glock-19-17","21":"pa_model-glock-19-23-32-cs","22":"pa_model-glock-43x-cs","23":"pa_model-hk45-cs-2","24":"pa_model-sig-sauer-p226-bez-railu-cs","25":"pa_strong-hand-right-cs","27":"first","28":"instock","29":"taxable","30":"shipping-taxable","31":"purchasable","32":"product-type-variable","33":"wvs-archive-product-wrapper"},"acf":[],"_links":{"self":[{"href":"https:\/\/staging.nbg.eu\/cs\/wp-json\/wp\/v2\/product\/65312","targetHints":{"allow":["GET"]}}],"collection":[{"href":"https:\/\/staging.nbg.eu\/cs\/wp-json\/wp\/v2\/product"}],"about":[{"href":"https:\/\/staging.nbg.eu\/cs\/wp-json\/wp\/v2\/types\/product"}],"wp:featuredmedia":[{"embeddable":true,"href":"https:\/\/staging.nbg.eu\/cs\/wp-json\/wp\/v2\/media\/65444"}],"wp:attachment":[{"href":"https:\/\/staging.nbg.eu\/cs\/wp-json\/wp\/v2\/media?parent=65312"}],"wp:term":[{"taxonomy":"product_brand","embeddable":true,"href":"https:\/\/staging.nbg.eu\/cs\/wp-json\/wp\/v2\/product_brand?post=65312"},{"taxonomy":"product_cat","embeddable":true,"href":"https:\/\/staging.nbg.eu\/cs\/wp-json\/wp\/v2\/product_cat?post=65312"},{"taxonomy":"product_tag","embeddable":true,"href":"https:\/\/staging.nbg.eu\/cs\/wp-json\/wp\/v2\/product_tag?post=65312"}],"curies":[{"name":"wp","href":"https:\/\/api.w.org\/{rel}","templated":true}]}}