{"id":63879,"date":"2024-09-18T10:09:26","date_gmt":"2024-09-18T10:09:26","guid":{"rendered":"https:\/\/staging.nbg.eu\/?post_type=product&#038;p=63879"},"modified":"2025-09-30T13:53:35","modified_gmt":"2025-09-30T10:53:35","slug":"vytahovaci-pruzina-nebo-kmr","status":"publish","type":"product","link":"https:\/\/staging.nbg.eu\/cs\/produkt\/vytahovaci-pruzina-nebo-kmr\/","title":{"rendered":"Vytahovac\u00ed pru\u017eina nebo KMR"},"content":{"rendered":"<dl class=\"data-sheet\">\n<dt class=\"name\">Pro zbran\u011b KMR<\/dt>\n<dd class=\"value\">KMR L-02 EMIQ<br \/>\nKMR L-02 EMIQ (OR)<br \/>\nKMR L-02 ORCA DO 2023<br \/>\nKMR L-02 SPECTRA DO 2023<br \/>\nKMR L-02 UMBRA (OR) SR<br \/>\nKMR S-01 LANCE (OR)<br \/>\nKMR S-02 DO 2023<br \/>\nKMR W-02 CUDA (OR)<br \/>\nKMR W-02 UMBRA<br \/>\nKMR W-02 UMBRA (OR)<\/dd>\n<dt class=\"name\">V\u00fdb\u011br podle zbran\u00ed CZ<\/dt>\n<dd class=\"value\">CZ CZECHMATE<br \/>\nCZ SHADOW 1<br \/>\nCZ SHADOW 2<br \/>\nCZ SHADOW 2 (OR)<br \/>\nCZ SP-01<br \/>\nCZ TS<br \/>\nCZ TS 2<\/dd>\n<\/dl>\n","protected":false},"excerpt":{"rendered":"<p>Pro zbran\u011b KMR KMR L-02 EMIQ KMR L-02 EMIQ (OR) KMR L-02 ORCA DO 2023 KMR L-02 SPECTRA DO 2023 KMR L-02 UMBRA (OR) SR KMR S-01 LANCE (OR) KMR S-02 DO 2023 KMR W-02 CUDA (OR) KMR W-02 UMBRA KMR W-02 UMBRA (OR) V\u00fdb\u011br podle zbran\u00ed CZ CZ CZECHMATE CZ SHADOW 1 CZ SHADOW [&#8230;]\n","protected":false},"featured_media":24771,"template":"","meta":{"_acf_changed":false},"product_brand":[],"product_cat":[12661],"product_tag":[],"class_list":{"0":"post-63879","1":"product","2":"type-product","3":"status-publish","4":"has-post-thumbnail","6":"product_cat-kmr-dily","8":"first","9":"instock","10":"taxable","11":"shipping-taxable","12":"product-type-simple"},"acf":[],"_links":{"self":[{"href":"https:\/\/staging.nbg.eu\/cs\/wp-json\/wp\/v2\/product\/63879","targetHints":{"allow":["GET"]}}],"collection":[{"href":"https:\/\/staging.nbg.eu\/cs\/wp-json\/wp\/v2\/product"}],"about":[{"href":"https:\/\/staging.nbg.eu\/cs\/wp-json\/wp\/v2\/types\/product"}],"wp:featuredmedia":[{"embeddable":true,"href":"https:\/\/staging.nbg.eu\/cs\/wp-json\/wp\/v2\/media\/24771"}],"wp:attachment":[{"href":"https:\/\/staging.nbg.eu\/cs\/wp-json\/wp\/v2\/media?parent=63879"}],"wp:term":[{"taxonomy":"product_brand","embeddable":true,"href":"https:\/\/staging.nbg.eu\/cs\/wp-json\/wp\/v2\/product_brand?post=63879"},{"taxonomy":"product_cat","embeddable":true,"href":"https:\/\/staging.nbg.eu\/cs\/wp-json\/wp\/v2\/product_cat?post=63879"},{"taxonomy":"product_tag","embeddable":true,"href":"https:\/\/staging.nbg.eu\/cs\/wp-json\/wp\/v2\/product_tag?post=63879"}],"curies":[{"name":"wp","href":"https:\/\/api.w.org\/{rel}","templated":true}]}}