{"id":63492,"date":"2024-01-23T18:50:53","date_gmt":"2024-09-16T13:20:56","guid":{"rendered":"https:\/\/staging.nbg.eu\/product\/iosso-case-polish\/"},"modified":"2024-09-16T13:21:41","modified_gmt":"2024-09-16T13:21:41","slug":"iosso-lestenka-na-nabojnice","status":"publish","type":"product","link":"https:\/\/staging.nbg.eu\/cs\/produkt\/iosso-lestenka-na-nabojnice\/","title":{"rendered":"Iosso le\u0161t\u011bnka na n\u00e1bojnice"},"content":{"rendered":"<p>\nIosso le\u0161tidlo na n\u00e1bojnice: \u0158e\u0161en\u00ed pro mosazn\u00e9 n\u00e1bojnice\n<\/p>\n<ul>\n<li>\u010cist\u00ed a le\u0161t\u00ed do vysok\u00e9ho lesku<\/li>\n<li>Odstra\u0148uje zne\u010di\u0161t\u011bn\u00ed, zbytky a oxidaci<\/li>\n<li>Zkracuje dobu le\u0161t\u011bn\u00ed<\/li>\n<li>Chr\u00e1n\u00ed p\u0159ed budouc\u00ed oxidac\u00ed<\/li>\n<li>Nov\u00e1 receptura na biologick\u00e9 b\u00e1zi<\/li>\n<li>Bezpe\u010dn\u00e9 pro u\u017eivatele a \u017eivotn\u00ed prost\u0159ed\u00ed<\/li>\n<\/ul>\n<p>Dos\u00e1hn\u011bte \u00fapravy mosazn\u00fdch n\u00e1bojnic jako nov\u00fdch pomoc\u00ed le\u0161tidla Iosso Case Polish. Vhodn\u00e9 pro zne\u010di\u0161t\u011bn\u00e9 nebo p\u0159ed\u010di\u0161t\u011bn\u00e9 n\u00e1bojnice.<\/p>\n","protected":false},"excerpt":{"rendered":"<p>Le\u0161tidlo na n\u00e1bojnice Iosso: Obnovuje mosazn\u00e9 n\u00e1bojnice do z\u00e1\u0159iv\u00e9ho lesku.<\/p>\n","protected":false},"featured_media":102440,"template":"","meta":{"_acf_changed":false},"product_brand":[11469],"product_cat":[12705,12703],"product_tag":[],"class_list":{"0":"post-63492","1":"product","2":"type-product","3":"status-publish","4":"has-post-thumbnail","6":"product_brand-iosso","7":"product_cat-prebijeni","8":"product_cat-priprava-nabojnic","10":"first","11":"instock","12":"taxable","13":"shipping-taxable","14":"purchasable","15":"product-type-variable","16":"wvs-archive-product-wrapper"},"acf":[],"_links":{"self":[{"href":"https:\/\/staging.nbg.eu\/cs\/wp-json\/wp\/v2\/product\/63492","targetHints":{"allow":["GET"]}}],"collection":[{"href":"https:\/\/staging.nbg.eu\/cs\/wp-json\/wp\/v2\/product"}],"about":[{"href":"https:\/\/staging.nbg.eu\/cs\/wp-json\/wp\/v2\/types\/product"}],"wp:featuredmedia":[{"embeddable":true,"href":"https:\/\/staging.nbg.eu\/cs\/wp-json\/wp\/v2\/media\/102440"}],"wp:attachment":[{"href":"https:\/\/staging.nbg.eu\/cs\/wp-json\/wp\/v2\/media?parent=63492"}],"wp:term":[{"taxonomy":"product_brand","embeddable":true,"href":"https:\/\/staging.nbg.eu\/cs\/wp-json\/wp\/v2\/product_brand?post=63492"},{"taxonomy":"product_cat","embeddable":true,"href":"https:\/\/staging.nbg.eu\/cs\/wp-json\/wp\/v2\/product_cat?post=63492"},{"taxonomy":"product_tag","embeddable":true,"href":"https:\/\/staging.nbg.eu\/cs\/wp-json\/wp\/v2\/product_tag?post=63492"}],"curies":[{"name":"wp","href":"https:\/\/api.w.org\/{rel}","templated":true}]}}