{"id":63384,"date":"2024-01-23T19:15:27","date_gmt":"2024-09-16T13:12:25","guid":{"rendered":"https:\/\/staging.nbg.eu\/product\/iosso-cotton-knit-cleaning-patches\/"},"modified":"2024-09-16T13:13:10","modified_gmt":"2024-09-16T13:13:10","slug":"iosso-bavlnene-cistici-zaplaty-z-pleteniny","status":"publish","type":"product","link":"https:\/\/staging.nbg.eu\/cs\/produkt\/iosso-bavlnene-cistici-zaplaty-z-pleteniny\/","title":{"rendered":"Iosso bavln\u011bn\u00e9 \u010distic\u00ed z\u00e1platy z pleteniny"},"content":{"rendered":"<p>\nBavln\u011bn\u00e9 \u010distic\u00ed z\u00e1platy Iosso: 100% bavlna, nezanech\u00e1vaj\u00ed vl\u00e1kna a jsou odoln\u00e9 proti t\u0159epen\u00ed. Pleten\u00e1 l\u00e1tka zachycuje ne\u010distoty l\u00e9pe ne\u017e flanel nebo akryl. Dostupn\u00e9 velikosti:<\/p>\n<ul>\n<li>1-1\/2&#8243;: .22 pu\u0161ka a\u017e .270<\/li>\n<li>2-1\/2&#8243;: .338 a\u017e .357<\/li>\n<li>3&#8243;: brokovnice<\/li>\n<li>6&#8243;: 37-40mm<\/li>\n<\/ul>\n<p>Pleten\u00e1 pik\u00e9 l\u00e1tka zaji\u0161\u0165uje \u00fa\u010dinn\u00e9 \u010di\u0161t\u011bn\u00ed.<\/p>\n","protected":false},"excerpt":{"rendered":"<p>Nepou\u0161t\u011bj\u00edc\u00ed, pleten\u00e9 bavln\u011bn\u00e9 \u010distic\u00ed tampony pro vynikaj\u00edc\u00ed \u010di\u0161t\u011bn\u00ed st\u0159eln\u00fdch zbran\u00ed.<\/p>\n","protected":false},"featured_media":107555,"template":"","meta":{"_acf_changed":false},"product_brand":[11469],"product_cat":[12690,12717],"product_tag":[],"class_list":{"0":"post-63384","1":"product","2":"type-product","3":"status-publish","4":"has-post-thumbnail","6":"product_brand-iosso","7":"product_cat-cisteni-zbrani","8":"product_cat-kartace","10":"first","11":"instock","12":"taxable","13":"shipping-taxable","14":"purchasable","15":"product-type-variable","16":"wvs-archive-product-wrapper"},"acf":[],"_links":{"self":[{"href":"https:\/\/staging.nbg.eu\/cs\/wp-json\/wp\/v2\/product\/63384","targetHints":{"allow":["GET"]}}],"collection":[{"href":"https:\/\/staging.nbg.eu\/cs\/wp-json\/wp\/v2\/product"}],"about":[{"href":"https:\/\/staging.nbg.eu\/cs\/wp-json\/wp\/v2\/types\/product"}],"wp:featuredmedia":[{"embeddable":true,"href":"https:\/\/staging.nbg.eu\/cs\/wp-json\/wp\/v2\/media\/107555"}],"wp:attachment":[{"href":"https:\/\/staging.nbg.eu\/cs\/wp-json\/wp\/v2\/media?parent=63384"}],"wp:term":[{"taxonomy":"product_brand","embeddable":true,"href":"https:\/\/staging.nbg.eu\/cs\/wp-json\/wp\/v2\/product_brand?post=63384"},{"taxonomy":"product_cat","embeddable":true,"href":"https:\/\/staging.nbg.eu\/cs\/wp-json\/wp\/v2\/product_cat?post=63384"},{"taxonomy":"product_tag","embeddable":true,"href":"https:\/\/staging.nbg.eu\/cs\/wp-json\/wp\/v2\/product_tag?post=63384"}],"curies":[{"name":"wp","href":"https:\/\/api.w.org\/{rel}","templated":true}]}}